{"id":1154,"date":"2026-01-21T13:22:25","date_gmt":"2026-01-21T12:22:25","guid":{"rendered":"https:\/\/agilicon.dk\/?page_id=1154"},"modified":"2026-02-28T16:26:15","modified_gmt":"2026-02-28T15:26:15","slug":"spring-dreams","status":"publish","type":"page","link":"https:\/\/agilicon.dk\/en\/spring-dreams\/","title":{"rendered":"Spring Dreams"},"content":{"rendered":"<section class=\"bde-section-1154-100 bde-section\">\n  \n  \n\t\n\n\n\n<div class=\"section-container\"><div class=\"bde-columns-1154-101 bde-columns\"><div class=\"bde-column-1154-102 bde-column\">\n  \n  \n\t\n\n\n\n<h4 class=\"bde-heading-1154-103 bde-heading\">\nDare to dream\n<\/h4><h1 class=\"bde-heading-1154-104 bde-heading\">\nSpring dreams\n<\/h1><div class=\"bde-text-1154-105 bde-text\" data-entrance=\"zoomIn\">\nTilmeldingen er \u00e5ben\n<\/div>\n<\/div><div class=\"bde-column-1154-106 bde-column\">\n              \n  \n  \n\t\n\n  <div class=\"section-background-overlay\"><\/div>\n\n\n<div class=\"bde-image-1154-107 bde-image\">\n<figure class=\"breakdance-image breakdance-image--1158\">\n\t<div class=\"breakdance-image-container\">\n\t\t<div class=\"breakdance-image-clip\"><img loading=\"lazy\" decoding=\"async\" class=\"breakdance-image-object\" src=\"https:\/\/agilicon.dk\/wp-content\/uploads\/2026\/01\/agilicon-pink-white-768x543.png\" width=\"768\" height=\"543\" srcset=\"https:\/\/agilicon.dk\/wp-content\/uploads\/2026\/01\/agilicon-pink-white.png 1191w, https:\/\/agilicon.dk\/wp-content\/uploads\/2026\/01\/agilicon-pink-white-300x212.png 300w, https:\/\/agilicon.dk\/wp-content\/uploads\/2026\/01\/agilicon-pink-white-1024x724.png 1024w, https:\/\/agilicon.dk\/wp-content\/uploads\/2026\/01\/agilicon-pink-white-768x543.png 768w, https:\/\/agilicon.dk\/wp-content\/uploads\/2026\/01\/agilicon-pink-white-18x12.png 18w\" sizes=\"auto, (max-width: 1191px) 100vw, 1191px\"><\/div>\n\t<\/div><\/figure>\n\n<\/div>\n<\/div><\/div><\/div>\n<\/section><section class=\"bde-section-1154-108 bde-section\">\n  \n  \n\t\n\n\n\n<div class=\"section-container\"><h3 class=\"bde-heading-1154-109 bde-heading\">\nInformation om spring dreams\n<\/h3><div class=\"bde-columns-1154-110 bde-columns\"><div class=\"bde-column-1154-111 bde-column\">\n  \n  \n\t\n\n\n\n<div class=\"bde-icon-1154-112 bde-icon\">\n\n    \n            <div class=\"bde-icon-icon breakdance-icon-atom\" >\n    \n                    <svg xmlns=\"http:\/\/www.w3.org\/2000\/svg\" viewbox=\"0 0 640 512\"><!--! Font Awesome Free 6.5.1 by @fontawesome - https:\/\/fontawesome.com License - https:\/\/fontawesome.com\/license\/free (Icons: CC BY 4.0, Fonts: SIL OFL 1.1, Code: MIT License) Copyright 2023 Fonticons, Inc. --><path d=\"M96 128a128 128 0 1 1 256 0A128 128 0 1 1 96 128zM0 482.3C0 383.8 79.8 304 178.3 304h91.4C368.2 304 448 383.8 448 482.3c0 16.4-13.3 29.7-29.7 29.7H29.7C13.3 512 0 498.7 0 482.3zM504 312V248H440c-13.3 0-24-10.7-24-24s10.7-24 24-24h64V136c0-13.3 10.7-24 24-24s24 10.7 24 24v64h64c13.3 0 24 10.7 24 24s-10.7 24-24 24H552v64c0 13.3-10.7 24-24 24s-24-10.7-24-24z\"\/><\/svg>\n        \n        \n        \n            <\/div>\n    \n\n\n<\/div><div class=\"bde-button-1154-113 bde-button bde-preset-167b088d-802e-4da1-a0df-ab18ec245a4b\">\n        \n    \n    \n    \n    \n            \n                    \n            \n            \n\n    \n    \n    \n    \n    \n    <a class=\"breakdance-link button-atom button-atom--custom bde-button__button\" href=\"https:\/\/agilityevents.dk\/event\/31bade1a-d0ae-4505-ba0d-08dd9d575ec6\" target=\"_blank\" data-type=\"url\"  >\n\n    \n        <span class=\"button-atom__text\">Registration<\/span>\n\n        \n        \n                <\/a>\n\n    \n\n\n<\/div>\n<\/div><div class=\"bde-column-1154-114 bde-column\">\n  \n  \n\t\n\n\n\n<div class=\"bde-icon-1154-115 bde-icon\">\n\n    \n            <div class=\"bde-icon-icon breakdance-icon-atom\" >\n    \n                    <svg xmlns=\"http:\/\/www.w3.org\/2000\/svg\" viewbox=\"0 0 576 512\"><!--! Font Awesome Free 6.5.1 by @fontawesome - https:\/\/fontawesome.com License - https:\/\/fontawesome.com\/license\/free (Icons: CC BY 4.0, Fonts: SIL OFL 1.1, Code: MIT License) Copyright 2023 Fonticons, Inc. --><path d=\"M408 120c0 54.6-73.1 151.9-105.2 192c-7.7 9.6-22 9.6-29.6 0C241.1 271.9 168 174.6 168 120C168 53.7 221.7 0 288 0s120 53.7 120 120zm8 80.4c3.5-6.9 6.7-13.8 9.6-20.6c.5-1.2 1-2.5 1.5-3.7l116-46.4C558.9 123.4 576 135 576 152V422.8c0 9.8-6 18.6-15.1 22.3L416 503V200.4zM137.6 138.3c2.4 14.1 7.2 28.3 12.8 41.5c2.9 6.8 6.1 13.7 9.6 20.6V451.8L32.9 502.7C17.1 509 0 497.4 0 480.4V209.6c0-9.8 6-18.6 15.1-22.3l122.6-49zM327.8 332c13.9-17.4 35.7-45.7 56.2-77V504.3L192 449.4V255c20.5 31.3 42.3 59.6 56.2 77c20.5 25.6 59.1 25.6 79.6 0zM288 152a40 40 0 1 0 0-80 40 40 0 1 0 0 80z\"\/><\/svg>\n        \n        \n        \n            <\/div>\n    \n\n\n<\/div><div class=\"bde-button-1154-116 bde-button bde-preset-167b088d-802e-4da1-a0df-ab18ec245a4b\">\n        \n    \n    \n    \n    \n            \n                    \n                  \n    \n            \n\n          \n          \n    \n    \n    \n    \n    <a class=\"breakdance-link button-atom button-atom--custom bde-button__button\" href=\"https:\/\/agilicon.dk\/wp-content\/uploads\/2026\/02\/spring-dreams-map-compressed.jpg\" target=\"_self\" data-type=\"lightbox\"  data-lightbox-id=\"1154-116\" >\n\n    \n        <span class=\"button-atom__text\">Map of the area<\/span>\n\n        \n        \n                <\/a>\n\n    \n\n\n<\/div>\n<\/div><div class=\"bde-column-1154-117 bde-column\">\n  \n  \n\t\n\n\n\n<div class=\"bde-icon-1154-118 bde-icon\">\n\n    \n            <div class=\"bde-icon-icon breakdance-icon-atom\" >\n    \n                    <svg xmlns=\"http:\/\/www.w3.org\/2000\/svg\" viewbox=\"0 0 512 512\"><!--! Font Awesome Free 6.5.1 by @fontawesome - https:\/\/fontawesome.com License - https:\/\/fontawesome.com\/license\/free (Icons: CC BY 4.0, Fonts: SIL OFL 1.1, Code: MIT License) Copyright 2023 Fonticons, Inc. --><path d=\"M512 256C512 114.6 397.4 0 256 0S0 114.6 0 256C0 376 82.7 476.8 194.2 504.5V334.2H141.4V256h52.8V222.3c0-87.1 39.4-127.5 125-127.5c16.2 0 44.2 3.2 55.7 6.4V172c-6-.6-16.5-1-29.6-1c-42 0-58.2 15.9-58.2 57.2V256h83.6l-14.4 78.2H287V510.1C413.8 494.8 512 386.9 512 256h0z\"\/><\/svg>\n        \n        \n        \n            <\/div>\n    \n\n\n<\/div><div class=\"bde-button-1154-119 bde-button bde-preset-167b088d-802e-4da1-a0df-ab18ec245a4b\">\n        \n    \n    \n    \n    \n            \n                    \n            \n            \n\n    \n    \n    \n    \n    \n    <a class=\"breakdance-link button-atom button-atom--custom bde-button__button\" href=\"https:\/\/www.facebook.com\/events\/2312571089252605\" target=\"_blank\" data-type=\"url\"  >\n\n    \n        <span class=\"button-atom__text\">Facebook<\/span>\n\n        \n        \n                <\/a>\n\n    \n\n\n<\/div>\n<\/div><\/div><\/div>\n<\/section><section class=\"bde-section-1154-120 bde-section\">\n  \n  \n\t\n\n\n\n<div class=\"section-container\"><h2 class=\"bde-heading-1154-121 bde-heading\">\nEverything you need to know\n<\/h2><div class=\"bde-columns-1154-122 bde-columns\"><div class=\"bde-column-1154-123 bde-column\">\n  \n  \n\t\n\n\n\n<div class=\"bde-icon-1154-124 bde-icon\">\n\n    \n            <div class=\"bde-icon-icon breakdance-icon-atom\" >\n    \n                    <svg xmlns=\"http:\/\/www.w3.org\/2000\/svg\" viewbox=\"0 0 320 512\"><!--! Font Awesome Free 6.5.1 by @fontawesome - https:\/\/fontawesome.com License - https:\/\/fontawesome.com\/license\/free (Icons: CC BY 4.0, Fonts: SIL OFL 1.1, Code: MIT License) Copyright 2023 Fonticons, Inc. --><path d=\"M80 160c0-35.3 28.7-64 64-64h32c35.3 0 64 28.7 64 64v3.6c0 21.8-11.1 42.1-29.4 53.8l-42.2 27.1c-25.2 16.2-40.4 44.1-40.4 74V320c0 17.7 14.3 32 32 32s32-14.3 32-32v-1.4c0-8.2 4.2-15.8 11-20.2l42.2-27.1c36.6-23.6 58.8-64.1 58.8-107.7V160c0-70.7-57.3-128-128-128H144C73.3 32 16 89.3 16 160c0 17.7 14.3 32 32 32s32-14.3 32-32zm80 320a40 40 0 1 0 0-80 40 40 0 1 0 0 80z\"\/><\/svg>\n        \n        \n        \n            <\/div>\n    \n\n\n<\/div>\n<\/div><div class=\"bde-column-1154-125 bde-column\">\n  \n  \n\t\n\n\n\n<div class=\"bde-icon-box-1154-126 bde-icon-box bde-preset-08082146-3548-4cce-891c-bacfbfee10f7\">\n\n    \n            <div class=\"ee-iconbox-icon breakdance-icon-atom\" >\n    \n                    <svg xmlns=\"http:\/\/www.w3.org\/2000\/svg\" viewbox=\"0 0 320 512\"><!--! Font Awesome Free 6.5.1 by @fontawesome - https:\/\/fontawesome.com License - https:\/\/fontawesome.com\/license\/free (Icons: CC BY 4.0, Fonts: SIL OFL 1.1, Code: MIT License) Copyright 2023 Fonticons, Inc. --><path d=\"M112 48a48 48 0 1 1 96 0 48 48 0 1 1 -96 0zm40 304V480c0 17.7-14.3 32-32 32s-32-14.3-32-32V256.9L59.4 304.5c-9.1 15.1-28.8 20-43.9 10.9s-20-28.8-10.9-43.9l58.3-97c17.4-28.9 48.6-46.6 82.3-46.6h29.7c33.7 0 64.9 17.7 82.3 46.6l58.3 97c9.1 15.1 4.2 34.8-10.9 43.9s-34.8 4.2-43.9-10.9L232 256.9V480c0 17.7-14.3 32-32 32s-32-14.3-32-32V352H152z\"\/><\/svg>\n        \n        \n        \n            <\/div>\n    \n\n<div class=\"ee-iconbox-content\">\n      <p class=\"ee-iconbox-title bde-h3\" >Judges<\/p>\n        <div class=\"ee-iconbox-text\" >Neil Ellis (GB)<br\/>Allan Carlsen (DK)<br\/>Ryan Hennesey (GB)<br\/>Becci Hodson (GB))<br\/><\/div>\n    <\/div>\n\n<\/div>\n<\/div><div class=\"bde-column-1154-127 bde-column\">\n  \n  \n\t\n\n\n\n<div class=\"bde-icon-box-1154-128 bde-icon-box bde-preset-08082146-3548-4cce-891c-bacfbfee10f7\">\n\n    \n            <div class=\"ee-iconbox-icon breakdance-icon-atom\" >\n    \n                    <svg xmlns=\"http:\/\/www.w3.org\/2000\/svg\" id=\"icon-calendar\" viewbox=\"0 0 32 32\">\n<path d=\"M10 12h4v4h-4zM16 12h4v4h-4zM22 12h4v4h-4zM4 24h4v4h-4zM10 24h4v4h-4zM16 24h4v4h-4zM10 18h4v4h-4zM16 18h4v4h-4zM22 18h4v4h-4zM4 18h4v4h-4zM26 0v2h-4v-2h-14v2h-4v-2h-4v32h30v-32h-4zM28 30h-26v-22h26v22z\"\/>\n<\/svg>\n        \n        \n        \n            <\/div>\n    \n\n<div class=\"ee-iconbox-content\">\n      <p class=\"ee-iconbox-title bde-h3\" >Date<\/p>\n        <div class=\"ee-iconbox-text\" >30. maj - 31. maj 2026<\/div>\n    <\/div>\n\n<\/div><div class=\"bde-icon-box-1154-129 bde-icon-box bde-preset-08082146-3548-4cce-891c-bacfbfee10f7\">\n\n    \n            <div class=\"ee-iconbox-icon breakdance-icon-atom\" >\n    \n                    <svg xmlns=\"http:\/\/www.w3.org\/2000\/svg\" viewbox=\"0 0 384 512\"><!--! Font Awesome Free 6.5.1 by @fontawesome - https:\/\/fontawesome.com License - https:\/\/fontawesome.com\/license\/free (Icons: CC BY 4.0, Fonts: SIL OFL 1.1, Code: MIT License) Copyright 2023 Fonticons, Inc. --><path d=\"M215.7 499.2C267 435 384 279.4 384 192C384 86 298 0 192 0S0 86 0 192c0 87.4 117 243 168.3 307.2c12.3 15.3 35.1 15.3 47.4 0zM192 128a64 64 0 1 1 0 128 64 64 0 1 1 0-128z\"\/><\/svg>\n        \n        \n        \n            <\/div>\n    \n\n<div class=\"ee-iconbox-content\">\n      <p class=\"ee-iconbox-title bde-h3\" >Location<\/p>\n        <div class=\"ee-iconbox-text\" >Darupvej 50<br\/> 4000 Roskilde<br\/>Sealand<\/div>\n    <\/div>\n\n<\/div>\n<\/div><\/div><\/div>\n<\/section><section class=\"bde-section-1154-130 bde-section bde-preset-67ddba91-5b1d-4861-9176-aa570b17a72f\">\n  \n  \n\t\n\n\n\n<div class=\"section-container\"><div class=\"bde-accordion-1154-131 bde-accordion bde-accordion--pills\"><div class=\"bde-accordion__content-wrapper-1154-132 bde-accordion__content-wrapper\">\n<h3 class=\"bde-accordion__title-tag\">\n  <button type=\"button\" class=\"bde-accordion__button\" id=\"accordion-button-132\" aria-controls=\"accordion-panel-132\" aria-expanded=\"false\">\n     <span class=\"bde-accordion__title\" >Practical Information<\/span>\n     <span class=\"bde-accordion__icon bde-accordion__icon--default\"><\/span>\n     <span class=\"bde-accordion__icon bde-accordion__icon--active\"><\/span>\n  <\/button>\n<\/h3>\n\n<div role=\"region\" class=\"bde-accordion__panel\" id=\"accordion-panel-132\" aria-labelledby=\"accordion-button-132\">\n    <div class=\"bde-accordion__panel-content\">\n        <div class=\"bde-rich-text-1154-133 bde-rich-text breakdance-rich-text-styles\">\n<h3>Address<\/h3>\n<p>Darupvej 50, 4000 Roskilde<\/p>\n<h3>Parking<\/h3>\n<p>There are good parking options close to the area for both campers and visitors. Upon arrival, you will be guided by parking attendants who will point you to available spaces. It is not permitted to drive cars into the camping area itself. Several of the parking spaces are located in shady areas under large trees, which makes it possible for dogs to stay in the cars in a comfortable temperature.<\/p>\n<h3>Tents at the rings:<\/h3>\n<p>Der bliver mulighed for at ops\u00e6tte telte omkring konkurrenceringene, og der er rigeligt med plads til alle. Vi \u00e5bner for teltops\u00e6tning fredag kl. 18.00, hvor man kan komme i et stille og roligt tempo.<\/p>\n<h3>Toiletter &amp; Bad:<\/h3>\n<p>The toilets are centrally located close to both the rings and the camping area, so they are easily accessible to everyone. The bathing facilities are located near the clubhouse.<\/p>\n<h3>Catering:<\/h3>\n<p>Der vil v\u00e6re mulighed for at k\u00f8be frokostretter hver dag.<\/p>\n<\/div>\n    <\/div>\n<\/div>\n\n\n\n<\/div><div class=\"bde-accordion__content-wrapper-1154-134 bde-accordion__content-wrapper\">\n<h3 class=\"bde-accordion__title-tag\">\n  <button type=\"button\" class=\"bde-accordion__button\" id=\"accordion-button-134\" aria-controls=\"accordion-panel-134\" aria-expanded=\"false\">\n     <span class=\"bde-accordion__title\" >Registration &amp; Competition Information<\/span>\n     <span class=\"bde-accordion__icon bde-accordion__icon--default\"><\/span>\n     <span class=\"bde-accordion__icon bde-accordion__icon--active\"><\/span>\n  <\/button>\n<\/h3>\n\n<div role=\"region\" class=\"bde-accordion__panel\" id=\"accordion-panel-134\" aria-labelledby=\"accordion-button-134\">\n    <div class=\"bde-accordion__panel-content\">\n        <div class=\"bde-rich-text-1154-135 bde-rich-text breakdance-rich-text-styles\">\n<h3>Event registration:<\/h3>\n<p>Tilmeldingen foreg\u00e5r via agilityevents.dk og er \u00e5ben Den holder \u00e5bent frem til den 30. april kl. 23.59. Betalingen bliver f\u00f8rst trukket s\u00f8ndag, n\u00e5r st\u00e6vnet slutter, men bel\u00f8bet vil v\u00e6re reserveret indtil da.<\/p>\n<h3>Judges' schedule:<\/h3>\n<p>Saturday:<br \/>Ring 1: SP1A - SP2B - AG3A (CaciAG) - AG2B - Ryan Hennesey<br \/>Ring 2: SP3A - SP1B - AG2A - AG1B - Neil Ellis\/Allan Carlsen<br \/>Ring 3: SP2A - SP3B - AG1A - AG3B . Becci Hodson<\/p>\n<p>Sunday:<br \/>Ring 1: AG1A - AG2B - SP3A - SP2B - Ryan Hennesey<br \/>Ring 2: Team Relay - AG3A - AG1B . SP2A - SP1B - Becci Hodson<br \/>Ring 3: AG2A - AG3B - SP1A - SP3B - Neil Ellis\/Allan Carlsen<\/p>\n<h3>Junior class:<\/h3>\n<p>The junior class is available in class 1. The handler must be at least 8 yers old, and no more than 18 years old in 2026 to participate. A dog can run a maximum of six classes per day, and dogs participating in the junior class are also welcome to compete in the regular classes.<\/p>\n<h3>Senior class:<\/h3>\n<p>For all class 2 classes, it will be possible to register a senior dog. They run at class 2 level. Here it is the dog's age that counts. The dog must be 7 years old at the start of the event. It is not possible for a dog to participate in both senior and normal races during the same event.\u00a0<\/p>\n<p>Especially in senior classes, there are several types of obstacles that are not included on the course, and the jump height is also reduced.<br \/>Small: 20 cm.<br \/>Medium: 30 cm.<br \/>Intermediate og Large: 40 cm.\u00a0<\/p>\n<\/div>\n    <\/div>\n<\/div>\n\n\n\n<\/div><div class=\"bde-accordion__content-wrapper-1154-136 bde-accordion__content-wrapper\">\n<h3 class=\"bde-accordion__title-tag\">\n  <button type=\"button\" class=\"bde-accordion__button\" id=\"accordion-button-136\" aria-controls=\"accordion-panel-136\" aria-expanded=\"false\">\n     <span class=\"bde-accordion__title\" >Camping &amp; Accommodation Options<\/span>\n     <span class=\"bde-accordion__icon bde-accordion__icon--default\"><\/span>\n     <span class=\"bde-accordion__icon bde-accordion__icon--active\"><\/span>\n  <\/button>\n<\/h3>\n\n<div role=\"region\" class=\"bde-accordion__panel\" id=\"accordion-panel-136\" aria-labelledby=\"accordion-button-136\">\n    <div class=\"bde-accordion__panel-content\">\n        <div class=\"bde-rich-text-1154-137 bde-rich-text breakdance-rich-text-styles\">\n<h3>Camping:<\/h3>\n<p>Campingperioden l\u00f8ber fra den 29. maj til den 31. maj 2026. <br \/>Hver campingplads er 9 \u00d7 10 meter og inkluderer str\u00f8m. <br \/>Prisen er\u00a0 maks 450 kr. pr. enhed, uanset om man kommer med telt eller campingvogn. D<br \/>er er i alt 200 pladser til r\u00e5dighed.<br \/><br \/>Tilmeldingen \u00e5bner den 28. februar kl. 16.00 og frem til 30. april kl. 23.55<br \/><br \/>Efter din tilmelding vil du modtage en bekr\u00e6ftelses mail p\u00e5 din reservation. Bem\u00e6rk at betaling ikke skal ske ved tilmelding, men du er stadig sikret din plads. N\u00e6rmere information omkring betaling kommer i s\u00e6rskilt mail senere.<\/p>\n<h3><strong>Accommodation options nearby:<\/strong><\/h3>\n<ul>\n<li>Scandic Roskilde \u2013 10 min<\/li>\n<li>Comwell Roskilde \u2013 10 min<\/li>\n<li>Taastrup Park Hotel \u2013 14 km<\/li>\n<li>Idr\u00e6ttens Hus Hotel og Konference \u2013 22 km<\/li>\n<li>Many AirBnB and B&amp;B options where dogs are allowed.<\/li>\n<\/ul>\n<\/div>\n    <\/div>\n<\/div>\n\n\n\n<\/div>\r\n\r\n<\/div><\/div>\n<\/section><section class=\"bde-section-1154-138 bde-section\">\n  \n  \n\t\n\n\n\n<div class=\"section-container\"><ul class=\"bde-basic-list-1154-139 bde-basic-list\">\n<\/ul><h4 class=\"bde-heading-1154-140 bde-heading\">\nContact and questions\n<\/h4><div class=\"bde-rich-text-1154-141 bde-rich-text breakdance-rich-text-styles\">\n<p>Har du sp\u00f8rgsm\u00e5l eller bare brug for at f\u00e5 fat i os vedr\u00f8rende Spring Dreams, send os en e-mail til:<\/p>\n<p><a href=\"mailto:info@agilicon.dk\">info@agilicon.dk<\/a><\/p>\n<p data-start=\"610\" data-end=\"739\"><br \/>Tilmelding til camping \u00e5bner herunder om ..\u00a0<strong data-start=\"639\" data-end=\"663\"><br \/><\/strong><\/p>\n<\/div><style>@media (max-width:767px){.breakdance .bde-countdown-timer-1154-142 .bde-countdown-timer__wrap{justify-content:center}.breakdance .bde-countdown-timer-1154-142 .bde-countdown-timer__separator{display:none}}<\/style><\/div>\n<\/section>","protected":false},"excerpt":{"rendered":"<p>Dare to dream Spring dreams Tilmeldingen er \u00e5ben Information om spring dreams Tilmelding Kort over omr\u00e5det Facebook Alt du skal vide Dommere Neil Ellis (GB)Allan Carlsen (DK)Ryan Hennesey (GB)Becci Hodson (GB)) Dato 30. maj &#8211; 31. maj 2026 Sted Darupvej 50 4000 RoskildeSj\u00e6lland Praktisk Information Adresse: Darupvej 50, 4000 Roskilde Parkering: Der er gode parkeringsmuligheder [&hellip;]<\/p>\n","protected":false},"author":3,"featured_media":1247,"parent":0,"menu_order":0,"comment_status":"closed","ping_status":"closed","template":"","meta":{"nf_dc_page":"","_breakdance_hide_in_design_set":false,"_breakdance_tags":"","footnotes":""},"class_list":["post-1154","page","type-page","status-publish","has-post-thumbnail","hentry"],"_links":{"self":[{"href":"https:\/\/agilicon.dk\/en\/wp-json\/wp\/v2\/pages\/1154","targetHints":{"allow":["GET"]}}],"collection":[{"href":"https:\/\/agilicon.dk\/en\/wp-json\/wp\/v2\/pages"}],"about":[{"href":"https:\/\/agilicon.dk\/en\/wp-json\/wp\/v2\/types\/page"}],"author":[{"embeddable":true,"href":"https:\/\/agilicon.dk\/en\/wp-json\/wp\/v2\/users\/3"}],"replies":[{"embeddable":true,"href":"https:\/\/agilicon.dk\/en\/wp-json\/wp\/v2\/comments?post=1154"}],"version-history":[{"count":20,"href":"https:\/\/agilicon.dk\/en\/wp-json\/wp\/v2\/pages\/1154\/revisions"}],"predecessor-version":[{"id":1248,"href":"https:\/\/agilicon.dk\/en\/wp-json\/wp\/v2\/pages\/1154\/revisions\/1248"}],"wp:featuredmedia":[{"embeddable":true,"href":"https:\/\/agilicon.dk\/en\/wp-json\/wp\/v2\/media\/1247"}],"wp:attachment":[{"href":"https:\/\/agilicon.dk\/en\/wp-json\/wp\/v2\/media?parent=1154"}],"curies":[{"name":"wp","href":"https:\/\/api.w.org\/{rel}","templated":true}]}}