{"id":219,"date":"2025-01-30T20:51:16","date_gmt":"2025-01-30T20:51:16","guid":{"rendered":"https:\/\/agilicon.dk\/?page_id=219"},"modified":"2026-04-23T10:57:27","modified_gmt":"2026-04-23T08:57:27","slug":"summer-grand-slam","status":"publish","type":"page","link":"https:\/\/agilicon.dk\/en\/summer-grand-slam\/","title":{"rendered":"Summer Grand Slam"},"content":{"rendered":"<section class=\"bde-section-219-179 bde-section\">\n  \n  \n\t\n\n\n\n<div class=\"section-container\"><div class=\"bde-columns-219-180 bde-columns\"><div class=\"bde-column-219-181 bde-column\">\n  \n  \n\t\n\n\n\n<h4 class=\"bde-heading-219-182 bde-heading\">\nIt's going to be grand\n<\/h4><h1 class=\"bde-heading-219-183 bde-heading\">\nSummer<br\/>Grand Slam\n<\/h1><div class=\"bde-text-219-250 bde-text\" data-entrance=\"zoomIn\">\nRegistration opens February 1, 2026.\n<\/div>\n<\/div><div class=\"bde-column-219-184 bde-column\">\n              \n  \n  \n\t\n\n  <div class=\"section-background-overlay\"><\/div>\n\n\n<div class=\"bde-image-219-185 bde-image\">\n<figure class=\"breakdance-image breakdance-image--1046\">\n\t<div class=\"breakdance-image-container\">\n\t\t<div class=\"breakdance-image-clip\"><img loading=\"lazy\" decoding=\"async\" class=\"breakdance-image-object\" src=\"https:\/\/agilicon.dk\/wp-content\/uploads\/2026\/01\/SoMe_JouinUs_SummerGrandSlam_1080px1350px-scaled-e1768247672917-768x659.jpg\" width=\"768\" height=\"659\" srcset=\"https:\/\/agilicon.dk\/wp-content\/uploads\/2026\/01\/SoMe_JouinUs_SummerGrandSlam_1080px1350px-scaled-e1768247672917.jpg 2048w, https:\/\/agilicon.dk\/wp-content\/uploads\/2026\/01\/SoMe_JouinUs_SummerGrandSlam_1080px1350px-scaled-e1768247672917-300x258.jpg 300w, https:\/\/agilicon.dk\/wp-content\/uploads\/2026\/01\/SoMe_JouinUs_SummerGrandSlam_1080px1350px-scaled-e1768247672917-1024x879.jpg 1024w, https:\/\/agilicon.dk\/wp-content\/uploads\/2026\/01\/SoMe_JouinUs_SummerGrandSlam_1080px1350px-scaled-e1768247672917-768x659.jpg 768w, https:\/\/agilicon.dk\/wp-content\/uploads\/2026\/01\/SoMe_JouinUs_SummerGrandSlam_1080px1350px-scaled-e1768247672917-1536x1319.jpg 1536w, https:\/\/agilicon.dk\/wp-content\/uploads\/2026\/01\/SoMe_JouinUs_SummerGrandSlam_1080px1350px-scaled-e1768247672917-14x12.jpg 14w, https:\/\/agilicon.dk\/wp-content\/uploads\/2026\/01\/SoMe_JouinUs_SummerGrandSlam_1080px1350px-scaled-e1768247672917-1320x1133.jpg 1320w\" sizes=\"auto, (max-width: 2048px) 100vw, 2048px\"><\/div>\n\t<\/div><\/figure>\n\n<\/div>\n<\/div><\/div><\/div>\n<\/section><section class=\"bde-section-219-122 bde-section\">\n  \n  \n\t\n\n\n\n<div class=\"section-container\"><h3 class=\"bde-heading-219-123 bde-heading\">\nInformation about the summer grand slam\n<\/h3><div class=\"bde-columns-219-137 bde-columns\"><div class=\"bde-column-219-216 bde-column\">\n  \n  \n\t\n\n\n\n<div class=\"bde-icon-219-217 bde-icon\">\n\n    \n            <div class=\"bde-icon-icon breakdance-icon-atom\" >\n    \n                    <svg xmlns=\"http:\/\/www.w3.org\/2000\/svg\" viewbox=\"0 0 640 512\"><!--! Font Awesome Free 6.5.1 by @fontawesome - https:\/\/fontawesome.com License - https:\/\/fontawesome.com\/license\/free (Icons: CC BY 4.0, Fonts: SIL OFL 1.1, Code: MIT License) Copyright 2023 Fonticons, Inc. --><path d=\"M96 128a128 128 0 1 1 256 0A128 128 0 1 1 96 128zM0 482.3C0 383.8 79.8 304 178.3 304h91.4C368.2 304 448 383.8 448 482.3c0 16.4-13.3 29.7-29.7 29.7H29.7C13.3 512 0 498.7 0 482.3zM504 312V248H440c-13.3 0-24-10.7-24-24s10.7-24 24-24h64V136c0-13.3 10.7-24 24-24s24 10.7 24 24v64h64c13.3 0 24 10.7 24 24s-10.7 24-24 24H552v64c0 13.3-10.7 24-24 24s-24-10.7-24-24z\"\/><\/svg>\n        \n        \n        \n            <\/div>\n    \n\n\n<\/div><div class=\"bde-button-219-218 bde-button bde-preset-bfbd2897-59c9-4844-a4b0-7e2e5067bc8a\">\n        \n    \n    \n    \n    \n            \n                    \n            \n            \n\n    \n    \n    \n    \n    \n    <a class=\"breakdance-link button-atom button-atom--custom bde-button__button\" href=\"https:\/\/agilityevents.dk\/event\/e17948a5-4e34-4fd0-639d-08dd89a53fa0\" target=\"_blank\" data-type=\"url\"  >\n\n    \n        <span class=\"button-atom__text\">Registration<\/span>\n\n        \n        \n                <\/a>\n\n    \n\n\n<\/div>\n<\/div><div class=\"bde-column-219-219 bde-column\">\n  \n  \n\t\n\n\n\n<div class=\"bde-icon-219-220 bde-icon\">\n\n    \n            <div class=\"bde-icon-icon breakdance-icon-atom\" >\n    \n                    <svg xmlns=\"http:\/\/www.w3.org\/2000\/svg\" viewbox=\"0 0 576 512\"><!--! Font Awesome Free 6.5.1 by @fontawesome - https:\/\/fontawesome.com License - https:\/\/fontawesome.com\/license\/free (Icons: CC BY 4.0, Fonts: SIL OFL 1.1, Code: MIT License) Copyright 2023 Fonticons, Inc. --><path d=\"M408 120c0 54.6-73.1 151.9-105.2 192c-7.7 9.6-22 9.6-29.6 0C241.1 271.9 168 174.6 168 120C168 53.7 221.7 0 288 0s120 53.7 120 120zm8 80.4c3.5-6.9 6.7-13.8 9.6-20.6c.5-1.2 1-2.5 1.5-3.7l116-46.4C558.9 123.4 576 135 576 152V422.8c0 9.8-6 18.6-15.1 22.3L416 503V200.4zM137.6 138.3c2.4 14.1 7.2 28.3 12.8 41.5c2.9 6.8 6.1 13.7 9.6 20.6V451.8L32.9 502.7C17.1 509 0 497.4 0 480.4V209.6c0-9.8 6-18.6 15.1-22.3l122.6-49zM327.8 332c13.9-17.4 35.7-45.7 56.2-77V504.3L192 449.4V255c20.5 31.3 42.3 59.6 56.2 77c20.5 25.6 59.1 25.6 79.6 0zM288 152a40 40 0 1 0 0-80 40 40 0 1 0 0 80z\"\/><\/svg>\n        \n        \n        \n            <\/div>\n    \n\n\n<\/div><div class=\"bde-button-219-221 bde-button bde-preset-bfbd2897-59c9-4844-a4b0-7e2e5067bc8a\">\n        \n    \n    \n    \n    \n            \n                    \n                  \n    \n            \n\n          \n          \n    \n    \n    \n    \n    <a class=\"breakdance-link button-atom button-atom--custom bde-button__button\" href=\"https:\/\/agilicon.dk\/wp-content\/uploads\/2026\/01\/SoMe_EventMap_FINAL_SummerGrandSlam_1080px1350px-scaled.jpg\" target=\"_self\" data-type=\"lightbox\"  data-lightbox-id=\"219-221\" >\n\n    \n        <span class=\"button-atom__text\">Map of the area<\/span>\n\n        \n        \n                <\/a>\n\n    \n\n\n<\/div>\n<\/div><div class=\"bde-column-219-213 bde-column\">\n  \n  \n\t\n\n\n\n<div class=\"bde-icon-219-214 bde-icon\">\n\n    \n            <div class=\"bde-icon-icon breakdance-icon-atom\" >\n    \n                    <svg xmlns=\"http:\/\/www.w3.org\/2000\/svg\" viewbox=\"0 0 512 512\"><!--! Font Awesome Free 6.5.1 by @fontawesome - https:\/\/fontawesome.com License - https:\/\/fontawesome.com\/license\/free (Icons: CC BY 4.0, Fonts: SIL OFL 1.1, Code: MIT License) Copyright 2023 Fonticons, Inc. --><path d=\"M512 256C512 114.6 397.4 0 256 0S0 114.6 0 256C0 376 82.7 476.8 194.2 504.5V334.2H141.4V256h52.8V222.3c0-87.1 39.4-127.5 125-127.5c16.2 0 44.2 3.2 55.7 6.4V172c-6-.6-16.5-1-29.6-1c-42 0-58.2 15.9-58.2 57.2V256h83.6l-14.4 78.2H287V510.1C413.8 494.8 512 386.9 512 256h0z\"\/><\/svg>\n        \n        \n        \n            <\/div>\n    \n\n\n<\/div><div class=\"bde-button-219-215 bde-button bde-preset-bfbd2897-59c9-4844-a4b0-7e2e5067bc8a\">\n        \n    \n    \n    \n    \n            \n                    \n            \n            \n\n    \n    \n    \n    \n    \n    <a class=\"breakdance-link button-atom button-atom--custom bde-button__button\" href=\"https:\/\/fb.me\/e\/3f24blbOz\" target=\"_blank\" data-type=\"url\"  >\n\n    \n        <span class=\"button-atom__text\">Facebook<\/span>\n\n        \n        \n                <\/a>\n\n    \n\n\n<\/div>\n<\/div><\/div><\/div>\n<\/section><section class=\"bde-section-219-187 bde-section\">\n  \n  \n\t\n\n\n\n<div class=\"section-container\"><h2 class=\"bde-heading-219-188 bde-heading\">\nEverything you need to know\n<\/h2><div class=\"bde-columns-219-189 bde-columns\"><div class=\"bde-column-219-190 bde-column\">\n  \n  \n\t\n\n\n\n<div class=\"bde-icon-219-191 bde-icon\">\n\n    \n            <div class=\"bde-icon-icon breakdance-icon-atom\" >\n    \n                    <svg xmlns=\"http:\/\/www.w3.org\/2000\/svg\" viewbox=\"0 0 320 512\"><!--! Font Awesome Free 6.5.1 by @fontawesome - https:\/\/fontawesome.com License - https:\/\/fontawesome.com\/license\/free (Icons: CC BY 4.0, Fonts: SIL OFL 1.1, Code: MIT License) Copyright 2023 Fonticons, Inc. --><path d=\"M80 160c0-35.3 28.7-64 64-64h32c35.3 0 64 28.7 64 64v3.6c0 21.8-11.1 42.1-29.4 53.8l-42.2 27.1c-25.2 16.2-40.4 44.1-40.4 74V320c0 17.7 14.3 32 32 32s32-14.3 32-32v-1.4c0-8.2 4.2-15.8 11-20.2l42.2-27.1c36.6-23.6 58.8-64.1 58.8-107.7V160c0-70.7-57.3-128-128-128H144C73.3 32 16 89.3 16 160c0 17.7 14.3 32 32 32s32-14.3 32-32zm80 320a40 40 0 1 0 0-80 40 40 0 1 0 0 80z\"\/><\/svg>\n        \n        \n        \n            <\/div>\n    \n\n\n<\/div>\n<\/div><div class=\"bde-column-219-192 bde-column\">\n  \n  \n\t\n\n\n\n<div class=\"bde-icon-box-219-193 bde-icon-box bde-preset-19931b75-a686-4d8c-b946-96c0a0a55976\">\n\n    \n            <div class=\"ee-iconbox-icon breakdance-icon-atom\" >\n    \n                    <svg xmlns=\"http:\/\/www.w3.org\/2000\/svg\" viewbox=\"0 0 320 512\"><!--! Font Awesome Free 6.5.1 by @fontawesome - https:\/\/fontawesome.com License - https:\/\/fontawesome.com\/license\/free (Icons: CC BY 4.0, Fonts: SIL OFL 1.1, Code: MIT License) Copyright 2023 Fonticons, Inc. --><path d=\"M112 48a48 48 0 1 1 96 0 48 48 0 1 1 -96 0zm40 304V480c0 17.7-14.3 32-32 32s-32-14.3-32-32V256.9L59.4 304.5c-9.1 15.1-28.8 20-43.9 10.9s-20-28.8-10.9-43.9l58.3-97c17.4-28.9 48.6-46.6 82.3-46.6h29.7c33.7 0 64.9 17.7 82.3 46.6l58.3 97c9.1 15.1 4.2 34.8-10.9 43.9s-34.8 4.2-43.9-10.9L232 256.9V480c0 17.7-14.3 32-32 32s-32-14.3-32-32V352H152z\"\/><\/svg>\n        \n        \n        \n            <\/div>\n    \n\n<div class=\"ee-iconbox-content\">\n      <p class=\"ee-iconbox-title bde-h3\" >Judges<\/p>\n        <div class=\"ee-iconbox-text\" >Kate Thomson (GB)<br\/>Anita Szil\u00e1gyi (HU)<br\/> Simon Brenca (CH)<br\/>Aneta Obrusnikova (CZ)<br\/>Bonnik Berthelsen (DK)<br\/>Cecilia Klingberg (SE)<br\/>Esther Jakobsen (NO))<br\/>Marko M\u00e4kel\u00e4 (FI)<br\/>Michiel Lazeroms (NL)<br\/>Petra Patcha (SE)<br\/>Thora Van Der Stock (BE)<br\/>Tom Mercebach (DK)<\/div>\n    <\/div>\n\n<\/div>\n<\/div><div class=\"bde-column-219-195 bde-column\">\n  \n  \n\t\n\n\n\n<div class=\"bde-icon-box-219-196 bde-icon-box bde-preset-19931b75-a686-4d8c-b946-96c0a0a55976\">\n\n    \n            <div class=\"ee-iconbox-icon breakdance-icon-atom\" >\n    \n                    <svg xmlns=\"http:\/\/www.w3.org\/2000\/svg\" id=\"icon-calendar\" viewbox=\"0 0 32 32\">\n<path d=\"M10 12h4v4h-4zM16 12h4v4h-4zM22 12h4v4h-4zM4 24h4v4h-4zM10 24h4v4h-4zM16 24h4v4h-4zM10 18h4v4h-4zM16 18h4v4h-4zM22 18h4v4h-4zM4 18h4v4h-4zM26 0v2h-4v-2h-14v2h-4v-2h-4v32h30v-32h-4zM28 30h-26v-22h26v22z\"\/>\n<\/svg>\n        \n        \n        \n            <\/div>\n    \n\n<div class=\"ee-iconbox-content\">\n      <p class=\"ee-iconbox-title bde-h3\" >Date<\/p>\n        <div class=\"ee-iconbox-text\" >July 29th - August 2nd, 2026<\/div>\n    <\/div>\n\n<\/div><div class=\"bde-icon-box-219-197 bde-icon-box bde-preset-19931b75-a686-4d8c-b946-96c0a0a55976\">\n\n    \n            <div class=\"ee-iconbox-icon breakdance-icon-atom\" >\n    \n                    <svg xmlns=\"http:\/\/www.w3.org\/2000\/svg\" viewbox=\"0 0 384 512\"><!--! Font Awesome Free 6.5.1 by @fontawesome - https:\/\/fontawesome.com License - https:\/\/fontawesome.com\/license\/free (Icons: CC BY 4.0, Fonts: SIL OFL 1.1, Code: MIT License) Copyright 2023 Fonticons, Inc. --><path d=\"M215.7 499.2C267 435 384 279.4 384 192C384 86 298 0 192 0S0 86 0 192c0 87.4 117 243 168.3 307.2c12.3 15.3 35.1 15.3 47.4 0zM192 128a64 64 0 1 1 0 128 64 64 0 1 1 0-128z\"\/><\/svg>\n        \n        \n        \n            <\/div>\n    \n\n<div class=\"ee-iconbox-content\">\n      <p class=\"ee-iconbox-title bde-h3\" >Location<\/p>\n        <div class=\"ee-iconbox-text\" >Darupvej 50<br\/> 4000 Roskilde<br\/>Sealand<\/div>\n    <\/div>\n\n<\/div>\n<\/div><\/div><\/div>\n<\/section><section class=\"bde-section-219-265 bde-section bde-preset-67ddba91-5b1d-4861-9176-aa570b17a72f\">\n  \n  \n\t\n\n\n\n<div class=\"section-container\"><div class=\"bde-accordion-219-266 bde-accordion bde-accordion--pills\"><div class=\"bde-accordion__content-wrapper-219-267 bde-accordion__content-wrapper bde-preset-a76947e7-a251-4563-bff2-0b67c50b3650\">\n<h3 class=\"bde-accordion__title-tag\">\n  <button type=\"button\" class=\"bde-accordion__button\" id=\"accordion-button-267\" aria-controls=\"accordion-panel-267\" aria-expanded=\"false\">\n     <span class=\"bde-accordion__title\" >Practical Information<\/span>\n     <span class=\"bde-accordion__icon bde-accordion__icon--default\"><\/span>\n     <span class=\"bde-accordion__icon bde-accordion__icon--active\"><\/span>\n  <\/button>\n<\/h3>\n\n<div role=\"region\" class=\"bde-accordion__panel\" id=\"accordion-panel-267\" aria-labelledby=\"accordion-button-267\">\n    <div class=\"bde-accordion__panel-content\">\n        <div class=\"bde-rich-text-219-268 bde-rich-text breakdance-rich-text-styles\">\n<h3>Adresse<\/h3>\n<p>Darupvej 50, 4000 Roskilde<\/p>\n<h3>Parking<\/h3>\n<p>There are good parking options close to the area for both campers and visitors. Upon arrival, you will be guided by parking attendants who will show you available spaces. It is not allowed to drive cars into the camping area itself. Several of the parking spaces are located in shady areas under large trees, which makes it possible for dogs to stay in the cars in a comfortable temperature.<\/p>\n<h3>Tents at the rings:<\/h3>\n<p>There will be an opportunity to set up tents around the competition rings, and there is plenty of room for everyone. We open for tent pitching on Tuesday at 4:00 PM, where you can come at a leisurely pace.<\/p>\n<h3>Toilet &amp; Bath:<\/h3>\n<p>The toilets are centrally located close to both the rings and the camping area, so they are easily accessible to everyone. The bathing facilities are located near the clubhouse.<\/p>\n<h3>Catering:<\/h3>\n<p>Lunch will be available for purchase each day, and beer and drinks will be served during the prize ceremony. Menu information will follow later. There will also be a community dinner on Thursday evening, details of which will be announced as soon as they are ready.<\/p>\n<\/div>\n    <\/div>\n<\/div>\n\n\n\n<\/div><div class=\"bde-accordion__content-wrapper-219-269 bde-accordion__content-wrapper\">\n<h3 class=\"bde-accordion__title-tag\">\n  <button type=\"button\" class=\"bde-accordion__button\" id=\"accordion-button-269\" aria-controls=\"accordion-panel-269\" aria-expanded=\"false\">\n     <span class=\"bde-accordion__title\" >Registration &amp; Competition Information<\/span>\n     <span class=\"bde-accordion__icon bde-accordion__icon--default\"><\/span>\n     <span class=\"bde-accordion__icon bde-accordion__icon--active\"><\/span>\n  <\/button>\n<\/h3>\n\n<div role=\"region\" class=\"bde-accordion__panel\" id=\"accordion-panel-269\" aria-labelledby=\"accordion-button-269\">\n    <div class=\"bde-accordion__panel-content\">\n        <div class=\"bde-rich-text-219-270 bde-rich-text breakdance-rich-text-styles\">\n<h3>Registration for the event:<\/h3>\n<p>Registration takes place via agilityevents.dk and opens on February 1st at 7:00 PM. It will remain open until May 31st at 11:59 PM. Payment will not be done until the week before the event, but the amount will be reserved until then.<\/p>\n<h3>Judges' schedule:<\/h3>\n<p>Will be published when ready.<\/p>\n<h3>Beginner class:<\/h3>\n<p>The beginner class is held on Friday, which is the rest day of the event. The class is for dogs that have not yet achieved results in class 1, and the dogs must be at least 18 months old. At agility events, the teams must be registered as class 0 to participate.<\/p>\n<h3>Junior class:<\/h3>\n<p>The junior class is available in class 1. The handler must be at least 8 yers old, and no more than 18 years old in 2026 to participate. A dog can run a maximum of six classes per day, and dogs participating in the junior class are also welcome to compete in the regular classes.<\/p>\n<h3>Senior class:<\/h3>\n<p>For all class 2 classes, it will be possible to register a senior dog. They run at class 2 level. Here it is the dog's age that counts. The dog must be 7 years old at the start of the event. It is not possible for a dog to participate in both senior and normal races during the same event.<\/p>\n<p>Especially in the senior classes, there are several types of obstacles that are not included on the course, and the jump height is also reduced.<br \/>Small: 20 cm.<br \/>Medium: 30 cm.<br \/>Medium and Large: 40 cm.<\/p>\n<p><strong>There will be no junior or senior finals.<\/strong><\/p>\n<p>\u00a0<\/p>\n<\/div><div class=\"bde-rich-text-219-318 bde-rich-text breakdance-rich-text-styles\">\n<h3>agilityevents.dk<\/h3>\n<p>See this <a href=\"https:\/\/agilicon.dk\/en\/how-to-register-on-agilityevents-dk\/\">guide<\/a> about how to register and your dog at agilityevents.dk<\/p>\n<\/div>\n    <\/div>\n<\/div>\n\n\n\n<\/div><div class=\"bde-accordion__content-wrapper-219-271 bde-accordion__content-wrapper\">\n<h3 class=\"bde-accordion__title-tag\">\n  <button type=\"button\" class=\"bde-accordion__button\" id=\"accordion-button-271\" aria-controls=\"accordion-panel-271\" aria-expanded=\"false\">\n     <span class=\"bde-accordion__title\" >Camping &amp; Accommodation Options<\/span>\n     <span class=\"bde-accordion__icon bde-accordion__icon--default\"><\/span>\n     <span class=\"bde-accordion__icon bde-accordion__icon--active\"><\/span>\n  <\/button>\n<\/h3>\n\n<div role=\"region\" class=\"bde-accordion__panel\" id=\"accordion-panel-271\" aria-labelledby=\"accordion-button-271\">\n    <div class=\"bde-accordion__panel-content\">\n        <div class=\"bde-rich-text-219-272 bde-rich-text breakdance-rich-text-styles\">\n<h3>Camping:<\/h3>\n<p>The camping period runs from July 27 to August 3, 2026. Each campsite is 9 \u00d7 10 meters and includes electricity. The price is 245 EUR or 1.800 DKK per site, regardless of whether you come with a tent or a caravan. There are a total of 200 sites available. Registration opens on February 1 at 7:00 PM, and payment is made via bank transfer, with all information appearing in the confirmation email.<\/p>\n<p>Registration for camping is done via the registration form at the bottom of this page, which will be visible from February 1st at 7:00 PM.<\/p>\n<h3><strong>Accommodation options nearby:<\/strong><\/h3>\n<ul>\n<li>Scandic Roskilde \u2013 10 min<\/li>\n<li>Comwell Roskilde \u2013 10 min<\/li>\n<li>Taastrup Park Hotel \u2013 14 km<\/li>\n<li>Idr\u00e6ttens Hus Hotel og Konference \u2013 22 km<\/li>\n<li>Many AirBnB and B&amp;B options where dogs are allowed.<\/li>\n<\/ul>\n<\/div>\n    <\/div>\n<\/div>\n\n\n\n<\/div>\r\n\r\n<\/div><\/div>\n<\/section><section class=\"bde-section-219-223 bde-section\">\n  \n  \n\t\n\n\n\n<div class=\"section-container\"><ul class=\"bde-basic-list-219-248 bde-basic-list\">\n<\/ul><h4 class=\"bde-heading-219-252 bde-heading\">\nContact and questions\n<\/h4><div class=\"bde-rich-text-219-254 bde-rich-text breakdance-rich-text-styles\">\n\n<p>If you have any questions or just need to get in touch with us regarding the Summer Grand Slam, please send us an email to:<\/p>\n<p><a href=\"mailto:info@agilicon.dk\">info@agilicon.dk<\/a><\/p>\n<p data-start=\"610\" data-end=\"739\"><br \/>Registration for camping closes May 1st. <strong data-start=\"639\" data-end=\"663\"><br \/><\/strong><\/p>\n<\/div><style>@media (max-width:767px){.breakdance .bde-countdown-timer-219-264 .bde-countdown-timer__wrap{justify-content:center}.breakdance .bde-countdown-timer-219-264 .bde-countdown-timer__separator{display:none}}<\/style><\/div>\n<\/section>","protected":false},"excerpt":{"rendered":"<p>It&#8217;s going to be grand SummerGrand Slam Tilmelding \u00e5bner 1. februar 2026. Information om summer grand slam Tilmelding Kort over omr\u00e5det Facebook Alt du skal vide Dommere Kate Thomson (GB)Anita Szil\u00e1gyi (HU) Simon Brenca (CH)Aneta Obrusnikova (CZ)Bonnik Berthelsen (DK)Cecilia Klingberg (SE)Esther Jakobsen (NO))Marko M\u00e4kel\u00e4 (FI)Michiel Lazeroms (NL)Petra Patcha (SE)Thora Van Der Stock (BE)Tom Mercebach (DK) [&hellip;]<\/p>\n","protected":false},"author":2,"featured_media":0,"parent":0,"menu_order":0,"comment_status":"closed","ping_status":"closed","template":"","meta":{"nf_dc_page":"","_breakdance_hide_in_design_set":false,"_breakdance_tags":"","footnotes":""},"class_list":["post-219","page","type-page","status-publish","hentry"],"_links":{"self":[{"href":"https:\/\/agilicon.dk\/en\/wp-json\/wp\/v2\/pages\/219","targetHints":{"allow":["GET"]}}],"collection":[{"href":"https:\/\/agilicon.dk\/en\/wp-json\/wp\/v2\/pages"}],"about":[{"href":"https:\/\/agilicon.dk\/en\/wp-json\/wp\/v2\/types\/page"}],"author":[{"embeddable":true,"href":"https:\/\/agilicon.dk\/en\/wp-json\/wp\/v2\/users\/2"}],"replies":[{"embeddable":true,"href":"https:\/\/agilicon.dk\/en\/wp-json\/wp\/v2\/comments?post=219"}],"version-history":[{"count":20,"href":"https:\/\/agilicon.dk\/en\/wp-json\/wp\/v2\/pages\/219\/revisions"}],"predecessor-version":[{"id":1272,"href":"https:\/\/agilicon.dk\/en\/wp-json\/wp\/v2\/pages\/219\/revisions\/1272"}],"wp:attachment":[{"href":"https:\/\/agilicon.dk\/en\/wp-json\/wp\/v2\/media?parent=219"}],"curies":[{"name":"wp","href":"https:\/\/api.w.org\/{rel}","templated":true}]}}