{"id":237,"date":"2025-03-12T20:14:18","date_gmt":"2025-03-12T20:14:18","guid":{"rendered":"https:\/\/agilicon.dk\/?page_id=237"},"modified":"2025-03-31T18:52:05","modified_gmt":"2025-03-31T18:52:05","slug":"hvad-er-agilicon","status":"publish","type":"page","link":"https:\/\/agilicon.dk\/en\/hvad-er-agilicon\/","title":{"rendered":"Hvad er AGILICON"},"content":{"rendered":"<section class=\"bde-section-237-152 bde-section bde-preset-26b77052-fea6-4b05-9401-d7d5f166f5dc\" data-bde-lazy-bg=\"waiting\">\n  \n        \n    \n\t\n\n\n\n<div class=\"section-container\"><h1 class=\"bde-heading-237-101 bde-heading\">\nHvad er AGILICON ?\n<\/h1><h4 class=\"bde-heading-237-102 bde-heading\">\nAGILICON \u2013 Fremtidens hundesport med sikkerhed og kvalitet i fokus\n<\/h4><div class=\"bde-rich-text-237-212 bde-rich-text breakdance-rich-text-styles\">\n<p class=\"\" data-start=\"0\" data-end=\"126\"><strong>\u200b<\/strong><span class=\"relative -mx-px my-[-0.2rem] rounded px-px py-[0.2rem]\">AGILICON er mere end blot konkurrencer og tr\u00e6ningsarrangementer; det er en<strong> vision<\/strong> om at skabe de bedste rammer for agility, hoopers og lydighed.<\/span> <span class=\"relative -mx-px my-[-0.2rem] rounded px-px py-[0.2rem]\">Vores m\u00e5l er at h\u00e6ve standarden inden for hundesport og tilbyde oplevelser, hvor b\u00e5de hund og f\u00f8rer kan udvikle sig under optimale forhold.<\/span>\u200b<\/p>\n<p class=\"\" data-start=\"128\" data-end=\"247\"><span class=\"relative -mx-px my-[-0.2rem] rounded px-px py-[0.2rem]\">Vi g\u00e5r aldrig p\u00e5 kompromis med<strong> sikkerhed<\/strong>, <strong>kvalitet<\/strong> og et <strong>h\u00f8jt niveau<\/strong>.<\/span> <span class=\"relative -mx-px my-[-0.2rem] rounded px-px py-[0.2rem]\">Uanset om du deltager i en konkurrence eller en tr\u00e6ningslejr hos AGILICON, kan du forvente faciliteter i topklasse, professionelt udstyr og en organisation, der altid s\u00e6tter ud\u00f8vernes og hundenes trivsel i centrum.<\/span><\/p>\n<\/div><h4 class=\"bde-heading-237-153 bde-heading\">\nHvem st\u00e5r bag AGILICON?\n<\/h4><div class=\"bde-text-237-105 bde-text\">\nAGILICON er skabt og drevet af fire ekstremt dedikerede hundesportsentusiaster, som alle deler en f\u00e6lles vision om at l\u00f8fte sporten til nye h\u00f8jder:<br>\n<\/div><div class=\"bde-grid-237-204 bde-grid\">\n  \n  \n\t\n\n\n\n<div class=\"bde-image-box-237-205 bde-image-box bde-image-box-content-padding-only\">\n<div class=\"ee-imagebox-image\">\n  <img loading=\"lazy\" decoding=\"async\" class=\"breakdance-image-object\" src=\"https:\/\/agilicon.dk\/wp-content\/uploads\/2025\/03\/ROX5872-2-768x768.jpg\" width=\"768\" height=\"768\" srcset=\"https:\/\/agilicon.dk\/wp-content\/uploads\/2025\/03\/ROX5872-2.jpg 2048w, https:\/\/agilicon.dk\/wp-content\/uploads\/2025\/03\/ROX5872-2-300x300.jpg 300w, https:\/\/agilicon.dk\/wp-content\/uploads\/2025\/03\/ROX5872-2-1024x1024.jpg 1024w, https:\/\/agilicon.dk\/wp-content\/uploads\/2025\/03\/ROX5872-2-150x150.jpg 150w, https:\/\/agilicon.dk\/wp-content\/uploads\/2025\/03\/ROX5872-2-768x768.jpg 768w, https:\/\/agilicon.dk\/wp-content\/uploads\/2025\/03\/ROX5872-2-1536x1536.jpg 1536w, https:\/\/agilicon.dk\/wp-content\/uploads\/2025\/03\/ROX5872-2-12x12.jpg 12w\" sizes=\"auto, (max-width: 2048px) 100vw, 2048px\">\n<\/div>\n<div class=\"ee-imagebox-content\">\n      <h5 class=\"ee-imagebox-title bde-h3\" >Jannie <br\/>Hedegaard Nielsen<\/h5>\n    \n      <div class=\"ee-imagebox-text\" >Arrang\u00f8r<br\/><small>Planl\u00e6gning, Sponsorer<\/small><br\/><small>Email : jannie@agilicon.dk<\/small><\/div>\n    \n  <\/div>\n\n<\/div><div class=\"bde-image-box-237-209 bde-image-box bde-image-box-content-padding-only\">\n<div class=\"ee-imagebox-image\">\n  <img loading=\"lazy\" decoding=\"async\" class=\"breakdance-image-object\" src=\"https:\/\/agilicon.dk\/wp-content\/uploads\/2025\/03\/ROX5882-2-768x768.jpg\" width=\"768\" height=\"768\" srcset=\"https:\/\/agilicon.dk\/wp-content\/uploads\/2025\/03\/ROX5882-2.jpg 2048w, https:\/\/agilicon.dk\/wp-content\/uploads\/2025\/03\/ROX5882-2-300x300.jpg 300w, https:\/\/agilicon.dk\/wp-content\/uploads\/2025\/03\/ROX5882-2-1024x1024.jpg 1024w, https:\/\/agilicon.dk\/wp-content\/uploads\/2025\/03\/ROX5882-2-150x150.jpg 150w, https:\/\/agilicon.dk\/wp-content\/uploads\/2025\/03\/ROX5882-2-768x768.jpg 768w, https:\/\/agilicon.dk\/wp-content\/uploads\/2025\/03\/ROX5882-2-1536x1536.jpg 1536w, https:\/\/agilicon.dk\/wp-content\/uploads\/2025\/03\/ROX5882-2-12x12.jpg 12w\" sizes=\"auto, (max-width: 2048px) 100vw, 2048px\">\n<\/div>\n<div class=\"ee-imagebox-content\">\n      <h5 class=\"ee-imagebox-title bde-h3\" >Jens Ole<br\/>Nielsen<\/h5>\n    \n      <div class=\"ee-imagebox-text\" >Arrang\u00f8r<br\/><small>Teknik\/IT, Hjemmeside<\/small><br\/><small>Email : jens@agilicon.dk<\/small><\/div>\n    \n  <\/div>\n\n<\/div><div class=\"bde-image-box-237-210 bde-image-box bde-image-box-content-padding-only\">\n<div class=\"ee-imagebox-image\">\n  <img loading=\"lazy\" decoding=\"async\" class=\"breakdance-image-object\" src=\"https:\/\/agilicon.dk\/wp-content\/uploads\/2025\/03\/ROX5866-2-768x768.jpg\" width=\"768\" height=\"768\" srcset=\"https:\/\/agilicon.dk\/wp-content\/uploads\/2025\/03\/ROX5866-2.jpg 2048w, https:\/\/agilicon.dk\/wp-content\/uploads\/2025\/03\/ROX5866-2-300x300.jpg 300w, https:\/\/agilicon.dk\/wp-content\/uploads\/2025\/03\/ROX5866-2-1024x1024.jpg 1024w, https:\/\/agilicon.dk\/wp-content\/uploads\/2025\/03\/ROX5866-2-150x150.jpg 150w, https:\/\/agilicon.dk\/wp-content\/uploads\/2025\/03\/ROX5866-2-768x768.jpg 768w, https:\/\/agilicon.dk\/wp-content\/uploads\/2025\/03\/ROX5866-2-1536x1536.jpg 1536w, https:\/\/agilicon.dk\/wp-content\/uploads\/2025\/03\/ROX5866-2-12x12.jpg 12w\" sizes=\"auto, (max-width: 2048px) 100vw, 2048px\">\n<\/div>\n<div class=\"ee-imagebox-content\">\n      <h5 class=\"ee-imagebox-title bde-h3\" >Christian<br\/>Zahle Madsen<\/h5>\n    \n      <div class=\"ee-imagebox-text\" >Arrang\u00f8r<br\/><small>Dommere,\/Instrukt\u00f8rer, Agilityevents<\/small><br\/><small>Email : christian@agilicon.dk<\/small><\/div>\n    \n  <\/div>\n\n<\/div><div class=\"bde-image-box-237-211 bde-image-box bde-image-box-content-padding-only\">\n<div class=\"ee-imagebox-image\">\n  <img loading=\"lazy\" decoding=\"async\" class=\"breakdance-image-object\" src=\"https:\/\/agilicon.dk\/wp-content\/uploads\/2025\/03\/ROX5879-2-768x768.jpg\" width=\"768\" height=\"768\" srcset=\"https:\/\/agilicon.dk\/wp-content\/uploads\/2025\/03\/ROX5879-2.jpg 2048w, https:\/\/agilicon.dk\/wp-content\/uploads\/2025\/03\/ROX5879-2-300x300.jpg 300w, https:\/\/agilicon.dk\/wp-content\/uploads\/2025\/03\/ROX5879-2-1024x1024.jpg 1024w, https:\/\/agilicon.dk\/wp-content\/uploads\/2025\/03\/ROX5879-2-150x150.jpg 150w, https:\/\/agilicon.dk\/wp-content\/uploads\/2025\/03\/ROX5879-2-768x768.jpg 768w, https:\/\/agilicon.dk\/wp-content\/uploads\/2025\/03\/ROX5879-2-1536x1536.jpg 1536w, https:\/\/agilicon.dk\/wp-content\/uploads\/2025\/03\/ROX5879-2-12x12.jpg 12w\" sizes=\"auto, (max-width: 2048px) 100vw, 2048px\">\n<\/div>\n<div class=\"ee-imagebox-content\">\n      <h5 class=\"ee-imagebox-title bde-h3\" >Rune<br\/>Zahle Madsen<\/h5>\n    \n      <div class=\"ee-imagebox-text\" >Arrang\u00f8r<br\/><small>Teknik\/IT, Grafik<\/small><br\/><small>Email : rune@agilicon.dk<\/small><\/div>\n    \n  <\/div>\n\n<\/div>\n<\/div><div class=\"bde-text-237-109 bde-text\">\nSammen udg\u00f8r de en st\u00e6rk enhed, der arbejder m\u00e5lrettet for at g\u00f8re AGILICON til et af de mest anerkendte koncepter inden for hundesport.\n<\/div><h2 class=\"bde-heading-237-180 bde-heading\">\nHvad tilbyder AGILICON?<br>\n<\/h2><h4 class=\"bde-heading-237-106 bde-heading\">\nKonkurrencer p\u00e5 h\u00f8jeste niveau<br>\n<\/h4><div class=\"bde-text-237-107 bde-text\">\nAGILICON arrangerer agilitykonkurrencer, hvor vi sikrer, at alt fra banedesign til dommere og faciliteter lever op til de strengeste krav. <br><br>Vi arbejder konstant p\u00e5 at optimere vores set-up, s\u00e5 vi kan tilbyde ud\u00f8vere en professionel og retf\u00e6rdig konkurrenceoplevelse.\n<\/div><h4 class=\"bde-heading-237-108 bde-heading\">\nTr\u00e6ningslejre med topinstrukt\u00f8rer\n<\/h4><div class=\"bde-text-237-181 bde-text\">\nFor at sikre den bedst mulige udvikling for b\u00e5de hund og f\u00f8rer tilbyder vi tr\u00e6ningslejre inden for agility, Hoopers og lydighed. <br><br>Her f\u00e5r deltagerne mulighed for at tr\u00e6ne med nogle af de bedste instrukt\u00f8rer i branchen, hvor der er fokus p\u00e5 pr\u00e6cision, samarbejde og korrekt teknik.\n<\/div><h4 class=\"bde-heading-237-182 bde-heading\">\nSikkerhed i centrum\n<\/h4><div class=\"bde-text-237-183 bde-text\">\nEn af AGILICONs grundpiller er sikkerhed. Vi ved, at hundesport kan v\u00e6re fysisk kr\u00e6vende, og derfor g\u00e5r vi aldrig p\u00e5 kompromis med sikkerheden. Vi sikrer:\n<\/div><ul class=\"bde-basic-list-237-185 bde-basic-list\">\n  <li  >    \n          Baner designet med hundens fysik for \u00f8je.\n      <\/li>\n  <li  >    \n          Udstyr af h\u00f8jeste kvalitet, der mindsker risikoen for skader.\n      <\/li>\n  <li  >    \n          Underlag, der sk\u00e5ner hundenes led og muskler.\n      <\/li>\n<\/ul><h4 class=\"bde-heading-237-186 bde-heading\">\nKvalitet uden kompromis\n<\/h4><div class=\"bde-text-237-187 bde-text\">\nAGILICON er drevet af en kompromisl\u00f8s tilgang til kvalitet. <br>Alt fra dommere og instrukt\u00f8rer, til konkurrenceregler og tr\u00e6ningsforhold er n\u00f8je udvalgt for at give deltagerne den bedste oplevelse. <br><br>Vi tror p\u00e5, at kvalitet ikke blot skaber bedre resultater \u2013 det skaber ogs\u00e5 en mere tryg og professionel atmosf\u00e6re for b\u00e5de hunde og f\u00f8rere.\n<\/div><h4 class=\"bde-heading-237-188 bde-heading\">\nHvorfor v\u00e6lge AGILICON?\n<\/h4><div class=\"bde-text-237-189 bde-text\">\nN\u00e5r du deltager i et AGILICON-arrangement, f\u00e5r du ikke bare en standard konkurrence eller tr\u00e6ning \u2013 du bliver en del af et f\u00e6llesskab, hvor passion og professionalisme g\u00e5r h\u00e5nd i h\u00e5nd. Vi g\u00f8r en forskel ved at:\n<\/div><div class=\"bde-checkmark-list-237-190 bde-checkmark-list\">\n<ul>\n  \n              \n              \n    <li>\n      <span class='bde-checkmark-list__icon bde-checkmark-list__icon_yes  bg-yes'>\n                  <svg xmlns=\"http:\/\/www.w3.org\/2000\/svg\" viewBox=\"0 0 24 24\"><path d=\"M18.71,7.21a1,1,0,0,0-1.42,0L9.84,14.67,6.71,11.53A1,1,0,1,0,5.29,13l3.84,3.84a1,1,0,0,0,1.42,0l8.16-8.16A1,1,0,0,0,18.71,7.21Z\"\/><\/svg>\n              <\/span>\n      <div >\n        Tilbyde de bedste dommere og instrukt\u00f8rer.\n      <\/div>\n\n    <\/li>\n\n  \n              \n              \n    <li>\n      <span class='bde-checkmark-list__icon bde-checkmark-list__icon_yes  bg-yes'>\n                  <svg xmlns=\"http:\/\/www.w3.org\/2000\/svg\" viewBox=\"0 0 24 24\"><path d=\"M18.71,7.21a1,1,0,0,0-1.42,0L9.84,14.67,6.71,11.53A1,1,0,1,0,5.29,13l3.84,3.84a1,1,0,0,0,1.42,0l8.16-8.16A1,1,0,0,0,18.71,7.21Z\"\/><\/svg>\n              <\/span>\n      <div >\n        Sikre optimale forhold for b\u00e5de hund og f\u00f8rer.\n      <\/div>\n\n    <\/li>\n\n  \n              \n              \n    <li>\n      <span class='bde-checkmark-list__icon bde-checkmark-list__icon_yes  bg-yes'>\n                  <svg xmlns=\"http:\/\/www.w3.org\/2000\/svg\" viewBox=\"0 0 24 24\"><path d=\"M18.71,7.21a1,1,0,0,0-1.42,0L9.84,14.67,6.71,11.53A1,1,0,1,0,5.29,13l3.84,3.84a1,1,0,0,0,1.42,0l8.16-8.16A1,1,0,0,0,18.71,7.21Z\"\/><\/svg>\n              <\/span>\n      <div >\n        Skabe et milj\u00f8, hvor udvikling, respekt og sports\u00e5nd er i fokus.\n      <\/div>\n\n    <\/li>\n\n  \n              \n              \n    <li>\n      <span class='bde-checkmark-list__icon bde-checkmark-list__icon_yes  bg-yes'>\n                  <svg xmlns=\"http:\/\/www.w3.org\/2000\/svg\" viewBox=\"0 0 24 24\"><path d=\"M18.71,7.21a1,1,0,0,0-1.42,0L9.84,14.67,6.71,11.53A1,1,0,1,0,5.29,13l3.84,3.84a1,1,0,0,0,1.42,0l8.16-8.16A1,1,0,0,0,18.71,7.21Z\"\/><\/svg>\n              <\/span>\n      <div >\n        G\u00f8re hundesport til en sikker og professionel oplevelse.\n      <\/div>\n\n    <\/li>\n\n  <\/ul>\n\n<\/div><div class=\"bde-columns-237-193 bde-columns\"><div class=\"bde-column-237-194 bde-column\">\n  \n  \n\t\n\n\n\n<div class=\"bde-div-237-197 bde-div\">\n  \n  \n\t\n\n\n\n<h1 class=\"bde-heading-237-198 bde-heading\" data-entrance=\"slideLeft\">\nVelkommen til Agilicon\n<\/h1><h4 class=\"bde-heading-237-199 bde-heading\" data-entrance=\"slideLeft\">\nVi s\u00e6tter standarden for fremtidens hundesport.\n<\/h4>\n<\/div>\n<\/div><div class=\"bde-column-237-196 bde-column\">\n  \n  \n\t\n\n\n\n<div class=\"bde-image-237-195 bde-image\" data-entrance=\"fade\">\n<figure class=\"breakdance-image breakdance-image--161\">\n\t<div class=\"breakdance-image-container\">\n\t\t<div class=\"breakdance-image-clip\"><img loading=\"lazy\" decoding=\"async\" class=\"breakdance-image-object\" src=\"https:\/\/agilicon.dk\/wp-content\/uploads\/2025\/01\/agilicon-white@4x-768x543.png\" width=\"768\" height=\"543\" srcset=\"https:\/\/agilicon.dk\/wp-content\/uploads\/2025\/01\/agilicon-white@4x-768x543.png 768w, https:\/\/agilicon.dk\/wp-content\/uploads\/2025\/01\/agilicon-white@4x-300x212.png 300w, https:\/\/agilicon.dk\/wp-content\/uploads\/2025\/01\/agilicon-white@4x-1024x724.png 1024w, https:\/\/agilicon.dk\/wp-content\/uploads\/2025\/01\/agilicon-white@4x-1536x1086.png 1536w, https:\/\/agilicon.dk\/wp-content\/uploads\/2025\/01\/agilicon-white@4x-2048x1448.png 2048w\" sizes=\"auto, (max-width: 768px) 100vw, 768px\"><\/div>\n\t<\/div><\/figure>\n\n<\/div>\n<\/div><\/div><\/div>\n<\/section>","protected":false},"excerpt":{"rendered":"<p>Hvad er AGILICON ? AGILICON \u2013 Fremtidens hundesport med sikkerhed og kvalitet i fokus \u200bAGILICON er mere end blot konkurrencer og tr\u00e6ningsarrangementer; det er en vision om at skabe de bedste rammer for agility, hoopers og lydighed. Vores m\u00e5l er at h\u00e6ve standarden inden for hundesport og tilbyde oplevelser, hvor b\u00e5de hund og f\u00f8rer kan [&hellip;]<\/p>\n","protected":false},"author":2,"featured_media":0,"parent":0,"menu_order":0,"comment_status":"closed","ping_status":"closed","template":"","meta":{"nf_dc_page":"","_breakdance_hide_in_design_set":false,"_breakdance_tags":"","footnotes":""},"class_list":["post-237","page","type-page","status-publish","hentry"],"_links":{"self":[{"href":"https:\/\/agilicon.dk\/en\/wp-json\/wp\/v2\/pages\/237","targetHints":{"allow":["GET"]}}],"collection":[{"href":"https:\/\/agilicon.dk\/en\/wp-json\/wp\/v2\/pages"}],"about":[{"href":"https:\/\/agilicon.dk\/en\/wp-json\/wp\/v2\/types\/page"}],"author":[{"embeddable":true,"href":"https:\/\/agilicon.dk\/en\/wp-json\/wp\/v2\/users\/2"}],"replies":[{"embeddable":true,"href":"https:\/\/agilicon.dk\/en\/wp-json\/wp\/v2\/comments?post=237"}],"version-history":[{"count":12,"href":"https:\/\/agilicon.dk\/en\/wp-json\/wp\/v2\/pages\/237\/revisions"}],"predecessor-version":[{"id":491,"href":"https:\/\/agilicon.dk\/en\/wp-json\/wp\/v2\/pages\/237\/revisions\/491"}],"wp:attachment":[{"href":"https:\/\/agilicon.dk\/en\/wp-json\/wp\/v2\/media?parent=237"}],"curies":[{"name":"wp","href":"https:\/\/api.w.org\/{rel}","templated":true}]}}