{"id":247,"date":"2025-02-12T19:07:20","date_gmt":"2025-02-12T19:07:20","guid":{"rendered":"https:\/\/agilicon.dk\/?page_id=247"},"modified":"2025-03-23T16:04:37","modified_gmt":"2025-03-23T16:04:37","slug":"dldogs","status":"publish","type":"page","link":"https:\/\/agilicon.dk\/en\/dldogs\/","title":{"rendered":"dldogs"},"content":{"rendered":"<section class=\"bde-section-247-100 bde-section bde-preset-26b77052-fea6-4b05-9401-d7d5f166f5dc\" data-bde-lazy-bg=\"waiting\" data-entrance=\"fade\">\n  \n        \n    \n\t\n\n\n\n<div class=\"section-container\"><div class=\"bde-div-247-136 bde-div\">\n  \n  \n\t\n\n\n\n<img decoding=\"async\" class=\"bde-image2-247-111 bde-image2\" src=\"https:\/\/agilicon.dk\/wp-content\/uploads\/2025\/02\/logo-DLDOGS-RGB-contra-300x158.png\" loading=\"lazy\" srcset=\"https:\/\/agilicon.dk\/wp-content\/uploads\/2025\/02\/logo-DLDOGS-RGB-contra-300x158.png 300w, https:\/\/agilicon.dk\/wp-content\/uploads\/2025\/02\/logo-DLDOGS-RGB-contra-1024x540.png 1024w, https:\/\/agilicon.dk\/wp-content\/uploads\/2025\/02\/logo-DLDOGS-RGB-contra-768x405.png 768w, https:\/\/agilicon.dk\/wp-content\/uploads\/2025\/02\/logo-DLDOGS-RGB-contra-1536x810.png 1536w, https:\/\/agilicon.dk\/wp-content\/uploads\/2025\/02\/logo-DLDOGS-RGB-contra-2048x1080.png 2048w\" sizes=\"(max-width: 300px) 100vw, 300px\">\n<\/div><div class=\"bde-columns-247-103 bde-columns\"><div class=\"bde-column-247-104 bde-column\">\n  \n  \n\t\n\n\n\n<div class=\"bde-rich-text-247-140 bde-rich-text breakdance-rich-text-styles\">\n<p><a href=\"https:\/\/dldogs.eu\/\"><strong>\u200b<\/strong><\/a><span class=\"relative -mx-px my-[-0.2rem] rounded px-px py-[0.2rem]\"><a href=\"https:\/\/dldogs.eu\/\"><strong>DLDogs<\/strong><\/a>, etableret i 2004 som DLD Sp. z o. o., introducerede deres f\u00f8rste agility-tunnel i 2014.<\/span><\/p>\n<p><span class=\"relative -mx-px my-[-0.2rem] rounded px-px py-[0.2rem]\">Siden da har de udvidet deres sortiment betydeligt og tilbyder produkter af h\u00f8jeste kvalitet, der mere end lever op til FCI's og andre agility-organisationers standarder.<\/span> <br \/><span class=\"relative -mx-px my-[-0.2rem] rounded px-px py-[0.2rem]\">Deres tunneler er blevet anvendt under adskillige kvalifikationer til verdensmesterskaberne i agility b\u00e5de i Polen og resten af Europa.<\/span><\/p>\n<p><span class=\"relative -mx-px my-[-0.2rem] rounded px-px py-[0.2rem]\">I dag er deres produkter tilg\u00e6ngelige ikke kun p\u00e5 EU-markedet, men ogs\u00e5 internationalt.<\/span> <span class=\"relative -mx-px my-[-0.2rem] rounded px-px py-[0.2rem]\">I 2023 lancerede de m\u00e6rket DLDogs.<\/span><\/p>\n<\/div>\n<\/div><\/div><h3 class=\"bde-heading-247-116 bde-heading\">\nProdukter\n<\/h3><div class=\"bde-fancy-divider-247-119 bde-fancy-divider\">\n\n\n<div class=\"bde-fancy-divider__wrapper\">\n  <div class=\"bde-fancy-divider__separator   \">\n  \t  <\/div>\n<\/div>\n\n<\/div><div class=\"bde-columns-247-122 bde-columns\"><div class=\"bde-column-247-123 bde-column\">\n  \n  \n\t\n\n\n\n<a class=\"bde-container-link-247-125 bde-container-link breakdance-link\" href=\"https:\/\/agilicon.dk\/tunneller\/\" target=\"_self\" data-type=\"url\">\n  \n  \n\t\n\n\n\n<img decoding=\"async\" class=\"bde-image2-247-130 bde-image2\" src=\"https:\/\/agilicon.dk\/wp-content\/uploads\/2025\/02\/350px_fioletowo-fioletowe-300x300.jpg\" loading=\"lazy\" srcset=\"https:\/\/agilicon.dk\/wp-content\/uploads\/2025\/02\/350px_fioletowo-fioletowe-300x300.jpg 300w, https:\/\/agilicon.dk\/wp-content\/uploads\/2025\/02\/350px_fioletowo-fioletowe-150x150.jpg 150w\" sizes=\"(max-width: 300px) 100vw, 300px\"><div class=\"bde-text-247-132 bde-text\">\nTunneller\n<\/div>\n\n<\/a>\n<\/div><div class=\"bde-column-247-124 bde-column\">\n  \n  \n\t\n\n\n\n<a class=\"bde-container-link-247-126 bde-container-link breakdance-link\" href=\"https:\/\/agilicon.dk\/sandsaekke\/\" target=\"_self\" data-type=\"url\">\n  \n  \n\t\n\n\n\n<img decoding=\"async\" class=\"bde-image2-247-131 bde-image2\" src=\"https:\/\/agilicon.dk\/wp-content\/uploads\/2025\/02\/350px_obejmy-solid-szara-300x300.jpg\" loading=\"lazy\" srcset=\"https:\/\/agilicon.dk\/wp-content\/uploads\/2025\/02\/350px_obejmy-solid-szara-300x300.jpg 300w, https:\/\/agilicon.dk\/wp-content\/uploads\/2025\/02\/350px_obejmy-solid-szara-150x150.jpg 150w\" sizes=\"(max-width: 300px) 100vw, 300px\"><div class=\"bde-text-247-133 bde-text\">\nSands\u00e6kke<br>\n<\/div>\n\n<\/a>\n<\/div><\/div><\/div>\n<\/section>","protected":false},"excerpt":{"rendered":"<p>\u200bDLDogs, etableret i 2004 som DLD Sp. z o. o., introducerede deres f\u00f8rste agility-tunnel i 2014. Siden da har de udvidet deres sortiment betydeligt og tilbyder produkter af h\u00f8jeste kvalitet, der mere end lever op til FCI&#8217;s og andre agility-organisationers standarder. Deres tunneler er blevet anvendt under adskillige kvalifikationer til verdensmesterskaberne i agility b\u00e5de i [&hellip;]<\/p>\n","protected":false},"author":2,"featured_media":0,"parent":0,"menu_order":0,"comment_status":"closed","ping_status":"closed","template":"","meta":{"nf_dc_page":"","_breakdance_hide_in_design_set":false,"_breakdance_tags":"","footnotes":""},"class_list":["post-247","page","type-page","status-publish","hentry"],"_links":{"self":[{"href":"https:\/\/agilicon.dk\/en\/wp-json\/wp\/v2\/pages\/247","targetHints":{"allow":["GET"]}}],"collection":[{"href":"https:\/\/agilicon.dk\/en\/wp-json\/wp\/v2\/pages"}],"about":[{"href":"https:\/\/agilicon.dk\/en\/wp-json\/wp\/v2\/types\/page"}],"author":[{"embeddable":true,"href":"https:\/\/agilicon.dk\/en\/wp-json\/wp\/v2\/users\/2"}],"replies":[{"embeddable":true,"href":"https:\/\/agilicon.dk\/en\/wp-json\/wp\/v2\/comments?post=247"}],"version-history":[{"count":10,"href":"https:\/\/agilicon.dk\/en\/wp-json\/wp\/v2\/pages\/247\/revisions"}],"predecessor-version":[{"id":465,"href":"https:\/\/agilicon.dk\/en\/wp-json\/wp\/v2\/pages\/247\/revisions\/465"}],"wp:attachment":[{"href":"https:\/\/agilicon.dk\/en\/wp-json\/wp\/v2\/media?parent=247"}],"curies":[{"name":"wp","href":"https:\/\/api.w.org\/{rel}","templated":true}]}}