{"id":269,"date":"2025-02-12T19:49:20","date_gmt":"2025-02-12T19:49:20","guid":{"rendered":"https:\/\/agilicon.dk\/?page_id=269"},"modified":"2025-08-18T17:17:28","modified_gmt":"2025-08-18T15:17:28","slug":"tunneller","status":"publish","type":"page","link":"https:\/\/agilicon.dk\/en\/tunneller\/","title":{"rendered":"Tunnels"},"content":{"rendered":"<section class=\"bde-section-269-101 bde-section bde-preset-26b77052-fea6-4b05-9401-d7d5f166f5dc\" data-bde-lazy-bg=\"waiting\" data-entrance=\"slideUp\">\n  \n        \n    \n\t\n\n\n\n<div class=\"section-container\"><div class=\"bde-columns-269-103 bde-columns\"><div class=\"bde-column-269-104 bde-column\">\n  \n  \n\t\n\n\n\n<div class=\"bde-columns-269-115 bde-columns\"><div class=\"bde-column-269-116 bde-column\">\n  \n  \n\t\n\n\n\n<img decoding=\"async\" class=\"bde-image2-269-102 bde-image2\" src=\"https:\/\/agilicon.dk\/wp-content\/uploads\/2025\/02\/logo-DLDOGS-RGB-contra-300x158.png\" loading=\"lazy\" srcset=\"https:\/\/agilicon.dk\/wp-content\/uploads\/2025\/02\/logo-DLDOGS-RGB-contra-300x158.png 300w, https:\/\/agilicon.dk\/wp-content\/uploads\/2025\/02\/logo-DLDOGS-RGB-contra-1024x540.png 1024w, https:\/\/agilicon.dk\/wp-content\/uploads\/2025\/02\/logo-DLDOGS-RGB-contra-768x405.png 768w, https:\/\/agilicon.dk\/wp-content\/uploads\/2025\/02\/logo-DLDOGS-RGB-contra-1536x810.png 1536w, https:\/\/agilicon.dk\/wp-content\/uploads\/2025\/02\/logo-DLDOGS-RGB-contra-2048x1080.png 2048w\" sizes=\"(max-width: 300px) 100vw, 300px\">\n<\/div><div class=\"bde-column-269-117 bde-column\">\n  \n  \n\t\n\n\n\n<div class=\"bde-text-269-105 bde-text\">\nDLDogs Tunnel Antislip+  er lavet af materialer af h\u00f8j kvalitet, som sikrer deres holdbarhed og modstandsdygtighed over for intensiv brug. Vi tilbyder tunneler i forskellige l\u00e6ngder, der opfylder internationale standarder fra FCI og andre agilityorganisationer. <br><br>Alle tunneler er lavet af tekniske stoffer (baseret p\u00e5 polyester) belagt med PVC p\u00e5 begge sider. Antislip+ agility-tunnelen er en fuldt skridsikker tunnel, der overholder FCI-kravene. Det g\u00e6lder kvaliteten af \u200b\u200bmaterialet og de anvendte farver. Den specielle ru indvendige overflade af stoffet forhindrer glideeffekter under brug.<br><br>Tunnellen findes 4 forskellige l\u00e6ngder:<br>3 meter, 4 meter, 5 meter og 6 meter<br><br>Tunneller og bindinger kan sammens\u00e6ttes i farverne som vist herunder. \n<\/div>\n<\/div><\/div><h1 class=\"bde-heading-269-106 bde-heading\">\nTunneller\n<\/h1><div class=\"bde-fancy-divider-269-153 bde-fancy-divider\">\n\n\n<div class=\"bde-fancy-divider__wrapper\">\n  <div class=\"bde-fancy-divider__separator   \">\n  \t  <\/div>\n<\/div>\n\n<\/div>\n<\/div><\/div><div class=\"bde-columns-269-118 bde-columns\" data-entrance=\"slideUp\"><div class=\"bde-column-269-119 bde-column\">\n  \n  \n\t\n\n\n\n<img decoding=\"async\" class=\"bde-image2-269-123 bde-image2\" src=\"https:\/\/agilicon.dk\/wp-content\/uploads\/2025\/02\/350px_fioletowo-fioletowe-300x300.jpg\" loading=\"lazy\" srcset=\"https:\/\/agilicon.dk\/wp-content\/uploads\/2025\/02\/350px_fioletowo-fioletowe-300x300.jpg 300w, https:\/\/agilicon.dk\/wp-content\/uploads\/2025\/02\/350px_fioletowo-fioletowe-150x150.jpg 150w\" sizes=\"(max-width: 300px) 100vw, 300px\"><div class=\"bde-text-269-111 bde-text\">\nLilla\n<\/div>\n<\/div><div class=\"bde-column-269-121 bde-column\">\n  \n  \n\t\n\n\n\n<img decoding=\"async\" class=\"bde-image2-269-127 bde-image2\" src=\"https:\/\/agilicon.dk\/wp-content\/uploads\/2025\/02\/350px_niebiesko-niebieskie-300x300.jpg\" loading=\"lazy\" srcset=\"https:\/\/agilicon.dk\/wp-content\/uploads\/2025\/02\/350px_niebiesko-niebieskie.jpg 350w, https:\/\/agilicon.dk\/wp-content\/uploads\/2025\/02\/350px_niebiesko-niebieskie-300x300.jpg 300w, https:\/\/agilicon.dk\/wp-content\/uploads\/2025\/02\/350px_niebiesko-niebieskie-150x150.jpg 150w\" sizes=\"(max-width: 350px) 100vw, 350px\"><div class=\"bde-text-269-114 bde-text\">\nBl\u00e5<br>\n<\/div>\n<\/div><div class=\"bde-column-269-122 bde-column\">\n  \n  \n\t\n\n\n\n<img decoding=\"async\" class=\"bde-image2-269-128 bde-image2\" src=\"https:\/\/agilicon.dk\/wp-content\/uploads\/2025\/02\/350px_szaro-szare-300x300.jpg\" loading=\"lazy\" srcset=\"https:\/\/agilicon.dk\/wp-content\/uploads\/2025\/02\/350px_szaro-szare.jpg 350w, https:\/\/agilicon.dk\/wp-content\/uploads\/2025\/02\/350px_szaro-szare-300x300.jpg 300w, https:\/\/agilicon.dk\/wp-content\/uploads\/2025\/02\/350px_szaro-szare-150x150.jpg 150w\" sizes=\"(max-width: 350px) 100vw, 350px\"><div class=\"bde-text-269-133 bde-text\">\nGr\u00e5<br>\n<\/div>\n<\/div><div class=\"bde-column-269-131 bde-column\">\n  \n  \n\t\n\n\n\n<img decoding=\"async\" class=\"bde-image2-269-132 bde-image2\" src=\"https:\/\/agilicon.dk\/wp-content\/uploads\/2025\/02\/350px_zolto-zolty-300x300.jpg\" loading=\"lazy\" srcset=\"https:\/\/agilicon.dk\/wp-content\/uploads\/2025\/02\/350px_zolto-zolty.jpg 350w, https:\/\/agilicon.dk\/wp-content\/uploads\/2025\/02\/350px_zolto-zolty-300x300.jpg 300w, https:\/\/agilicon.dk\/wp-content\/uploads\/2025\/02\/350px_zolto-zolty-150x150.jpg 150w\" sizes=\"(max-width: 350px) 100vw, 350px\"><div class=\"bde-text-269-134 bde-text\">\nGul\n<\/div>\n<\/div><\/div><div class=\"bde-columns-269-135 bde-columns\" data-entrance=\"slideUp\"><div class=\"bde-column-269-136 bde-column\">\n  \n  \n\t\n\n\n\n<img decoding=\"async\" class=\"bde-image2-269-137 bde-image2\" src=\"https:\/\/agilicon.dk\/wp-content\/uploads\/2025\/02\/350px_czarno-zielone-300x300.jpg\" loading=\"lazy\" srcset=\"https:\/\/agilicon.dk\/wp-content\/uploads\/2025\/02\/350px_czarno-zielone.jpg 350w, https:\/\/agilicon.dk\/wp-content\/uploads\/2025\/02\/350px_czarno-zielone-300x300.jpg 300w, https:\/\/agilicon.dk\/wp-content\/uploads\/2025\/02\/350px_czarno-zielone-150x150.jpg 150w\" sizes=\"(max-width: 350px) 100vw, 350px\"><div class=\"bde-text-269-138 bde-text\">\nGr\u00f8n\n<\/div>\n<\/div><div class=\"bde-column-269-139 bde-column\">\n  \n  \n\t\n\n\n\n<img decoding=\"async\" class=\"bde-image2-269-140 bde-image2\" src=\"https:\/\/agilicon.dk\/wp-content\/uploads\/2025\/02\/350px_rozowo-rozowe-300x300.jpg\" loading=\"lazy\" srcset=\"https:\/\/agilicon.dk\/wp-content\/uploads\/2025\/02\/350px_rozowo-rozowe.jpg 350w, https:\/\/agilicon.dk\/wp-content\/uploads\/2025\/02\/350px_rozowo-rozowe-300x300.jpg 300w, https:\/\/agilicon.dk\/wp-content\/uploads\/2025\/02\/350px_rozowo-rozowe-150x150.jpg 150w\" sizes=\"(max-width: 350px) 100vw, 350px\"><div class=\"bde-text-269-141 bde-text\">\nPink<br>\n<\/div>\n<\/div><div class=\"bde-column-269-142 bde-column\">\n  \n  \n\t\n\n\n\n<img decoding=\"async\" class=\"bde-image2-269-143 bde-image2\" src=\"https:\/\/agilicon.dk\/wp-content\/uploads\/2025\/02\/350px_czerwono-czerwone-300x300.jpg\" loading=\"lazy\" srcset=\"https:\/\/agilicon.dk\/wp-content\/uploads\/2025\/02\/350px_czerwono-czerwone.jpg 350w, https:\/\/agilicon.dk\/wp-content\/uploads\/2025\/02\/350px_czerwono-czerwone-300x300.jpg 300w, https:\/\/agilicon.dk\/wp-content\/uploads\/2025\/02\/350px_czerwono-czerwone-150x150.jpg 150w\" sizes=\"(max-width: 350px) 100vw, 350px\"><div class=\"bde-text-269-144 bde-text\">\nR\u00f8d<br>\n<\/div>\n<\/div><div class=\"bde-column-269-157 bde-column\">\n  \n  \n\t\n\n\n\n\n<\/div><\/div><\/div>\n<\/section><section class=\"bde-section-269-160 bde-section bde-preset-26b77052-fea6-4b05-9401-d7d5f166f5dc\" data-bde-lazy-bg=\"waiting\">\n  \n        \n    \n\t\n\n\n\n<div class=\"section-container\"><h1 class=\"bde-heading-269-162 bde-heading\">\nPriser\n<\/h1><div class=\"bde-text-269-161 bde-text\">\nPriserne er inkl. moms, eksl. levering.<br>Udfyld formularen herunder for at f\u00e5 tilsendt prisen inkl. levering.<br><br>6 meter tunnel kr. 2.645,-<br>5 meter tunnel kr. 2.415,-<br>4 meter tunnel kr. 2.215,-<br>3 meter tunnel kr. 1.890,-<br><br>Sands\u00e6kke kr. 410,- pr s\u00e6t (2 stk.)\n<\/div><\/div>\n<\/section><section class=\"bde-section-269-150 bde-section bde-preset-26b77052-fea6-4b05-9401-d7d5f166f5dc\" data-bde-lazy-bg=\"waiting\">\n  \n        \n    \n\t\n\n\n\n<div class=\"section-container\"><h1 class=\"bde-heading-269-151 bde-heading\">\nPrisforesp\u00f8rgsel\n<\/h1><div class=\"bde-form-builder-269-154 bde-form-builder\">\n\n<form id=\"prisforespoergsel154\" class=\"breakdance-form breakdance-form--vertical\" data-options=\"{&quot;slug&quot;:&quot;custom&quot;,&quot;name&quot;:&quot;Prisforesp\\u00f8rgsel &quot;,&quot;ajaxUrl&quot;:&quot;https:\\\/\\\/agilicon.dk\\\/wp-admin\\\/admin-ajax.php&quot;,&quot;clearOnSuccess&quot;:true,&quot;hideOnSuccess&quot;:true,&quot;successMessage&quot;:&quot;Tak - Din besked er modtaget. &quot;,&quot;errorMessage&quot;:&quot;\\u00c5rh nej, det gik ikke s\\u00e5 godt. Pr\\u00f8v venligst igen&quot;,&quot;redirect&quot;:false,&quot;redirectUrl&quot;:&quot;&quot;,&quot;customJavaScript&quot;:&quot;&quot;,&quot;recaptcha&quot;:{&quot;key&quot;:&quot;&quot;,&quot;enabled&quot;:false},&quot;honeypot_enabled&quot;:false,&quot;popupsOnSuccess&quot;:[],&quot;popupsOnError&quot;:[]}\" data-steps=\"0\" >\n  \n  \n  \n<div class=\"breakdance-form-field breakdance-form-field--text\" >\n    \n    \n            <label class=\"breakdance-form-field__label\" for=\"name\">\n            Navn<span class=\"breakdance-form-field__required\">*<\/span>\n        <\/label>\n    \n    <input\n    class=\"breakdance-form-field__input\"\n    id=\"name\"\n    aria-describedby=\"name\"\n    type=\"text\"\n    name=\"fields[name]\"\n    placeholder=\"\"\n    value=\"\"\n                \n        \n        \n    required\n    \n    \n    \n    \n    \n>\n\n\n    \n    \n<\/div>\n\n\n<div class=\"breakdance-form-field breakdance-form-field--text\" >\n    \n    \n            <label class=\"breakdance-form-field__label\" for=\"addresse\">\n            Leveringsadresse<span class=\"breakdance-form-field__required\">*<\/span>\n        <\/label>\n    \n    <input\n    class=\"breakdance-form-field__input\"\n    id=\"addresse\"\n    aria-describedby=\"addresse\"\n    type=\"text\"\n    name=\"fields[addresse]\"\n    placeholder=\"\"\n    value=\"\"\n                \n        \n        \n    required\n    \n    \n    \n    \n    \n>\n\n\n    \n    \n<\/div>\n\n\n<div class=\"breakdance-form-field breakdance-form-field--email\" >\n    \n    \n            <label class=\"breakdance-form-field__label\" for=\"email\">\n            Email<span class=\"breakdance-form-field__required\">*<\/span>\n        <\/label>\n    \n    <input\n    class=\"breakdance-form-field__input\"\n    id=\"email\"\n    aria-describedby=\"email\"\n    type=\"email\"\n    name=\"fields[email]\"\n    placeholder=\"\"\n    value=\"\"\n                \n        \n        \n    required\n    \n    \n    \n    \n    \n>\n\n\n    \n    \n<\/div>\n\n\n<div class=\"breakdance-form-field breakdance-form-field--textarea\" >\n    \n    \n            <label class=\"breakdance-form-field__label\" for=\"message\">\n            Besked<span class=\"breakdance-form-field__required\">*<\/span>\n        <\/label>\n    \n    <textarea\n    class=\"breakdance-form-field__input\"\n    id=\"message\"\n    aria-describedby=\"message\"\n    type=\"textarea\"\n    name=\"fields[message]\"\n        placeholder=\"Udfyld venligst med antal, l\u00e6ngde, farve p\u00e5 tunneller og farve p\u00e5 bindinger\"\n    required\n    \n    \n    >\n<\/textarea>\n\n\n    \n    \n<\/div><div class=\"breakdance-form-field breakdance-form-footer\">    \n    \n    \n    \n    \n            \n            <button type=\"submit\" class=\"button-atom button-atom--primary breakdance-form-button breakdance-form-button__submit\"  >\n    \n        <span class=\"button-atom__text\">Send foresp\u00f8rgsel<\/span>\n\n        \n        \n            <\/button>\n    \n    <input type=\"hidden\" name=\"form_id\" value=\"154\">\n    <input type=\"hidden\" name=\"post_id\" value=\"269\">\n<\/div>\n\n  \n<\/form>\n\n\n<\/div><\/div>\n<\/section>","protected":false},"excerpt":{"rendered":"<p>DLDogs Tunnel Antislip+ er lavet af materialer af h\u00f8j kvalitet, som sikrer deres holdbarhed og modstandsdygtighed over for intensiv brug. Vi tilbyder tunneler i forskellige l\u00e6ngder, der opfylder internationale standarder fra FCI og andre agilityorganisationer. Alle tunneler er lavet af tekniske stoffer (baseret p\u00e5 polyester) belagt med PVC p\u00e5 begge sider. Antislip+ agility-tunnelen er en [&hellip;]<\/p>\n","protected":false},"author":2,"featured_media":0,"parent":0,"menu_order":0,"comment_status":"closed","ping_status":"closed","template":"","meta":{"nf_dc_page":"","_breakdance_hide_in_design_set":false,"_breakdance_tags":"","footnotes":""},"class_list":["post-269","page","type-page","status-publish","hentry"],"_links":{"self":[{"href":"https:\/\/agilicon.dk\/en\/wp-json\/wp\/v2\/pages\/269","targetHints":{"allow":["GET"]}}],"collection":[{"href":"https:\/\/agilicon.dk\/en\/wp-json\/wp\/v2\/pages"}],"about":[{"href":"https:\/\/agilicon.dk\/en\/wp-json\/wp\/v2\/types\/page"}],"author":[{"embeddable":true,"href":"https:\/\/agilicon.dk\/en\/wp-json\/wp\/v2\/users\/2"}],"replies":[{"embeddable":true,"href":"https:\/\/agilicon.dk\/en\/wp-json\/wp\/v2\/comments?post=269"}],"version-history":[{"count":20,"href":"https:\/\/agilicon.dk\/en\/wp-json\/wp\/v2\/pages\/269\/revisions"}],"predecessor-version":[{"id":668,"href":"https:\/\/agilicon.dk\/en\/wp-json\/wp\/v2\/pages\/269\/revisions\/668"}],"wp:attachment":[{"href":"https:\/\/agilicon.dk\/en\/wp-json\/wp\/v2\/media?parent=269"}],"curies":[{"name":"wp","href":"https:\/\/api.w.org\/{rel}","templated":true}]}}