{"id":281,"date":"2025-02-12T20:39:17","date_gmt":"2025-02-12T20:39:17","guid":{"rendered":"https:\/\/agilicon.dk\/?page_id=281"},"modified":"2025-03-16T21:17:22","modified_gmt":"2025-03-16T21:17:22","slug":"sandsaekke","status":"publish","type":"page","link":"https:\/\/agilicon.dk\/en\/sandsaekke\/","title":{"rendered":"Sandbags"},"content":{"rendered":"<section class=\"bde-section-281-100 bde-section bde-preset-26b77052-fea6-4b05-9401-d7d5f166f5dc\" data-bde-lazy-bg=\"waiting\">\n  \n        \n    \n\t\n\n\n\n<div class=\"section-container\"><div class=\"bde-columns-281-101 bde-columns\"><div class=\"bde-column-281-102 bde-column\">\n  \n  \n\t\n\n\n\n<div class=\"bde-columns-281-103 bde-columns\"><div class=\"bde-column-281-104 bde-column\">\n  \n  \n\t\n\n\n\n<img decoding=\"async\" class=\"bde-image2-281-105 bde-image2\" src=\"https:\/\/agilicon.dk\/wp-content\/uploads\/2025\/02\/logo-DLDOGS-RGB-contra-300x158.png\" loading=\"lazy\" srcset=\"https:\/\/agilicon.dk\/wp-content\/uploads\/2025\/02\/logo-DLDOGS-RGB-contra-300x158.png 300w, https:\/\/agilicon.dk\/wp-content\/uploads\/2025\/02\/logo-DLDOGS-RGB-contra-1024x540.png 1024w, https:\/\/agilicon.dk\/wp-content\/uploads\/2025\/02\/logo-DLDOGS-RGB-contra-768x405.png 768w, https:\/\/agilicon.dk\/wp-content\/uploads\/2025\/02\/logo-DLDOGS-RGB-contra-1536x810.png 1536w, https:\/\/agilicon.dk\/wp-content\/uploads\/2025\/02\/logo-DLDOGS-RGB-contra-2048x1080.png 2048w\" sizes=\"(max-width: 300px) 100vw, 300px\">\n<\/div><div class=\"bde-column-281-106 bde-column\">\n  \n  \n\t\n\n\n\n<div class=\"bde-text-281-107 bde-text\">\nDLDogs sands\u00e6kke er af h\u00f8j kvalitet, der fungerer som v\u00e6gte til at stabilisere agility-tunneler under intense tr\u00e6ningssessioner og konkurrencer. Sands\u00e6kkene er designet til at give optimal stabilitet til tunnelen, hvilket er n\u00f8glen til at holde tunnellen p\u00e5 plads, n\u00e5r din hund l\u00f8ber igennem den i fuld fart. Takket v\u00e6re solide materialer og funktionelt design forhindrer sands\u00e6kkene effektivt tunnelen i at bev\u00e6ge sig, hvilket \u00f8ger sikkerheden og komforten for hunden.<br><br>DUAL-holderen er todelt og designet til at stabilisere agility-tunneller. Den er udstyret med brede velcro-stropper, der sikrer en sikker og solid forbindelse. Der er skridsikkert stof i bunden af \u200bsands\u00e6kken, hvilket \u00f8ger stabiliteten. Derudover har sands\u00e6kkene komfortable b\u00e6reh\u00e5ndtag og praktiske lynl\u00e5se.\n<\/div>\n<\/div><\/div><h1 class=\"bde-heading-281-108 bde-heading\">\nSands\u00e6kke\n<\/h1><div class=\"bde-fancy-divider-281-109 bde-fancy-divider\">\n\n\n<div class=\"bde-fancy-divider__wrapper\">\n  <div class=\"bde-fancy-divider__separator   \">\n  \t  <\/div>\n<\/div>\n\n<\/div>\n<\/div><\/div><div class=\"bde-columns-281-110 bde-columns\" data-entrance=\"fade\"><div class=\"bde-column-281-111 bde-column\">\n  \n  \n\t\n\n\n\n<img decoding=\"async\" class=\"bde-image2-281-118 bde-image2\" src=\"https:\/\/agilicon.dk\/wp-content\/uploads\/2025\/02\/350px_obejmy-solid-fioletowa-300x300.jpg\" loading=\"lazy\" srcset=\"https:\/\/agilicon.dk\/wp-content\/uploads\/2025\/02\/350px_obejmy-solid-fioletowa.jpg 350w, https:\/\/agilicon.dk\/wp-content\/uploads\/2025\/02\/350px_obejmy-solid-fioletowa-300x300.jpg 300w, https:\/\/agilicon.dk\/wp-content\/uploads\/2025\/02\/350px_obejmy-solid-fioletowa-150x150.jpg 150w\" sizes=\"(max-width: 350px) 100vw, 350px\"><div class=\"bde-text-281-113 bde-text\">\nLilla\n<\/div>\n<\/div><div class=\"bde-column-281-114 bde-column\">\n  \n  \n\t\n\n\n\n<img decoding=\"async\" class=\"bde-image2-281-115 bde-image2\" src=\"https:\/\/agilicon.dk\/wp-content\/uploads\/2025\/02\/350px_obejmy-solid-niebieska-300x300.jpg\" loading=\"lazy\" srcset=\"https:\/\/agilicon.dk\/wp-content\/uploads\/2025\/02\/350px_obejmy-solid-niebieska.jpg 350w, https:\/\/agilicon.dk\/wp-content\/uploads\/2025\/02\/350px_obejmy-solid-niebieska-300x300.jpg 300w, https:\/\/agilicon.dk\/wp-content\/uploads\/2025\/02\/350px_obejmy-solid-niebieska-150x150.jpg 150w\" sizes=\"(max-width: 350px) 100vw, 350px\"><div class=\"bde-text-281-116 bde-text\">\nBl\u00e5<br>\n<\/div>\n<\/div><div class=\"bde-column-281-117 bde-column\">\n  \n  \n\t\n\n\n\n<img decoding=\"async\" class=\"bde-image2-281-112 bde-image2\" src=\"https:\/\/agilicon.dk\/wp-content\/uploads\/2025\/02\/350px_obejmy-solid-szara-300x300.jpg\" loading=\"lazy\" srcset=\"https:\/\/agilicon.dk\/wp-content\/uploads\/2025\/02\/350px_obejmy-solid-szara.jpg 350w, https:\/\/agilicon.dk\/wp-content\/uploads\/2025\/02\/350px_obejmy-solid-szara-300x300.jpg 300w, https:\/\/agilicon.dk\/wp-content\/uploads\/2025\/02\/350px_obejmy-solid-szara-150x150.jpg 150w\" sizes=\"(max-width: 350px) 100vw, 350px\"><div class=\"bde-text-281-119 bde-text\">\nGr\u00e5<br>\n<\/div>\n<\/div><div class=\"bde-column-281-120 bde-column\">\n  \n  \n\t\n\n\n\n<img decoding=\"async\" class=\"bde-image2-281-121 bde-image2\" src=\"https:\/\/agilicon.dk\/wp-content\/uploads\/2025\/02\/350px_obejmy-solid-zolta-300x300.jpg\" loading=\"lazy\" srcset=\"https:\/\/agilicon.dk\/wp-content\/uploads\/2025\/02\/350px_obejmy-solid-zolta.jpg 350w, https:\/\/agilicon.dk\/wp-content\/uploads\/2025\/02\/350px_obejmy-solid-zolta-300x300.jpg 300w, https:\/\/agilicon.dk\/wp-content\/uploads\/2025\/02\/350px_obejmy-solid-zolta-150x150.jpg 150w\" sizes=\"(max-width: 350px) 100vw, 350px\"><div class=\"bde-text-281-122 bde-text\">\nGul\n<\/div>\n<\/div><\/div><div class=\"bde-columns-281-123 bde-columns\" data-entrance=\"fade\"><div class=\"bde-column-281-124 bde-column\">\n  \n  \n\t\n\n\n\n<img decoding=\"async\" class=\"bde-image2-281-125 bde-image2\" src=\"https:\/\/agilicon.dk\/wp-content\/uploads\/2025\/02\/350px_obejmy-solid-czarna-300x300.jpg\" loading=\"lazy\" srcset=\"https:\/\/agilicon.dk\/wp-content\/uploads\/2025\/02\/350px_obejmy-solid-czarna.jpg 350w, https:\/\/agilicon.dk\/wp-content\/uploads\/2025\/02\/350px_obejmy-solid-czarna-300x300.jpg 300w, https:\/\/agilicon.dk\/wp-content\/uploads\/2025\/02\/350px_obejmy-solid-czarna-150x150.jpg 150w\" sizes=\"(max-width: 350px) 100vw, 350px\"><div class=\"bde-text-281-126 bde-text\">\nSort\n<\/div>\n<\/div><div class=\"bde-column-281-127 bde-column\">\n  \n  \n\t\n\n\n\n<img decoding=\"async\" class=\"bde-image2-281-128 bde-image2\" src=\"https:\/\/agilicon.dk\/wp-content\/uploads\/2025\/02\/350px_obejmy-solid-rozowa-300x300.jpg\" loading=\"lazy\" srcset=\"https:\/\/agilicon.dk\/wp-content\/uploads\/2025\/02\/350px_obejmy-solid-rozowa.jpg 350w, https:\/\/agilicon.dk\/wp-content\/uploads\/2025\/02\/350px_obejmy-solid-rozowa-300x300.jpg 300w, https:\/\/agilicon.dk\/wp-content\/uploads\/2025\/02\/350px_obejmy-solid-rozowa-150x150.jpg 150w\" sizes=\"(max-width: 350px) 100vw, 350px\"><div class=\"bde-text-281-129 bde-text\">\nPink<br>\n<\/div>\n<\/div><div class=\"bde-column-281-130 bde-column\">\n  \n  \n\t\n\n\n\n<img decoding=\"async\" class=\"bde-image2-281-131 bde-image2\" src=\"https:\/\/agilicon.dk\/wp-content\/uploads\/2025\/02\/350px_obejmy-solid-czerwona-300x300.jpg\" loading=\"lazy\" srcset=\"https:\/\/agilicon.dk\/wp-content\/uploads\/2025\/02\/350px_obejmy-solid-czerwona.jpg 350w, https:\/\/agilicon.dk\/wp-content\/uploads\/2025\/02\/350px_obejmy-solid-czerwona-300x300.jpg 300w, https:\/\/agilicon.dk\/wp-content\/uploads\/2025\/02\/350px_obejmy-solid-czerwona-150x150.jpg 150w\" sizes=\"(max-width: 350px) 100vw, 350px\"><div class=\"bde-text-281-132 bde-text\">\nR\u00f8d<br>\n<\/div>\n<\/div><div class=\"bde-column-281-133 bde-column\">\n  \n  \n\t\n\n\n\n\n<\/div><\/div><\/div>\n<\/section><section class=\"bde-section-281-142 bde-section bde-preset-26b77052-fea6-4b05-9401-d7d5f166f5dc\" data-bde-lazy-bg=\"waiting\">\n  \n        \n    \n\t\n\n\n\n<div class=\"section-container\"><h1 class=\"bde-heading-281-144 bde-heading\">\nPriser\n<\/h1><div class=\"bde-text-281-143 bde-text\">\nPriserne er inkl. moms, eksl. levering.<br>Udfyld formularen herunder for at f\u00e5 tilsendt prisen inkl. levering.<br><br>6 meter tunnel kr. 2.645,-<br>5 meter tunnel kr. 2.415,-<br>4 meter tunnel kr. 2.215,-<br>3 meter tunnel kr. 1.890,-<br><br>Sands\u00e6kke kr. 410,- pr s\u00e6t (2 stk.)\n<\/div><\/div>\n<\/section><section class=\"bde-section-281-139 bde-section bde-preset-26b77052-fea6-4b05-9401-d7d5f166f5dc\" data-bde-lazy-bg=\"waiting\">\n  \n        \n    \n\t\n\n\n\n<div class=\"section-container\"><h1 class=\"bde-heading-281-140 bde-heading\">\nPrisforesp\u00f8rgsel\n<\/h1><div class=\"bde-form-builder-281-141 bde-form-builder\">\n\n<form id=\"prisforespoergsel141\" class=\"breakdance-form breakdance-form--vertical\" data-options=\"{&quot;slug&quot;:&quot;custom&quot;,&quot;name&quot;:&quot;Prisforesp\\u00f8rgsel &quot;,&quot;ajaxUrl&quot;:&quot;https:\\\/\\\/agilicon.dk\\\/wp-admin\\\/admin-ajax.php&quot;,&quot;clearOnSuccess&quot;:true,&quot;hideOnSuccess&quot;:true,&quot;successMessage&quot;:&quot;Tak - Din besked er modtaget. &quot;,&quot;errorMessage&quot;:&quot;\\u00c5rh nej, det gik ikke s\\u00e5 godt. Pr\\u00f8v venligst igen&quot;,&quot;redirect&quot;:false,&quot;redirectUrl&quot;:&quot;&quot;,&quot;customJavaScript&quot;:&quot;&quot;,&quot;recaptcha&quot;:{&quot;key&quot;:&quot;&quot;,&quot;enabled&quot;:false},&quot;honeypot_enabled&quot;:false,&quot;popupsOnSuccess&quot;:[],&quot;popupsOnError&quot;:[]}\" data-steps=\"0\" >\n  \n  \n  \n<div class=\"breakdance-form-field breakdance-form-field--text\" >\n    \n    \n            <label class=\"breakdance-form-field__label\" for=\"name\">\n            Navn<span class=\"breakdance-form-field__required\">*<\/span>\n        <\/label>\n    \n    <input\n    class=\"breakdance-form-field__input\"\n    id=\"name\"\n    aria-describedby=\"name\"\n    type=\"text\"\n    name=\"fields[name]\"\n    placeholder=\"\"\n    value=\"\"\n                \n        \n        \n    required\n    \n    \n    \n    \n    \n>\n\n\n    \n    \n<\/div>\n\n\n<div class=\"breakdance-form-field breakdance-form-field--text\" >\n    \n    \n            <label class=\"breakdance-form-field__label\" for=\"addresse\">\n            Leveringsadresse<span class=\"breakdance-form-field__required\">*<\/span>\n        <\/label>\n    \n    <input\n    class=\"breakdance-form-field__input\"\n    id=\"addresse\"\n    aria-describedby=\"addresse\"\n    type=\"text\"\n    name=\"fields[addresse]\"\n    placeholder=\"\"\n    value=\"\"\n                \n        \n        \n    required\n    \n    \n    \n    \n    \n>\n\n\n    \n    \n<\/div>\n\n\n<div class=\"breakdance-form-field breakdance-form-field--email\" >\n    \n    \n            <label class=\"breakdance-form-field__label\" for=\"email\">\n            Email<span class=\"breakdance-form-field__required\">*<\/span>\n        <\/label>\n    \n    <input\n    class=\"breakdance-form-field__input\"\n    id=\"email\"\n    aria-describedby=\"email\"\n    type=\"email\"\n    name=\"fields[email]\"\n    placeholder=\"\"\n    value=\"\"\n                \n        \n        \n    required\n    \n    \n    \n    \n    \n>\n\n\n    \n    \n<\/div>\n\n\n<div class=\"breakdance-form-field breakdance-form-field--textarea\" >\n    \n    \n            <label class=\"breakdance-form-field__label\" for=\"message\">\n            Besked<span class=\"breakdance-form-field__required\">*<\/span>\n        <\/label>\n    \n    <textarea\n    class=\"breakdance-form-field__input\"\n    id=\"message\"\n    aria-describedby=\"message\"\n    type=\"textarea\"\n    name=\"fields[message]\"\n        placeholder=\"Udfyld venligst med antal, l\u00e6ngde, farve p\u00e5 tunneller og farve p\u00e5 bindinger\"\n    required\n    \n    \n    >\n<\/textarea>\n\n\n    \n    \n<\/div><div class=\"breakdance-form-field breakdance-form-footer\">    \n    \n    \n    \n    \n            \n            <button type=\"submit\" class=\"button-atom button-atom--primary breakdance-form-button breakdance-form-button__submit\"  >\n    \n        <span class=\"button-atom__text\">Send foresp\u00f8rgsel<\/span>\n\n        \n        \n            <\/button>\n    \n    <input type=\"hidden\" name=\"form_id\" value=\"141\">\n    <input type=\"hidden\" name=\"post_id\" value=\"281\">\n<\/div>\n\n  \n<\/form>\n\n\n<\/div><\/div>\n<\/section>","protected":false},"excerpt":{"rendered":"<p>DLDogs sands\u00e6kke er af h\u00f8j kvalitet, der fungerer som v\u00e6gte til at stabilisere agility-tunneler under intense tr\u00e6ningssessioner og konkurrencer. Sands\u00e6kkene er designet til at give optimal stabilitet til tunnelen, hvilket er n\u00f8glen til at holde tunnellen p\u00e5 plads, n\u00e5r din hund l\u00f8ber igennem den i fuld fart. Takket v\u00e6re solide materialer og funktionelt design forhindrer [&hellip;]<\/p>\n","protected":false},"author":2,"featured_media":0,"parent":0,"menu_order":0,"comment_status":"closed","ping_status":"closed","template":"","meta":{"nf_dc_page":"","_breakdance_hide_in_design_set":false,"_breakdance_tags":"","footnotes":""},"class_list":["post-281","page","type-page","status-publish","hentry"],"_links":{"self":[{"href":"https:\/\/agilicon.dk\/en\/wp-json\/wp\/v2\/pages\/281","targetHints":{"allow":["GET"]}}],"collection":[{"href":"https:\/\/agilicon.dk\/en\/wp-json\/wp\/v2\/pages"}],"about":[{"href":"https:\/\/agilicon.dk\/en\/wp-json\/wp\/v2\/types\/page"}],"author":[{"embeddable":true,"href":"https:\/\/agilicon.dk\/en\/wp-json\/wp\/v2\/users\/2"}],"replies":[{"embeddable":true,"href":"https:\/\/agilicon.dk\/en\/wp-json\/wp\/v2\/comments?post=281"}],"version-history":[{"count":11,"href":"https:\/\/agilicon.dk\/en\/wp-json\/wp\/v2\/pages\/281\/revisions"}],"predecessor-version":[{"id":420,"href":"https:\/\/agilicon.dk\/en\/wp-json\/wp\/v2\/pages\/281\/revisions\/420"}],"wp:attachment":[{"href":"https:\/\/agilicon.dk\/en\/wp-json\/wp\/v2\/media?parent=281"}],"curies":[{"name":"wp","href":"https:\/\/api.w.org\/{rel}","templated":true}]}}