{"id":334,"date":"2025-02-13T17:15:49","date_gmt":"2025-02-13T17:15:49","guid":{"rendered":"https:\/\/agilicon.dk\/?page_id=334"},"modified":"2025-03-23T16:28:22","modified_gmt":"2025-03-23T16:28:22","slug":"bing","status":"publish","type":"page","link":"https:\/\/agilicon.dk\/en\/bing\/","title":{"rendered":"BING"},"content":{"rendered":"<section class=\"bde-section-334-100 bde-section bde-preset-26b77052-fea6-4b05-9401-d7d5f166f5dc\" data-bde-lazy-bg=\"waiting\" data-entrance=\"fade\">\n  \n        \n    \n\t\n\n\n\n<div class=\"section-container\"><div class=\"bde-div-334-120 bde-div\">\n  \n  \n\t\n\n\n\n<div class=\"bde-div-334-121 bde-div\">\n  \n  \n\t\n\n\n\n<img decoding=\"async\" class=\"bde-image2-334-101 bde-image2\" src=\"https:\/\/agilicon.dk\/wp-content\/uploads\/2025\/03\/bing-logo-600dpi-semi-transparent_1-500.png\" loading=\"lazy\">\n<\/div>\n<\/div><div class=\"bde-columns-334-102 bde-columns\"><div class=\"bde-column-334-103 bde-column\">\n  \n  \n\t\n\n\n\n<div class=\"bde-rich-text-334-122 bde-rich-text breakdance-rich-text-styles\">\n<p><span class=\"relative -mx-px my-[-0.2rem] rounded px-px py-[0.2rem]\"><strong>Bing.Agility<\/strong> producerer agilityforhindringer af h\u00f8j kvalitet med stort fokus p\u00e5 sikkerhed.<\/span> <br \/><span class=\"relative -mx-px my-[-0.2rem] rounded px-px py-[0.2rem]\">De er is\u00e6r kendt for deres udvalg af plastikspring, soft-forhindringer (f.eks. mur\/flyv\/hjul) og slalom.<\/span><\/p>\n<p><span class=\"relative -mx-px my-[-0.2rem] rounded px-px py-[0.2rem]\">Netop disse forhindringer vil blive benyttet til AGILICONs arrangementer.<\/span> <br \/><span class=\"relative -mx-px my-[-0.2rem] rounded px-px py-[0.2rem]\">Deres bl\u00f8de plastikspring har et fuldt afrundet design med et indbygget v\u00e6gtsystem i foden, som underst\u00f8tter stabilitet i vind.<\/span><\/p>\n<p><span class=\"relative -mx-px my-[-0.2rem] rounded px-px py-[0.2rem]\">Agilityforhindringer fra Bing.Agility er ogs\u00e5 repr\u00e6senteret i Pawfection-hallen.<\/span><\/p>\n<p><span class=\"relative -mx-px my-[-0.2rem] rounded px-px py-[0.2rem]\">Se Bing.Agilitys udvalg af forhindringer og bestil via deres hjemmeside: <a href=\"https:\/\/bingagility-en.weebly.com\/\">https:\/\/bingagility-en.weebly.com\/<\/a><\/span><\/p>\n<\/div>\n<\/div><\/div><\/div>\n<\/section>","protected":false},"excerpt":{"rendered":"<p>Bing.Agility producerer agilityforhindringer af h\u00f8j kvalitet med stort fokus p\u00e5 sikkerhed. De er is\u00e6r kendt for deres udvalg af plastikspring, soft-forhindringer (f.eks. mur\/flyv\/hjul) og slalom. Netop disse forhindringer vil blive benyttet til AGILICONs arrangementer. Deres bl\u00f8de plastikspring har et fuldt afrundet design med et indbygget v\u00e6gtsystem i foden, som underst\u00f8tter stabilitet i vind. Agilityforhindringer fra [&hellip;]<\/p>\n","protected":false},"author":2,"featured_media":0,"parent":0,"menu_order":0,"comment_status":"closed","ping_status":"closed","template":"","meta":{"nf_dc_page":"","_breakdance_hide_in_design_set":false,"_breakdance_tags":"","footnotes":""},"class_list":["post-334","page","type-page","status-publish","hentry"],"_links":{"self":[{"href":"https:\/\/agilicon.dk\/en\/wp-json\/wp\/v2\/pages\/334","targetHints":{"allow":["GET"]}}],"collection":[{"href":"https:\/\/agilicon.dk\/en\/wp-json\/wp\/v2\/pages"}],"about":[{"href":"https:\/\/agilicon.dk\/en\/wp-json\/wp\/v2\/types\/page"}],"author":[{"embeddable":true,"href":"https:\/\/agilicon.dk\/en\/wp-json\/wp\/v2\/users\/2"}],"replies":[{"embeddable":true,"href":"https:\/\/agilicon.dk\/en\/wp-json\/wp\/v2\/comments?post=334"}],"version-history":[{"count":10,"href":"https:\/\/agilicon.dk\/en\/wp-json\/wp\/v2\/pages\/334\/revisions"}],"predecessor-version":[{"id":469,"href":"https:\/\/agilicon.dk\/en\/wp-json\/wp\/v2\/pages\/334\/revisions\/469"}],"wp:attachment":[{"href":"https:\/\/agilicon.dk\/en\/wp-json\/wp\/v2\/media?parent=334"}],"curies":[{"name":"wp","href":"https:\/\/api.w.org\/{rel}","templated":true}]}}