{"id":376,"date":"2025-03-12T19:46:26","date_gmt":"2025-03-12T19:46:26","guid":{"rendered":"https:\/\/agilicon.dk\/?page_id=376"},"modified":"2025-03-23T16:31:54","modified_gmt":"2025-03-23T16:31:54","slug":"aptus","status":"publish","type":"page","link":"https:\/\/agilicon.dk\/en\/aptus\/","title":{"rendered":"Aptus"},"content":{"rendered":"<section class=\"bde-section-376-100 bde-section bde-preset-26b77052-fea6-4b05-9401-d7d5f166f5dc\" data-bde-lazy-bg=\"waiting\" data-entrance=\"fade\">\n  \n        \n    \n\t\n\n\n\n<div class=\"section-container\"><div class=\"bde-div-376-106 bde-div\">\n  \n  \n\t\n\n\n\n<img decoding=\"async\" class=\"bde-image2-376-101 bde-image2\" src=\"https:\/\/agilicon.dk\/wp-content\/uploads\/2025\/03\/Aptus-200.png\" loading=\"lazy\">\n<\/div><div class=\"bde-columns-376-102 bde-columns\"><div class=\"bde-column-376-103 bde-column\">\n  \n  \n\t\n\n\n\n<div class=\"bde-rich-text-376-107 bde-rich-text breakdance-rich-text-styles\">\n<p><span class=\"relative -mx-px my-[-0.2rem] rounded px-px py-[0.2rem]\"><strong>Aptus<\/strong> er en produktserie udviklet til at forbedre k\u00e6ledyrs sundhed og velv\u00e6re.<\/span><\/p>\n<p><span class=\"relative -mx-px my-[-0.2rem] rounded px-px py-[0.2rem]\">Produkterne underst\u00f8tter forskellige aspekter af k\u00e6ledyrs liv, herunder ern\u00e6ring, ford\u00f8jelse, mundhygiejne, pr\u00e6station, pels og hud.<\/span><\/p>\n<p><span class=\"relative -mx-px my-[-0.2rem] rounded px-px py-[0.2rem]\">Som en af hovedpr\u00e6miesponsorerne for AGILICON vil Aptus' produkter v\u00e6re at finde p\u00e5 pr\u00e6miebordet.<\/span> <span class=\"relative -mx-px my-[-0.2rem] rounded px-px py-[0.2rem]\">L\u00e6s mere om de mange forskellige produkter fra Aptus p\u00e5 Orionpharmas hjemmeside.<\/span><\/p>\n<p><a href=\"https:\/\/www.orionpharmaanimalhealth.com\/dk\/produkter\/aptus\/\">Aptus - Simply the Pets<\/a><\/p>\n<\/div>\n<\/div><\/div><\/div>\n<\/section>","protected":false},"excerpt":{"rendered":"<p>Aptus er en produktserie udviklet til at forbedre k\u00e6ledyrs sundhed og velv\u00e6re. Produkterne underst\u00f8tter forskellige aspekter af k\u00e6ledyrs liv, herunder ern\u00e6ring, ford\u00f8jelse, mundhygiejne, pr\u00e6station, pels og hud. Som en af hovedpr\u00e6miesponsorerne for AGILICON vil Aptus&#8217; produkter v\u00e6re at finde p\u00e5 pr\u00e6miebordet. L\u00e6s mere om de mange forskellige produkter fra Aptus p\u00e5 Orionpharmas hjemmeside. Aptus &#8211; [&hellip;]<\/p>\n","protected":false},"author":2,"featured_media":0,"parent":0,"menu_order":0,"comment_status":"closed","ping_status":"closed","template":"","meta":{"nf_dc_page":"","_breakdance_hide_in_design_set":false,"_breakdance_tags":"","footnotes":""},"class_list":["post-376","page","type-page","status-publish","hentry"],"_links":{"self":[{"href":"https:\/\/agilicon.dk\/en\/wp-json\/wp\/v2\/pages\/376","targetHints":{"allow":["GET"]}}],"collection":[{"href":"https:\/\/agilicon.dk\/en\/wp-json\/wp\/v2\/pages"}],"about":[{"href":"https:\/\/agilicon.dk\/en\/wp-json\/wp\/v2\/types\/page"}],"author":[{"embeddable":true,"href":"https:\/\/agilicon.dk\/en\/wp-json\/wp\/v2\/users\/2"}],"replies":[{"embeddable":true,"href":"https:\/\/agilicon.dk\/en\/wp-json\/wp\/v2\/comments?post=376"}],"version-history":[{"count":7,"href":"https:\/\/agilicon.dk\/en\/wp-json\/wp\/v2\/pages\/376\/revisions"}],"predecessor-version":[{"id":470,"href":"https:\/\/agilicon.dk\/en\/wp-json\/wp\/v2\/pages\/376\/revisions\/470"}],"wp:attachment":[{"href":"https:\/\/agilicon.dk\/en\/wp-json\/wp\/v2\/media?parent=376"}],"curies":[{"name":"wp","href":"https:\/\/api.w.org\/{rel}","templated":true}]}}