{"id":380,"date":"2025-03-12T19:47:02","date_gmt":"2025-03-12T19:47:02","guid":{"rendered":"https:\/\/agilicon.dk\/?page_id=380"},"modified":"2025-03-23T16:36:28","modified_gmt":"2025-03-23T16:36:28","slug":"monster","status":"publish","type":"page","link":"https:\/\/agilicon.dk\/en\/monster\/","title":{"rendered":"MONSTER"},"content":{"rendered":"<section class=\"bde-section-380-100 bde-section bde-preset-26b77052-fea6-4b05-9401-d7d5f166f5dc\" data-bde-lazy-bg=\"waiting\" data-entrance=\"fade\">\n  \n        \n    \n\t\n\n\n\n<div class=\"section-container\"><div class=\"bde-div-380-106 bde-div\">\n  \n  \n\t\n\n\n\n<img decoding=\"async\" class=\"bde-image2-380-101 bde-image2\" src=\"https:\/\/agilicon.dk\/wp-content\/uploads\/2025\/03\/Monster-hvid-1200-768x174.png\" loading=\"lazy\" srcset=\"https:\/\/agilicon.dk\/wp-content\/uploads\/2025\/03\/Monster-hvid-1200-768x174.png 768w, https:\/\/agilicon.dk\/wp-content\/uploads\/2025\/03\/Monster-hvid-1200-300x68.png 300w, https:\/\/agilicon.dk\/wp-content\/uploads\/2025\/03\/Monster-hvid-1200-1024x232.png 1024w\" sizes=\"(max-width: 768px) 100vw, 768px\">\n<\/div><div class=\"bde-columns-380-102 bde-columns\"><div class=\"bde-column-380-103 bde-column\">\n  \n  \n\t\n\n\n\n<div class=\"bde-rich-text-380-107 bde-rich-text breakdance-rich-text-styles\">\n<p><strong>MONSTER Petfood<\/strong> produces dog and cat food, with a focus on delivering healthy and tasty food. Monster is natural, without unnecessary additives, has a high protein and meat content, is gentle on the stomach and intestines and good for the teeth. There is a wide range of varieties with different protein sources, and is available in practical 2 kilo or 12 kilo resealable bags.<\/p>\n<p>MONSTER is also available as wet food, and in addition to complete food, they also have a large selection of rawhide chew bones that are hand-rolled in Sweden. <br \/>Treats are available as sausages in various protein sources, which are cut-resistant. In addition, there are both soft treats and freeze-dried treats, which are also available with various single proteins.<\/p>\n<p>MONSTER also offers their popular Dental Chew chew sticks, which are available in 3 different varieties.<\/p>\n<p>Another popular product from MONSTER is their power pat\u00e9, which is a perfect energy boost, for example, training or competition days.<\/p>\n<p><br \/>MONSTER Petfood is one of <strong>the main prize sponsors<\/strong> for AGLICON, where their products will be found on the prize table.<\/p>\n<p>See MONSTER's large selection on their website: <a href=\"https:\/\/da.monsterpetfood.com\">MONSTER Petfood<\/a>\u00a0<\/p>\n<\/div>\n<\/div><\/div><\/div>\n<\/section>","protected":false},"excerpt":{"rendered":"<p>MONSTER Petfood producerer hunde- og kattemad, med fokus p\u00e5 at levere sundt og velsmagende foder. Monster er naturligt, uden un\u00f8dvendige tils\u00e6tningsstoffer, har et h\u00f8jt protein- og k\u00f8dindhold, er sk\u00e5nsomt for mave og tarm og godt for t\u00e6nderne. Der findes et bredt sortiment af varianter med forskellige proteinkilder, og f\u00e5s i praktiske 2 kilo- eller 12 [&hellip;]<\/p>\n","protected":false},"author":2,"featured_media":0,"parent":0,"menu_order":0,"comment_status":"closed","ping_status":"closed","template":"","meta":{"nf_dc_page":"","_breakdance_hide_in_design_set":false,"_breakdance_tags":"","footnotes":""},"class_list":["post-380","page","type-page","status-publish","hentry"],"_links":{"self":[{"href":"https:\/\/agilicon.dk\/en\/wp-json\/wp\/v2\/pages\/380","targetHints":{"allow":["GET"]}}],"collection":[{"href":"https:\/\/agilicon.dk\/en\/wp-json\/wp\/v2\/pages"}],"about":[{"href":"https:\/\/agilicon.dk\/en\/wp-json\/wp\/v2\/types\/page"}],"author":[{"embeddable":true,"href":"https:\/\/agilicon.dk\/en\/wp-json\/wp\/v2\/users\/2"}],"replies":[{"embeddable":true,"href":"https:\/\/agilicon.dk\/en\/wp-json\/wp\/v2\/comments?post=380"}],"version-history":[{"count":12,"href":"https:\/\/agilicon.dk\/en\/wp-json\/wp\/v2\/pages\/380\/revisions"}],"predecessor-version":[{"id":474,"href":"https:\/\/agilicon.dk\/en\/wp-json\/wp\/v2\/pages\/380\/revisions\/474"}],"wp:attachment":[{"href":"https:\/\/agilicon.dk\/en\/wp-json\/wp\/v2\/media?parent=380"}],"curies":[{"name":"wp","href":"https:\/\/api.w.org\/{rel}","templated":true}]}}