{"id":691,"date":"2025-08-18T22:35:28","date_gmt":"2025-08-18T20:35:28","guid":{"rendered":"https:\/\/agilicon.dk\/?page_id=691"},"modified":"2025-08-21T10:11:17","modified_gmt":"2025-08-21T08:11:17","slug":"aftenstaevne-battle-off-the-stars","status":"publish","type":"page","link":"https:\/\/agilicon.dk\/en\/aftenstaevne-battle-off-the-stars\/","title":{"rendered":"Aftenst\u00e6vne &#8211; Battle off the Stars"},"content":{"rendered":"<section class=\"bde-section-691-100 bde-section\">\n  \n  \n\t\n\n\n\n<div class=\"section-container\"><div class=\"bde-columns-691-101 bde-columns\"><div class=\"bde-column-691-102 bde-column\">\n  \n  \n\t\n\n\n\n<h4 class=\"bde-heading-691-103 bde-heading\">\nAftenst\u00e6vne\n<\/h4><h1 class=\"bde-heading-691-104 bde-heading\">\nBAttle off the stars\n<\/h1><div class=\"bde-text-691-105 bde-text\">\nAGILICON St\u00e6vne for Klasse 3\u00a0\u2b50\n<\/div><div class=\"bde-text-691-106 bde-text\">\nKom og v\u00e6r med til AGILICON\u2019s st\u00e6vne Battle off the Stars, skr\u00e6ddersyet til hunde og f\u00f8rere p\u00e5 klasse 3-niveau! Vi skaber rammerne for masser af succes, med sp\u00e6ndene baner \u2013 og som samtidig giver mulighed for at skinne som den stjerne, I er!\n<\/div>\n<\/div><div class=\"bde-column-691-107 bde-column\">\n              \n  \n  \n\t\n\n  <div class=\"section-background-overlay\"><\/div>\n\n\n<div class=\"bde-image-691-108 bde-image\">\n<figure class=\"breakdance-image breakdance-image--674\">\n\t<div class=\"breakdance-image-container\">\n\t\t<div class=\"breakdance-image-clip\"><img loading=\"lazy\" decoding=\"async\" class=\"breakdance-image-object\" src=\"https:\/\/agilicon.dk\/wp-content\/uploads\/2025\/08\/8BD30862-99C6-4E3F-A9AB-C315C5C18DFD_1_102_a-e1755536604686.jpeg\" width=\"1330\" height=\"1000\" srcset=\"https:\/\/agilicon.dk\/wp-content\/uploads\/2025\/08\/8BD30862-99C6-4E3F-A9AB-C315C5C18DFD_1_102_a-e1755536604686.jpeg 1330w, https:\/\/agilicon.dk\/wp-content\/uploads\/2025\/08\/8BD30862-99C6-4E3F-A9AB-C315C5C18DFD_1_102_a-e1755536604686-300x226.jpeg 300w, https:\/\/agilicon.dk\/wp-content\/uploads\/2025\/08\/8BD30862-99C6-4E3F-A9AB-C315C5C18DFD_1_102_a-e1755536604686-1024x770.jpeg 1024w, https:\/\/agilicon.dk\/wp-content\/uploads\/2025\/08\/8BD30862-99C6-4E3F-A9AB-C315C5C18DFD_1_102_a-e1755536604686-768x577.jpeg 768w, https:\/\/agilicon.dk\/wp-content\/uploads\/2025\/08\/8BD30862-99C6-4E3F-A9AB-C315C5C18DFD_1_102_a-e1755536604686-16x12.jpeg 16w, https:\/\/agilicon.dk\/wp-content\/uploads\/2025\/08\/8BD30862-99C6-4E3F-A9AB-C315C5C18DFD_1_102_a-e1755536604686-1320x992.jpeg 1320w\" sizes=\"auto, (max-width: 1330px) 100vw, 1330px\"><\/div>\n\t<\/div><\/figure>\n\n<\/div>\n<\/div><\/div><\/div>\n<\/section><section class=\"bde-section-691-109 bde-section\">\n  \n  \n\t\n\n\n\n<div class=\"section-container\"><h2 class=\"bde-heading-691-110 bde-heading\">\nTIlmelding & Startlister\n<\/h2><div class=\"bde-columns-691-111 bde-columns\"><div class=\"bde-column-691-112 bde-column\">\n  \n  \n\t\n\n\n\n<div class=\"bde-icon-691-113 bde-icon\">\n\n    \n            <div class=\"bde-icon-icon breakdance-icon-atom\" >\n    \n                    <svg xmlns=\"http:\/\/www.w3.org\/2000\/svg\" viewbox=\"0 0 640 512\"><!--! Font Awesome Free 6.5.1 by @fontawesome - https:\/\/fontawesome.com License - https:\/\/fontawesome.com\/license\/free (Icons: CC BY 4.0, Fonts: SIL OFL 1.1, Code: MIT License) Copyright 2023 Fonticons, Inc. --><path d=\"M96 128a128 128 0 1 1 256 0A128 128 0 1 1 96 128zM0 482.3C0 383.8 79.8 304 178.3 304h91.4C368.2 304 448 383.8 448 482.3c0 16.4-13.3 29.7-29.7 29.7H29.7C13.3 512 0 498.7 0 482.3zM504 312V248H440c-13.3 0-24-10.7-24-24s10.7-24 24-24h64V136c0-13.3 10.7-24 24-24s24 10.7 24 24v64h64c13.3 0 24 10.7 24 24s-10.7 24-24 24H552v64c0 13.3-10.7 24-24 24s-24-10.7-24-24z\"\/><\/svg>\n        \n        \n        \n            <\/div>\n    \n\n\n<\/div><h3 class=\"bde-heading-691-114 bde-heading\">\n\n<\/h3><div class=\"bde-button-691-115 bde-button\">\n        \n    \n    \n    \n    \n            \n            <button type=\"button\" class=\"button-atom button-atom--primary bde-button__button\"  >\n    \n        <span class=\"button-atom__text\">TILMELDING<\/span>\n\n        \n        \n            <\/button>\n    \n\n\n<\/div>\n<\/div><div class=\"bde-column-691-116 bde-column\">\n  \n  \n\t\n\n\n\n<div class=\"bde-icon-691-117 bde-icon\">\n\n    \n            <div class=\"bde-icon-icon breakdance-icon-atom\" >\n    \n                    <svg xmlns=\"http:\/\/www.w3.org\/2000\/svg\" id=\"icon-list-numbered\" viewbox=\"0 0 32 32\">\n<path d=\"M12 26h20v4h-20zM12 14h20v4h-20zM12 2h20v4h-20zM6 0v8h-2v-6h-2v-2zM4 16.438v1.563h4v2h-6v-4.563l4-1.875v-1.563h-4v-2h6v4.563zM8 22v10h-6v-2h4v-2h-4v-2h4v-2h-4v-2z\"\/>\n<\/svg>\n        \n        \n        \n            <\/div>\n    \n\n\n<\/div><div class=\"bde-button-691-118 bde-button\">\n        \n    \n    \n    \n    \n            \n            <button type=\"button\" class=\"button-atom button-atom--primary bde-button__button\"  >\n    \n        <span class=\"button-atom__text\">Startlister<\/span>\n\n        \n        \n            <\/button>\n    \n\n\n<\/div>\n<\/div><div class=\"bde-column-691-119 bde-column\">\n  \n  \n\t\n\n\n\n<div class=\"bde-icon-691-120 bde-icon\">\n\n    \n            <div class=\"bde-icon-icon breakdance-icon-atom\" >\n    \n                    <svg xmlns=\"http:\/\/www.w3.org\/2000\/svg\" viewbox=\"0 0 512 512\"><!--! Font Awesome Free 6.5.1 by @fontawesome - https:\/\/fontawesome.com License - https:\/\/fontawesome.com\/license\/free (Icons: CC BY 4.0, Fonts: SIL OFL 1.1, Code: MIT License) Copyright 2023 Fonticons, Inc. --><path d=\"M512 256C512 114.6 397.4 0 256 0S0 114.6 0 256C0 376 82.7 476.8 194.2 504.5V334.2H141.4V256h52.8V222.3c0-87.1 39.4-127.5 125-127.5c16.2 0 44.2 3.2 55.7 6.4V172c-6-.6-16.5-1-29.6-1c-42 0-58.2 15.9-58.2 57.2V256h83.6l-14.4 78.2H287V510.1C413.8 494.8 512 386.9 512 256h0z\"\/><\/svg>\n        \n        \n        \n            <\/div>\n    \n\n\n<\/div><div class=\"bde-button-691-121 bde-button\">\n        \n    \n    \n    \n    \n            \n            <button type=\"button\" class=\"button-atom button-atom--primary bde-button__button\"  >\n    \n        <span class=\"button-atom__text\">Facebook<\/span>\n\n        \n        \n            <\/button>\n    \n\n\n<\/div>\n<\/div><\/div><\/div>\n<\/section><section class=\"bde-section-691-122 bde-section\">\n  \n  \n\t\n\n\n\n<div class=\"section-container\"><h2 class=\"bde-heading-691-123 bde-heading\">\nEverything you need to know\n<\/h2><div class=\"bde-columns-691-124 bde-columns\"><div class=\"bde-column-691-125 bde-column\">\n  \n  \n\t\n\n\n\n<div class=\"bde-icon-691-126 bde-icon\">\n\n    \n            <div class=\"bde-icon-icon breakdance-icon-atom\" >\n    \n                    <svg xmlns=\"http:\/\/www.w3.org\/2000\/svg\" viewbox=\"0 0 320 512\"><!--! Font Awesome Free 6.5.1 by @fontawesome - https:\/\/fontawesome.com License - https:\/\/fontawesome.com\/license\/free (Icons: CC BY 4.0, Fonts: SIL OFL 1.1, Code: MIT License) Copyright 2023 Fonticons, Inc. --><path d=\"M80 160c0-35.3 28.7-64 64-64h32c35.3 0 64 28.7 64 64v3.6c0 21.8-11.1 42.1-29.4 53.8l-42.2 27.1c-25.2 16.2-40.4 44.1-40.4 74V320c0 17.7 14.3 32 32 32s32-14.3 32-32v-1.4c0-8.2 4.2-15.8 11-20.2l42.2-27.1c36.6-23.6 58.8-64.1 58.8-107.7V160c0-70.7-57.3-128-128-128H144C73.3 32 16 89.3 16 160c0 17.7 14.3 32 32 32s32-14.3 32-32zm80 320a40 40 0 1 0 0-80 40 40 0 1 0 0 80z\"\/><\/svg>\n        \n        \n        \n            <\/div>\n    \n\n\n<\/div>\n<\/div><div class=\"bde-column-691-127 bde-column\">\n  \n  \n\t\n\n\n\n<div class=\"bde-icon-box-691-128 bde-icon-box\">\n\n    \n            <div class=\"ee-iconbox-icon breakdance-icon-atom\" >\n    \n                    <svg xmlns=\"http:\/\/www.w3.org\/2000\/svg\" id=\"icon-calendar\" viewbox=\"0 0 32 32\">\n<path d=\"M10 12h4v4h-4zM16 12h4v4h-4zM22 12h4v4h-4zM4 24h4v4h-4zM10 24h4v4h-4zM16 24h4v4h-4zM10 18h4v4h-4zM16 18h4v4h-4zM22 18h4v4h-4zM4 18h4v4h-4zM26 0v2h-4v-2h-14v2h-4v-2h-4v32h30v-32h-4zM28 30h-26v-22h26v22z\"\/>\n<\/svg>\n        \n        \n        \n            <\/div>\n    \n\n<div class=\"ee-iconbox-content\">\n      <p class=\"ee-iconbox-title bde-h3\" >Date<\/p>\n        <div class=\"ee-iconbox-text\" >Kommer senere<\/div>\n    <\/div>\n\n<\/div><div class=\"bde-icon-box-691-129 bde-icon-box\">\n\n    \n            <div class=\"ee-iconbox-icon breakdance-icon-atom\" >\n    \n                    <svg xmlns=\"http:\/\/www.w3.org\/2000\/svg\" viewbox=\"0 0 384 512\"><!--! Font Awesome Free 6.5.1 by @fontawesome - https:\/\/fontawesome.com License - https:\/\/fontawesome.com\/license\/free (Icons: CC BY 4.0, Fonts: SIL OFL 1.1, Code: MIT License) Copyright 2023 Fonticons, Inc. --><path d=\"M215.7 499.2C267 435 384 279.4 384 192C384 86 298 0 192 0S0 86 0 192c0 87.4 117 243 168.3 307.2c12.3 15.3 35.1 15.3 47.4 0zM192 128a64 64 0 1 1 0 128 64 64 0 1 1 0-128z\"\/><\/svg>\n        \n        \n        \n            <\/div>\n    \n\n<div class=\"ee-iconbox-content\">\n      <p class=\"ee-iconbox-title bde-h3\" >Location<\/p>\n        <div class=\"ee-iconbox-text\" >Katrinedal 3, 4520 Svinninge<\/div>\n    <\/div>\n\n<\/div><div class=\"bde-icon-box-691-130 bde-icon-box\">\n\n    \n            <div class=\"ee-iconbox-icon breakdance-icon-atom\" >\n    \n                    <svg xmlns=\"http:\/\/www.w3.org\/2000\/svg\" id=\"icon-stats-bars\" viewbox=\"0 0 32 32\">\n<path d=\"M0 26h32v4h-32zM4 18h4v6h-4zM10 10h4v14h-4zM16 16h4v8h-4zM22 4h4v20h-4z\"\/>\n<\/svg>\n        \n        \n        \n            <\/div>\n    \n\n<div class=\"ee-iconbox-content\">\n      <p class=\"ee-iconbox-title bde-h3\" >Niveau<\/p>\n        <div class=\"ee-iconbox-text\" >Klasse 3<\/div>\n    <\/div>\n\n<\/div>\n<\/div><div class=\"bde-column-691-131 bde-column\">\n  \n  \n\t\n\n\n\n<div class=\"bde-icon-box-691-132 bde-icon-box\">\n\n    \n            <div class=\"ee-iconbox-icon breakdance-icon-atom\" >\n    \n                    <svg xmlns=\"http:\/\/www.w3.org\/2000\/svg\" viewbox=\"0 0 512 512\"><!--! Font Awesome Free 6.5.1 by @fontawesome - https:\/\/fontawesome.com License - https:\/\/fontawesome.com\/license\/free (Icons: CC BY 4.0, Fonts: SIL OFL 1.1, Code: MIT License) Copyright 2023 Fonticons, Inc. --><path d=\"M464 256A208 208 0 1 1 48 256a208 208 0 1 1 416 0zM0 256a256 256 0 1 0 512 0A256 256 0 1 0 0 256zM232 120V256c0 8 4 15.5 10.7 20l96 64c11 7.4 25.9 4.4 33.3-6.7s4.4-25.9-6.7-33.3L280 243.2V120c0-13.3-10.7-24-24-24s-24 10.7-24 24z\"\/><\/svg>\n        \n        \n        \n            <\/div>\n    \n\n<div class=\"ee-iconbox-content\">\n      <p class=\"ee-iconbox-title bde-h3\" >Tidspunkt<\/p>\n        <div class=\"ee-iconbox-text\" >F\u00f8rste banegennemgang kl. <\/div>\n    <\/div>\n\n<\/div><div class=\"bde-icon-box-691-133 bde-icon-box\">\n\n    \n            <div class=\"ee-iconbox-icon breakdance-icon-atom\" >\n    \n                    <svg xmlns=\"http:\/\/www.w3.org\/2000\/svg\" viewbox=\"0 0 320 512\"><!--! Font Awesome Free 6.5.1 by @fontawesome - https:\/\/fontawesome.com License - https:\/\/fontawesome.com\/license\/free (Icons: CC BY 4.0, Fonts: SIL OFL 1.1, Code: MIT License) Copyright 2023 Fonticons, Inc. --><path d=\"M112 48a48 48 0 1 1 96 0 48 48 0 1 1 -96 0zm40 304V480c0 17.7-14.3 32-32 32s-32-14.3-32-32V256.9L59.4 304.5c-9.1 15.1-28.8 20-43.9 10.9s-20-28.8-10.9-43.9l58.3-97c17.4-28.9 48.6-46.6 82.3-46.6h29.7c33.7 0 64.9 17.7 82.3 46.6l58.3 97c9.1 15.1 4.2 34.8-10.9 43.9s-34.8 4.2-43.9-10.9L232 256.9V480c0 17.7-14.3 32-32 32s-32-14.3-32-32V352H152z\"\/><\/svg>\n        \n        \n        \n            <\/div>\n    \n\n<div class=\"ee-iconbox-content\">\n      <p class=\"ee-iconbox-title bde-h3\" >Judges<\/p>\n        <div class=\"ee-iconbox-text\" >Christian Zahle Madsen<br>Jannie Hedegaard Nielsen<\/div>\n    <\/div>\n\n<\/div><div class=\"bde-icon-box-691-134 bde-icon-box\">\n\n    \n            <div class=\"ee-iconbox-icon breakdance-icon-atom\" >\n    \n                    <svg xmlns=\"http:\/\/www.w3.org\/2000\/svg\" viewbox=\"0 0 576 512\"><!--! Font Awesome Free 6.5.1 by @fontawesome - https:\/\/fontawesome.com License - https:\/\/fontawesome.com\/license\/free (Icons: CC BY 4.0, Fonts: SIL OFL 1.1, Code: MIT License) Copyright 2023 Fonticons, Inc. --><path d=\"M565.6 36.2C572.1 40.7 576 48.1 576 56V392c0 10-6.2 18.9-15.5 22.4l-168 64c-5.2 2-10.9 2.1-16.1 .3L192.5 417.5l-160 61c-7.4 2.8-15.7 1.8-22.2-2.7S0 463.9 0 456V120c0-10 6.1-18.9 15.5-22.4l168-64c5.2-2 10.9-2.1 16.1-.3L383.5 94.5l160-61c7.4-2.8 15.7-1.8 22.2 2.7zM48 136.5V421.2l120-45.7V90.8L48 136.5zM360 422.7V137.3l-144-48V374.7l144 48zm48-1.5l120-45.7V90.8L408 136.5V421.2z\"\/><\/svg>\n        \n        \n        \n            <\/div>\n    \n\n<div class=\"ee-iconbox-content\">\n      <p class=\"ee-iconbox-title bde-h3\" >Banedesign<\/p>\n        <div class=\"ee-iconbox-text\" >Kommer senere<\/div>\n    <\/div>\n\n<\/div>\n<\/div><\/div><\/div>\n<\/section>","protected":false},"excerpt":{"rendered":"<p>Aftenst\u00e6vne BAttle off the stars AGILICON St\u00e6vne for Klasse 3\u00a0\u2b50 Kom og v\u00e6r med til AGILICON\u2019s st\u00e6vne Battle off the Stars, skr\u00e6ddersyet til hunde og f\u00f8rere p\u00e5 klasse 3-niveau! Vi skaber rammerne for masser af succes, med sp\u00e6ndene baner \u2013 og som samtidig giver mulighed for at skinne som den stjerne, I er! TIlmelding &#038; [&hellip;]<\/p>\n","protected":false},"author":5,"featured_media":0,"parent":0,"menu_order":0,"comment_status":"closed","ping_status":"closed","template":"","meta":{"nf_dc_page":"","_breakdance_hide_in_design_set":false,"_breakdance_tags":"","footnotes":""},"class_list":["post-691","page","type-page","status-publish","hentry"],"_links":{"self":[{"href":"https:\/\/agilicon.dk\/en\/wp-json\/wp\/v2\/pages\/691","targetHints":{"allow":["GET"]}}],"collection":[{"href":"https:\/\/agilicon.dk\/en\/wp-json\/wp\/v2\/pages"}],"about":[{"href":"https:\/\/agilicon.dk\/en\/wp-json\/wp\/v2\/types\/page"}],"author":[{"embeddable":true,"href":"https:\/\/agilicon.dk\/en\/wp-json\/wp\/v2\/users\/5"}],"replies":[{"embeddable":true,"href":"https:\/\/agilicon.dk\/en\/wp-json\/wp\/v2\/comments?post=691"}],"version-history":[{"count":7,"href":"https:\/\/agilicon.dk\/en\/wp-json\/wp\/v2\/pages\/691\/revisions"}],"predecessor-version":[{"id":698,"href":"https:\/\/agilicon.dk\/en\/wp-json\/wp\/v2\/pages\/691\/revisions\/698"}],"wp:attachment":[{"href":"https:\/\/agilicon.dk\/en\/wp-json\/wp\/v2\/media?parent=691"}],"curies":[{"name":"wp","href":"https:\/\/api.w.org\/{rel}","templated":true}]}}