{"id":710,"date":"2025-08-21T10:42:53","date_gmt":"2025-08-21T08:42:53","guid":{"rendered":"https:\/\/agilicon.dk\/?page_id=710"},"modified":"2025-09-03T13:22:49","modified_gmt":"2025-09-03T11:22:49","slug":"aftenstaevne-rising-star","status":"publish","type":"page","link":"https:\/\/agilicon.dk\/en\/aftenstaevne-rising-star\/","title":{"rendered":"Aftenst\u00e6vne &#8211; Rising Star"},"content":{"rendered":"<section class=\"bde-section-710-109 bde-section\">\n  \n  \n\t\n\n\n\n<div class=\"section-container\"><div class=\"bde-columns-710-110 bde-columns\"><div class=\"bde-column-710-111 bde-column\">\n  \n  \n\t\n\n\n\n<h4 class=\"bde-heading-710-112 bde-heading\">\nAftenst\u00e6vne\n<\/h4><h1 class=\"bde-heading-710-113 bde-heading\">\nRising Star\n<\/h1><div class=\"bde-text-710-114 bde-text\">\nAGILICON St\u00e6vne for Begyndere\u00a0\u2b50\n<\/div><div class=\"bde-text-710-115 bde-text\">\nKom og v\u00e6r med til AGILICON\u2019s st\u00e6vne Rising Star, skr\u00e6ddersyet til hunde og f\u00f8rere p\u00e5 klasse 0-niveau! Vi skaber rammerne for masser af succes, med baner der er til at l\u00f8se \u2013 og som samtidig giver mulighed for at skinne som det Stjerneskud i er!\n<\/div>\n<\/div><div class=\"bde-column-710-116 bde-column\">\n              \n  \n  \n\t\n\n  <div class=\"section-background-overlay\"><\/div>\n\n\n<div class=\"bde-image-710-117 bde-image\">\n<figure class=\"breakdance-image breakdance-image--674\">\n\t<div class=\"breakdance-image-container\">\n\t\t<div class=\"breakdance-image-clip\"><img loading=\"lazy\" decoding=\"async\" class=\"breakdance-image-object\" src=\"https:\/\/agilicon.dk\/wp-content\/uploads\/2025\/08\/8BD30862-99C6-4E3F-A9AB-C315C5C18DFD_1_102_a-e1755536604686.jpeg\" width=\"1330\" height=\"1000\" srcset=\"https:\/\/agilicon.dk\/wp-content\/uploads\/2025\/08\/8BD30862-99C6-4E3F-A9AB-C315C5C18DFD_1_102_a-e1755536604686.jpeg 1330w, https:\/\/agilicon.dk\/wp-content\/uploads\/2025\/08\/8BD30862-99C6-4E3F-A9AB-C315C5C18DFD_1_102_a-e1755536604686-300x226.jpeg 300w, https:\/\/agilicon.dk\/wp-content\/uploads\/2025\/08\/8BD30862-99C6-4E3F-A9AB-C315C5C18DFD_1_102_a-e1755536604686-1024x770.jpeg 1024w, https:\/\/agilicon.dk\/wp-content\/uploads\/2025\/08\/8BD30862-99C6-4E3F-A9AB-C315C5C18DFD_1_102_a-e1755536604686-768x577.jpeg 768w, https:\/\/agilicon.dk\/wp-content\/uploads\/2025\/08\/8BD30862-99C6-4E3F-A9AB-C315C5C18DFD_1_102_a-e1755536604686-16x12.jpeg 16w, https:\/\/agilicon.dk\/wp-content\/uploads\/2025\/08\/8BD30862-99C6-4E3F-A9AB-C315C5C18DFD_1_102_a-e1755536604686-1320x992.jpeg 1320w\" sizes=\"auto, (max-width: 1330px) 100vw, 1330px\"><\/div>\n\t<\/div><\/figure>\n\n<\/div>\n<\/div><\/div><\/div>\n<\/section><section class=\"bde-section-710-118 bde-section\">\n  \n  \n\t\n\n\n\n<div class=\"section-container\"><h2 class=\"bde-heading-710-119 bde-heading\">\nTIlmelding & Startlister\n<\/h2><div class=\"bde-columns-710-120 bde-columns\"><div class=\"bde-column-710-125 bde-column\">\n  \n  \n\t\n\n\n\n<div class=\"bde-icon-710-126 bde-icon\">\n\n    \n            <div class=\"bde-icon-icon breakdance-icon-atom\" >\n    \n                    <svg xmlns=\"http:\/\/www.w3.org\/2000\/svg\" viewbox=\"0 0 640 512\"><!--! Font Awesome Free 6.5.1 by @fontawesome - https:\/\/fontawesome.com License - https:\/\/fontawesome.com\/license\/free (Icons: CC BY 4.0, Fonts: SIL OFL 1.1, Code: MIT License) Copyright 2023 Fonticons, Inc. --><path d=\"M96 128a128 128 0 1 1 256 0A128 128 0 1 1 96 128zM0 482.3C0 383.8 79.8 304 178.3 304h91.4C368.2 304 448 383.8 448 482.3c0 16.4-13.3 29.7-29.7 29.7H29.7C13.3 512 0 498.7 0 482.3zM504 312V248H440c-13.3 0-24-10.7-24-24s10.7-24 24-24h64V136c0-13.3 10.7-24 24-24s24 10.7 24 24v64h64c13.3 0 24 10.7 24 24s-10.7 24-24 24H552v64c0 13.3-10.7 24-24 24s-24-10.7-24-24z\"\/><\/svg>\n        \n        \n        \n            <\/div>\n    \n\n\n<\/div><div class=\"bde-button-710-127 bde-button\">\n        \n    \n    \n    \n    \n            \n                    \n            \n            \n\n    \n    \n    \n    \n    \n    <a class=\"breakdance-link button-atom button-atom--primary bde-button__button\" href=\"#rising-star-signup\" target=\"_self\" data-type=\"url\"  >\n\n    \n        <span class=\"button-atom__text\">Registration<\/span>\n\n        \n        \n                <\/a>\n\n    \n\n\n<\/div>\n<\/div><div class=\"bde-column-710-159 bde-column\">\n  \n  \n\t\n\n\n\n<div class=\"bde-icon-710-160 bde-icon\">\n\n    \n            <div class=\"bde-icon-icon breakdance-icon-atom\" >\n    \n                    <svg xmlns=\"http:\/\/www.w3.org\/2000\/svg\" id=\"icon-list-numbered\" viewbox=\"0 0 32 32\">\n<path d=\"M12 26h20v4h-20zM12 14h20v4h-20zM12 2h20v4h-20zM6 0v8h-2v-6h-2v-2zM4 16.438v1.563h4v2h-6v-4.563l4-1.875v-1.563h-4v-2h6v4.563zM8 22v10h-6v-2h4v-2h-4v-2h4v-2h-4v-2z\"\/>\n<\/svg>\n        \n        \n        \n            <\/div>\n    \n\n\n<\/div><div class=\"bde-button-710-161 bde-button\">\n        \n    \n    \n    \n    \n            \n                    \n            \n                           \n                       \n                 \n\n    \n    \n    \n                    \n    \n    <a class=\"breakdance-link button-atom button-atom--custom bde-button__button\" href=\"#\" target=\"_self\" data-type=\"action\"  data-action='{\"type\":\"popup\",\"popupOptions\":{\"popupAction\":\"open\",\"popupId\":\"741\"}}' >\n\n    \n        <span class=\"button-atom__text\">Startlister<\/span>\n\n        \n        \n                <\/a>\n\n    \n\n\n<\/div>\n<\/div><div class=\"bde-column-710-128 bde-column\">\n  \n  \n\t\n\n\n\n<div class=\"bde-icon-710-129 bde-icon\">\n\n    \n            <div class=\"bde-icon-icon breakdance-icon-atom\" >\n    \n                    <svg xmlns=\"http:\/\/www.w3.org\/2000\/svg\" viewbox=\"0 0 512 512\"><!--! Font Awesome Free 6.5.1 by @fontawesome - https:\/\/fontawesome.com License - https:\/\/fontawesome.com\/license\/free (Icons: CC BY 4.0, Fonts: SIL OFL 1.1, Code: MIT License) Copyright 2023 Fonticons, Inc. --><path d=\"M512 256C512 114.6 397.4 0 256 0S0 114.6 0 256C0 376 82.7 476.8 194.2 504.5V334.2H141.4V256h52.8V222.3c0-87.1 39.4-127.5 125-127.5c16.2 0 44.2 3.2 55.7 6.4V172c-6-.6-16.5-1-29.6-1c-42 0-58.2 15.9-58.2 57.2V256h83.6l-14.4 78.2H287V510.1C413.8 494.8 512 386.9 512 256h0z\"\/><\/svg>\n        \n        \n        \n            <\/div>\n    \n\n\n<\/div><div class=\"bde-button-710-130 bde-button\">\n        \n    \n    \n    \n    \n            \n                    \n            \n            \n\n    \n    \n    \n    \n    \n    <a class=\"breakdance-link button-atom button-atom--primary bde-button__button\" href=\"https:\/\/fb.me\/e\/4Xfh2D7Yy\" target=\"_self\" data-type=\"url\"  >\n\n    \n        <span class=\"button-atom__text\">Facebook<\/span>\n\n        \n        \n                <\/a>\n\n    \n\n\n<\/div>\n<\/div><\/div><\/div>\n<\/section><section class=\"bde-section-710-131 bde-section\">\n  \n  \n\t\n\n\n\n<div class=\"section-container\"><h2 class=\"bde-heading-710-132 bde-heading\">\nEverything you need to know\n<\/h2><div class=\"bde-columns-710-133 bde-columns\"><div class=\"bde-column-710-134 bde-column\">\n  \n  \n\t\n\n\n\n<div class=\"bde-icon-710-135 bde-icon\">\n\n    \n            <div class=\"bde-icon-icon breakdance-icon-atom\" >\n    \n                    <svg xmlns=\"http:\/\/www.w3.org\/2000\/svg\" viewbox=\"0 0 320 512\"><!--! Font Awesome Free 6.5.1 by @fontawesome - https:\/\/fontawesome.com License - https:\/\/fontawesome.com\/license\/free (Icons: CC BY 4.0, Fonts: SIL OFL 1.1, Code: MIT License) Copyright 2023 Fonticons, Inc. --><path d=\"M80 160c0-35.3 28.7-64 64-64h32c35.3 0 64 28.7 64 64v3.6c0 21.8-11.1 42.1-29.4 53.8l-42.2 27.1c-25.2 16.2-40.4 44.1-40.4 74V320c0 17.7 14.3 32 32 32s32-14.3 32-32v-1.4c0-8.2 4.2-15.8 11-20.2l42.2-27.1c36.6-23.6 58.8-64.1 58.8-107.7V160c0-70.7-57.3-128-128-128H144C73.3 32 16 89.3 16 160c0 17.7 14.3 32 32 32s32-14.3 32-32zm80 320a40 40 0 1 0 0-80 40 40 0 1 0 0 80z\"\/><\/svg>\n        \n        \n        \n            <\/div>\n    \n\n\n<\/div>\n<\/div><div class=\"bde-column-710-136 bde-column\">\n  \n  \n\t\n\n\n\n<div class=\"bde-icon-box-710-137 bde-icon-box\">\n\n    \n            <div class=\"ee-iconbox-icon breakdance-icon-atom\" >\n    \n                    <svg xmlns=\"http:\/\/www.w3.org\/2000\/svg\" id=\"icon-calendar\" viewbox=\"0 0 32 32\">\n<path d=\"M10 12h4v4h-4zM16 12h4v4h-4zM22 12h4v4h-4zM4 24h4v4h-4zM10 24h4v4h-4zM16 24h4v4h-4zM10 18h4v4h-4zM16 18h4v4h-4zM22 18h4v4h-4zM4 18h4v4h-4zM26 0v2h-4v-2h-14v2h-4v-2h-4v32h30v-32h-4zM28 30h-26v-22h26v22z\"\/>\n<\/svg>\n        \n        \n        \n            <\/div>\n    \n\n<div class=\"ee-iconbox-content\">\n      <p class=\"ee-iconbox-title bde-h3\" >Date<\/p>\n        <div class=\"ee-iconbox-text\" >09. September 2025<\/div>\n    <\/div>\n\n<\/div><div class=\"bde-icon-box-710-138 bde-icon-box\">\n\n    \n            <div class=\"ee-iconbox-icon breakdance-icon-atom\" >\n    \n                    <svg xmlns=\"http:\/\/www.w3.org\/2000\/svg\" viewbox=\"0 0 384 512\"><!--! Font Awesome Free 6.5.1 by @fontawesome - https:\/\/fontawesome.com License - https:\/\/fontawesome.com\/license\/free (Icons: CC BY 4.0, Fonts: SIL OFL 1.1, Code: MIT License) Copyright 2023 Fonticons, Inc. --><path d=\"M215.7 499.2C267 435 384 279.4 384 192C384 86 298 0 192 0S0 86 0 192c0 87.4 117 243 168.3 307.2c12.3 15.3 35.1 15.3 47.4 0zM192 128a64 64 0 1 1 0 128 64 64 0 1 1 0-128z\"\/><\/svg>\n        \n        \n        \n            <\/div>\n    \n\n<div class=\"ee-iconbox-content\">\n      <p class=\"ee-iconbox-title bde-h3\" >Location<\/p>\n        <div class=\"ee-iconbox-text\" >Mindeg\u00e5rdsvej 1, 4470 Sveb\u00f8lle<\/div>\n    <\/div>\n\n<\/div><div class=\"bde-icon-box-710-139 bde-icon-box\">\n\n    \n            <div class=\"ee-iconbox-icon breakdance-icon-atom\" >\n    \n                    <svg xmlns=\"http:\/\/www.w3.org\/2000\/svg\" id=\"icon-stats-bars\" viewbox=\"0 0 32 32\">\n<path d=\"M0 26h32v4h-32zM4 18h4v6h-4zM10 10h4v14h-4zM16 16h4v8h-4zM22 4h4v20h-4z\"\/>\n<\/svg>\n        \n        \n        \n            <\/div>\n    \n\n<div class=\"ee-iconbox-content\">\n      <p class=\"ee-iconbox-title bde-h3\" >Niveau<\/p>\n        <div class=\"ee-iconbox-text\" >Klasse 0<\/div>\n    <\/div>\n\n<\/div>\n<\/div><div class=\"bde-column-710-140 bde-column\">\n  \n  \n\t\n\n\n\n<div class=\"bde-icon-box-710-141 bde-icon-box\">\n\n    \n            <div class=\"ee-iconbox-icon breakdance-icon-atom\" >\n    \n                    <svg xmlns=\"http:\/\/www.w3.org\/2000\/svg\" viewbox=\"0 0 512 512\"><!--! Font Awesome Free 6.5.1 by @fontawesome - https:\/\/fontawesome.com License - https:\/\/fontawesome.com\/license\/free (Icons: CC BY 4.0, Fonts: SIL OFL 1.1, Code: MIT License) Copyright 2023 Fonticons, Inc. --><path d=\"M464 256A208 208 0 1 1 48 256a208 208 0 1 1 416 0zM0 256a256 256 0 1 0 512 0A256 256 0 1 0 0 256zM232 120V256c0 8 4 15.5 10.7 20l96 64c11 7.4 25.9 4.4 33.3-6.7s4.4-25.9-6.7-33.3L280 243.2V120c0-13.3-10.7-24-24-24s-24 10.7-24 24z\"\/><\/svg>\n        \n        \n        \n            <\/div>\n    \n\n<div class=\"ee-iconbox-content\">\n      <p class=\"ee-iconbox-title bde-h3\" >Tidspunkt<\/p>\n        <div class=\"ee-iconbox-text\" >F\u00f8rste banegennemgang kl. 17.30<\/div>\n    <\/div>\n\n<\/div><div class=\"bde-icon-box-710-142 bde-icon-box\">\n\n    \n            <div class=\"ee-iconbox-icon breakdance-icon-atom\" >\n    \n                    <svg xmlns=\"http:\/\/www.w3.org\/2000\/svg\" viewbox=\"0 0 320 512\"><!--! Font Awesome Free 6.5.1 by @fontawesome - https:\/\/fontawesome.com License - https:\/\/fontawesome.com\/license\/free (Icons: CC BY 4.0, Fonts: SIL OFL 1.1, Code: MIT License) Copyright 2023 Fonticons, Inc. --><path d=\"M112 48a48 48 0 1 1 96 0 48 48 0 1 1 -96 0zm40 304V480c0 17.7-14.3 32-32 32s-32-14.3-32-32V256.9L59.4 304.5c-9.1 15.1-28.8 20-43.9 10.9s-20-28.8-10.9-43.9l58.3-97c17.4-28.9 48.6-46.6 82.3-46.6h29.7c33.7 0 64.9 17.7 82.3 46.6l58.3 97c9.1 15.1 4.2 34.8-10.9 43.9s-34.8 4.2-43.9-10.9L232 256.9V480c0 17.7-14.3 32-32 32s-32-14.3-32-32V352H152z\"\/><\/svg>\n        \n        \n        \n            <\/div>\n    \n\n<div class=\"ee-iconbox-content\">\n      <p class=\"ee-iconbox-title bde-h3\" >Judges<\/p>\n        <div class=\"ee-iconbox-text\" >Christian Zahle Madsen<br>Jannie Hedegaard Nielsen<\/div>\n    <\/div>\n\n<\/div><div class=\"bde-icon-box-710-143 bde-icon-box\">\n\n    \n            <div class=\"ee-iconbox-icon breakdance-icon-atom\" >\n    \n                    <svg xmlns=\"http:\/\/www.w3.org\/2000\/svg\" viewbox=\"0 0 576 512\"><!--! Font Awesome Free 6.5.1 by @fontawesome - https:\/\/fontawesome.com License - https:\/\/fontawesome.com\/license\/free (Icons: CC BY 4.0, Fonts: SIL OFL 1.1, Code: MIT License) Copyright 2023 Fonticons, Inc. --><path d=\"M565.6 36.2C572.1 40.7 576 48.1 576 56V392c0 10-6.2 18.9-15.5 22.4l-168 64c-5.2 2-10.9 2.1-16.1 .3L192.5 417.5l-160 61c-7.4 2.8-15.7 1.8-22.2-2.7S0 463.9 0 456V120c0-10 6.1-18.9 15.5-22.4l168-64c5.2-2 10.9-2.1 16.1-.3L383.5 94.5l160-61c7.4-2.8 15.7-1.8 22.2 2.7zM48 136.5V421.2l120-45.7V90.8L48 136.5zM360 422.7V137.3l-144-48V374.7l144 48zm48-1.5l120-45.7V90.8L408 136.5V421.2z\"\/><\/svg>\n        \n        \n        \n            <\/div>\n    \n\n<div class=\"ee-iconbox-content\">\n      <p class=\"ee-iconbox-title bde-h3\" >Baner<\/p>\n        <div class=\"ee-iconbox-text\" >Overskuelige og oplagte til at booste b\u00e5de motivation og selvtillid<\/div>\n    <\/div>\n\n<\/div>\n<\/div><\/div><\/div>\n<\/section><section class=\"bde-section-710-162 bde-section\">\n  \n  \n\t\n\n\n\n<div class=\"section-container\"><h2 class=\"bde-heading-710-163 bde-heading\">\nContact and questions\n<\/h2><div class=\"bde-columns-710-164 bde-columns\"><div class=\"bde-column-710-167 bde-column\">\n  \n  \n\t\n\n\n\n<div class=\"bde-rich-text-710-175 bde-rich-text breakdance-rich-text-styles\">\n<p>Har du sp\u00f8rgsm\u00e5l eller bare brug for at f\u00e5 fat i os vedr\u00f8rende st\u00e6vnet, s\u00e5 kan du skrive til os p\u00e5 mail:<\/p>\n<p><a href=\"mailto:christian@agilicon.dk\">christian@agilicon.dk<\/a><\/p>\n<\/div>\n<\/div><\/div><\/div>\n<\/section><section class=\"bde-section-710-156 bde-section\">\n  \n  \n\t\n\n\n\n<div class=\"section-container\"><div class=\"bde-shortcode-710-157 bde-shortcode\"><div class=\"forminator-ui forminator-custom-form forminator-custom-form-720 forminator-design--material  forminator_ajax\" data-forminator-render=\"0\" data-form=\"forminator-module-720\" data-uid=\"69fc4bd24cb3f\"><br\/><\/div><form\n\t\t\t\tid=\"forminator-module-720\"\n\t\t\t\tclass=\"forminator-ui forminator-custom-form forminator-custom-form-720 forminator-design--material  forminator_ajax\"\n\t\t\t\tmethod=\"post\"\n\t\t\t\tdata-forminator-render=\"0\"\n\t\t\t\tdata-form-id=\"720\"\n\t\t\t\t data-color-option=\"theme\" data-design=\"material\" data-grid=\"open\" style=\"display: none;\"\n\t\t\t\tdata-uid=\"69fc4bd24cb3f\" action=\"\"\n\t\t\t><div role=\"alert\" aria-live=\"polite\" class=\"forminator-response-message forminator-error\" aria-hidden=\"true\"><\/div><div class=\"forminator-row forminator-hidden\"><div id=\"hidden-1\" class=\"forminator-field-hidden  forminator-col-3\"><input type=\"hidden\" id=\"hidden-1_69fc4bd24cb3f\" name=\"hidden-1\" value=\"07\/05\/2026\" \/><\/div><div id=\"hidden-3\" class=\"forminator-field-hidden  forminator-col-3\"><input type=\"hidden\" id=\"hidden-3_69fc4bd24cb3f\" name=\"hidden-3\" value=\"submission_id\" \/><\/div><div id=\"hidden-4\" class=\"forminator-field-hidden  forminator-col-3\"><input type=\"hidden\" id=\"hidden-4_69fc4bd24cb3f\" name=\"hidden-4\" value=\"false\" \/><\/div><div id=\"hidden-2\" class=\"forminator-field-hidden  forminator-col-3\"><input type=\"hidden\" id=\"hidden-2_69fc4bd24cb3f\" name=\"hidden-2\" value=\"false\" \/><\/div><\/div><div class=\"forminator-row\"><div id=\"html-1\" class=\"forminator-field-html forminator-col forminator-col-12\"><div class=\"forminator-field forminator-merge-tags\" data-field=\"html-1\"><h2 id=\"rising-star-signup\">Registration<\/h2>\n<p><strong>Price:<\/strong> 225 kr. for 3 l\u00f8b.<br><br>Betaling er via bankoverf\u00f8rsel. <br><strong>Husk at tilf\u00f8je \"Fornavn-Hundens navn\" <\/strong>som tekst p\u00e5 overf\u00f8rslen, f.eks. \"Mark-Fiddo\".<br>Reg. nr.: 9570 - Konto nr.: 13457085<\/p>\n<h3 style=\"margin-bottom: -30px\">F\u00f8rer<\/h3><\/div><\/div><\/div><div class=\"forminator-row\"><div id=\"name-1\" class=\"forminator-field-name forminator-col forminator-col-6\"><div class=\"forminator-field\"><label for=\"forminator-field-name-1_69fc4bd24cb3f\" id=\"forminator-field-name-1_69fc4bd24cb3f-label\" class=\"forminator-label\">Name <span class=\"forminator-required\">*<\/span><\/label><input type=\"text\" name=\"name-1\" value=\"\" placeholder=\"\" id=\"forminator-field-name-1_69fc4bd24cb3f\" class=\"forminator-input forminator-name--field\" aria-required=\"true\" autocomplete=\"name\" \/><\/div><\/div><div id=\"email-1\" class=\"forminator-field-email forminator-col forminator-col-6\"><div class=\"forminator-field\"><label for=\"forminator-field-email-1_69fc4bd24cb3f\" id=\"forminator-field-email-1_69fc4bd24cb3f-label\" class=\"forminator-label\">Email <span class=\"forminator-required\">*<\/span><\/label><input type=\"email\" name=\"email-1\" value=\"\" placeholder=\"\" id=\"forminator-field-email-1_69fc4bd24cb3f\" class=\"forminator-input forminator-email--field\" data-required=\"1\" aria-required=\"true\" autocomplete=\"email\" \/><\/div><\/div><\/div><div class=\"forminator-row\"><div id=\"html-2\" class=\"forminator-field-html forminator-col forminator-col-12\"><div class=\"forminator-field forminator-merge-tags\" data-field=\"html-2\"><h3 style=\"margin-bottom: -30px\">Hund<\/h3><\/div><\/div><\/div><div class=\"forminator-row\"><div id=\"text-1\" class=\"forminator-field-text forminator-col forminator-col-4\"><div class=\"forminator-field\"><label for=\"forminator-field-text-1_69fc4bd24cb3f\" id=\"forminator-field-text-1_69fc4bd24cb3f-label\" class=\"forminator-label\">Hundens navn <span class=\"forminator-required\">*<\/span><\/label><input type=\"text\" name=\"text-1\" value=\"\" placeholder=\"\" id=\"forminator-field-text-1_69fc4bd24cb3f\" class=\"forminator-input forminator-name--field\" data-required=\"1\" \/><\/div><\/div><div id=\"select-2\" class=\"forminator-field-select forminator-col forminator-col-4\"><div class=\"forminator-field\"><label for=\"forminator-form-720__field--select-2_69fc4bd24cb3f\" id=\"forminator-form-720__field--select-2_69fc4bd24cb3f-label\" class=\"forminator-label\">St\u00f8rrelse <span class=\"forminator-required\">*<\/span><\/label><select  id=\"forminator-form-720__field--select-2_69fc4bd24cb3f\" class=\"forminator-select--field forminator-select2 forminator-select2-multiple\" data-required=\"1\" name=\"select-2\" data-default-value=\"\" data-hidden-behavior=\"zero\" data-placeholder=\"V\u00e6lg st\u00f8rrelse\" data-search=\"false\" data-search-placeholder=\"V\u00e6lg st\u00f8rrelse\" data-checkbox=\"false\" data-allow-clear=\"false\" aria-labelledby=\"forminator-form-720__field--select-2_69fc4bd24cb3f-label\"><option value=\"\"  >V\u00e6lg st\u00f8rrelse<\/option><option value=\"Small\"  data-calculation=\"0\">Small (Op til 35 cm)<\/option><option value=\"Medium\"  data-calculation=\"0\">Medium (35-43 cm)<\/option><option value=\"Intermediate\"  data-calculation=\"0\">Intermediate (43-48 cm)<\/option><option value=\"Large\"  data-calculation=\"0\">Large (&gt; 48 cm)<\/option><\/select><\/div><\/div><div id=\"date-1\" class=\"forminator-field-date forminator-col forminator-col-4\"><div class=\"forminator-field\"><label for=\"forminator-field-date-1-picker_69fc4bd24cb3f\" id=\"forminator-field-date-1-picker_69fc4bd24cb3f-label\" class=\"forminator-label\">F\u00f8dselsdag <span class=\"forminator-required\">*<\/span><\/label><div class=\"forminator-input-with-icon\"><span class=\"forminator-icon-calendar\" aria-hidden=\"true\"><\/span><input autocomplete=\"off\" type=\"text\" size=\"1\" name=\"date-1\" value=\"09\/03\/2024\" placeholder=\"Choose Date\" id=\"forminator-field-date-1-picker_69fc4bd24cb3f\" class=\"forminator-input forminator-datepicker\" data-required=\"1\" data-format=\"dd\/mm\/yy\" data-restrict-type=\"\" data-restrict=\"\" data-start-year=\"1926\" data-end-year=\"2024\" data-past-dates=\"enable\" data-start-of-week=\"1\" data-start-date=\"\" data-end-date=\"03\/09\/2024\" data-start-field=\"\" data-end-field=\"\" data-start-offset=\"\" data-end-offset=\"\" data-disable-date=\"\" data-disable-range=\"\" \/><\/div><\/div><\/div><\/div><div class=\"forminator-row\"><div id=\"consent-1\" class=\"forminator-field-consent forminator-col forminator-col-12\"><div class=\"forminator-field\"><label for=\"forminator-field-consent-1_69fc4bd24cb3f\" id=\"forminator-field-consent-1_69fc4bd24cb3f-label\" class=\"forminator-label\">Samtykke <span class=\"forminator-required\">*<\/span><\/label><div class=\"forminator-checkbox__wrapper\"><label id=\"forminator-field-consent-1_69fc4bd24cb3f__label\" class=\"forminator-checkbox forminator-consent\"><input type=\"checkbox\" name=\"consent-1\" id=\"forminator-field-consent-1_69fc4bd24cb3f\" value=\"checked\" aria-labelledby=\"forminator-field-consent-1_69fc4bd24cb3f-label\" aria-describedby=\"forminator-field-consent-1_69fc4bd24cb3f__description\" data-required=\"true\" aria-required=\"true\" \/><span class=\"forminator-checkbox-box\" aria-hidden=\"true\"><\/span><\/label><div id=\"forminator-field-consent-1_69fc4bd24cb3f__description\" class=\"forminator-checkbox__label forminator-consent__label\"><p style=\"margin-top:0\">Ja, jeg acceptere <a rel=\"noopener\" target=\"_blank\" href=\"https:\/\/agilicon.dk\/en\/privacy-policy\/\">privatlivspolitikken<\/a>, samt at mit navn og anden relevant data vil fremg\u00e5 p\u00e5 offentligt tilg\u00e6ngelige tilmeldingslister og resultatsystemer<\/p><\/div><\/div><\/div><\/div><\/div><input type=\"hidden\" name=\"referer_url\" value=\"\" \/><div class=\"forminator-row forminator-row-last\"><div class=\"forminator-col\"><div class=\"forminator-field\"><button class=\"forminator-button forminator-button-submit\"><span>Send<\/span><span aria-hidden=\"true\"><\/span><\/button><\/div><\/div><\/div><input type=\"hidden\" id=\"forminator_nonce\" name=\"forminator_nonce\" value=\"55e56273c4\" \/><input type=\"hidden\" name=\"_wp_http_referer\" value=\"\/en\/wp-json\/wp\/v2\/pages\/710\" \/><input type=\"hidden\" name=\"form_id\" value=\"720\"><input type=\"hidden\" name=\"page_id\" value=\"710\"><input type=\"hidden\" name=\"form_type\" value=\"default\"><input type=\"hidden\" name=\"current_url\" value=\"https:\/\/agilicon.dk\/en\/aftenstaevne-rising-star\/\"><input type=\"hidden\" name=\"render_id\" value=\"0\"><input type=\"hidden\" name=\"action\" value=\"forminator_submit_form_custom-forms\"><label for=\"input_11\" class=\"forminator-hidden\" aria-hidden=\"true\">Please do not fill in this field. <input id=\"input_11\" type=\"text\" name=\"input_11\" value=\"\" autocomplete=\"off\"><\/label><input type=\"hidden\" name=\"trp-form-language\" value=\"en\"\/><\/form><\/div><\/div>\n<\/section>","protected":false},"excerpt":{"rendered":"<p>Aftenst\u00e6vne Rising Star AGILICON St\u00e6vne for Begyndere\u00a0\u2b50 Kom og v\u00e6r med til AGILICON\u2019s st\u00e6vne Rising Star, skr\u00e6ddersyet til hunde og f\u00f8rere p\u00e5 klasse 0-niveau! Vi skaber rammerne for masser af succes, med baner der er til at l\u00f8se \u2013 og som samtidig giver mulighed for at skinne som det Stjerneskud i er! TIlmelding &#038; Startlister [&hellip;]<\/p>\n","protected":false},"author":5,"featured_media":0,"parent":0,"menu_order":0,"comment_status":"closed","ping_status":"closed","template":"","meta":{"nf_dc_page":"","_breakdance_hide_in_design_set":false,"_breakdance_tags":"","footnotes":""},"class_list":["post-710","page","type-page","status-publish","hentry"],"_links":{"self":[{"href":"https:\/\/agilicon.dk\/en\/wp-json\/wp\/v2\/pages\/710","targetHints":{"allow":["GET"]}}],"collection":[{"href":"https:\/\/agilicon.dk\/en\/wp-json\/wp\/v2\/pages"}],"about":[{"href":"https:\/\/agilicon.dk\/en\/wp-json\/wp\/v2\/types\/page"}],"author":[{"embeddable":true,"href":"https:\/\/agilicon.dk\/en\/wp-json\/wp\/v2\/users\/5"}],"replies":[{"embeddable":true,"href":"https:\/\/agilicon.dk\/en\/wp-json\/wp\/v2\/comments?post=710"}],"version-history":[{"count":20,"href":"https:\/\/agilicon.dk\/en\/wp-json\/wp\/v2\/pages\/710\/revisions"}],"predecessor-version":[{"id":768,"href":"https:\/\/agilicon.dk\/en\/wp-json\/wp\/v2\/pages\/710\/revisions\/768"}],"wp:attachment":[{"href":"https:\/\/agilicon.dk\/en\/wp-json\/wp\/v2\/media?parent=710"}],"curies":[{"name":"wp","href":"https:\/\/api.w.org\/{rel}","templated":true}]}}