{"id":753,"date":"2025-08-26T20:24:09","date_gmt":"2025-08-26T18:24:09","guid":{"rendered":"https:\/\/agilicon.dk\/?page_id=753"},"modified":"2026-01-12T20:39:59","modified_gmt":"2026-01-12T19:39:59","slug":"frost","status":"publish","type":"page","link":"https:\/\/agilicon.dk\/en\/frost\/","title":{"rendered":"Frost &amp; Fury Open"},"content":{"rendered":"<section class=\"bde-section-753-100 bde-section\">\n  \n  \n\t\n\n\n\n<div class=\"section-container\"><div class=\"bde-columns-753-101 bde-columns\"><div class=\"bde-column-753-102 bde-column\">\n  \n  \n\t\n\n\n\n<h4 class=\"bde-heading-753-103 bde-heading\">\nJudges' Playground, Handlers' Paradise\n<\/h4><h1 class=\"bde-heading-753-104 bde-heading\">\nFrost & Fury Open\n<\/h1>\n<\/div><div class=\"bde-column-753-107 bde-column\">\n              \n  \n  \n\t\n\n  <div class=\"section-background-overlay\"><\/div>\n\n\n<div class=\"bde-image-753-108 bde-image\">\n<figure class=\"breakdance-image breakdance-image--755\">\n\t<div class=\"breakdance-image-container\">\n\t\t<div class=\"breakdance-image-clip\"><img loading=\"lazy\" decoding=\"async\" class=\"breakdance-image-object\" src=\"https:\/\/agilicon.dk\/wp-content\/uploads\/2025\/08\/frost-fury-e1756233003161.jpg\" width=\"2048\" height=\"1553\" srcset=\"https:\/\/agilicon.dk\/wp-content\/uploads\/2025\/08\/frost-fury-e1756233003161.jpg 2048w, https:\/\/agilicon.dk\/wp-content\/uploads\/2025\/08\/frost-fury-e1756233003161-300x227.jpg 300w, https:\/\/agilicon.dk\/wp-content\/uploads\/2025\/08\/frost-fury-e1756233003161-1024x777.jpg 1024w, https:\/\/agilicon.dk\/wp-content\/uploads\/2025\/08\/frost-fury-e1756233003161-768x582.jpg 768w, https:\/\/agilicon.dk\/wp-content\/uploads\/2025\/08\/frost-fury-e1756233003161-1536x1165.jpg 1536w, https:\/\/agilicon.dk\/wp-content\/uploads\/2025\/08\/frost-fury-e1756233003161-16x12.jpg 16w, https:\/\/agilicon.dk\/wp-content\/uploads\/2025\/08\/frost-fury-e1756233003161-1320x1001.jpg 1320w\" sizes=\"auto, (max-width: 2048px) 100vw, 2048px\"><\/div>\n\t<\/div><\/figure>\n\n<\/div>\n<\/div><\/div><\/div>\n<\/section><section class=\"bde-section-753-122 bde-section\">\n  \n  \n\t\n\n\n\n<div class=\"section-container\"><h2 class=\"bde-heading-753-123 bde-heading\">\nEverything you need to know\n<\/h2><div class=\"bde-columns-753-124 bde-columns\"><div class=\"bde-column-753-125 bde-column\">\n  \n  \n\t\n\n\n\n<div class=\"bde-icon-753-126 bde-icon\">\n\n    \n            <div class=\"bde-icon-icon breakdance-icon-atom\" >\n    \n                    <svg xmlns=\"http:\/\/www.w3.org\/2000\/svg\" viewbox=\"0 0 320 512\"><!--! Font Awesome Free 6.5.1 by @fontawesome - https:\/\/fontawesome.com License - https:\/\/fontawesome.com\/license\/free (Icons: CC BY 4.0, Fonts: SIL OFL 1.1, Code: MIT License) Copyright 2023 Fonticons, Inc. --><path d=\"M80 160c0-35.3 28.7-64 64-64h32c35.3 0 64 28.7 64 64v3.6c0 21.8-11.1 42.1-29.4 53.8l-42.2 27.1c-25.2 16.2-40.4 44.1-40.4 74V320c0 17.7 14.3 32 32 32s32-14.3 32-32v-1.4c0-8.2 4.2-15.8 11-20.2l42.2-27.1c36.6-23.6 58.8-64.1 58.8-107.7V160c0-70.7-57.3-128-128-128H144C73.3 32 16 89.3 16 160c0 17.7 14.3 32 32 32s32-14.3 32-32zm80 320a40 40 0 1 0 0-80 40 40 0 1 0 0 80z\"\/><\/svg>\n        \n        \n        \n            <\/div>\n    \n\n\n<\/div>\n<\/div><div class=\"bde-column-753-127 bde-column\">\n  \n  \n\t\n\n\n\n<div class=\"bde-icon-box-753-133 bde-icon-box bde-preset-8278108d-a4c5-4ac3-b7ac-f05c8c66a4b6\">\n\n    \n            <div class=\"ee-iconbox-icon breakdance-icon-atom\" >\n    \n                    <svg xmlns=\"http:\/\/www.w3.org\/2000\/svg\" viewbox=\"0 0 320 512\"><!--! Font Awesome Free 6.5.1 by @fontawesome - https:\/\/fontawesome.com License - https:\/\/fontawesome.com\/license\/free (Icons: CC BY 4.0, Fonts: SIL OFL 1.1, Code: MIT License) Copyright 2023 Fonticons, Inc. --><path d=\"M112 48a48 48 0 1 1 96 0 48 48 0 1 1 -96 0zm40 304V480c0 17.7-14.3 32-32 32s-32-14.3-32-32V256.9L59.4 304.5c-9.1 15.1-28.8 20-43.9 10.9s-20-28.8-10.9-43.9l58.3-97c17.4-28.9 48.6-46.6 82.3-46.6h29.7c33.7 0 64.9 17.7 82.3 46.6l58.3 97c9.1 15.1 4.2 34.8-10.9 43.9s-34.8 4.2-43.9-10.9L232 256.9V480c0 17.7-14.3 32-32 32s-32-14.3-32-32V352H152z\"\/><\/svg>\n        \n        \n        \n            <\/div>\n    \n\n<div class=\"ee-iconbox-content\">\n      <p class=\"ee-iconbox-title bde-h3\" >Judges<\/p>\n        <div class=\"ee-iconbox-text\" >Ana Beltan Bustamante<br\/>Kine Eimhjellen<br\/>Gert Bruus<br\/>Anne Linn Johannessen Moen<\/div>\n    <\/div>\n\n<\/div><div class=\"bde-icon-box-753-130 bde-icon-box bde-preset-8278108d-a4c5-4ac3-b7ac-f05c8c66a4b6\">\n\n    \n            <div class=\"ee-iconbox-icon breakdance-icon-atom\" >\n    \n                    <svg xmlns=\"http:\/\/www.w3.org\/2000\/svg\" id=\"icon-stats-bars\" viewbox=\"0 0 32 32\">\n<path d=\"M0 26h32v4h-32zM4 18h4v6h-4zM10 10h4v14h-4zM16 16h4v8h-4zM22 4h4v20h-4z\"\/>\n<\/svg>\n        \n        \n        \n            <\/div>\n    \n\n<div class=\"ee-iconbox-content\">\n      <p class=\"ee-iconbox-title bde-h3\" >Niveau<\/p>\n        <div class=\"ee-iconbox-text\" >Klasse 1-2-3<\/div>\n    <\/div>\n\n<\/div>\n<\/div><div class=\"bde-column-753-131 bde-column\">\n  \n  \n\t\n\n\n\n<div class=\"bde-icon-box-753-128 bde-icon-box bde-preset-8278108d-a4c5-4ac3-b7ac-f05c8c66a4b6\">\n\n    \n            <div class=\"ee-iconbox-icon breakdance-icon-atom\" >\n    \n                    <svg xmlns=\"http:\/\/www.w3.org\/2000\/svg\" id=\"icon-calendar\" viewbox=\"0 0 32 32\">\n<path d=\"M10 12h4v4h-4zM16 12h4v4h-4zM22 12h4v4h-4zM4 24h4v4h-4zM10 24h4v4h-4zM16 24h4v4h-4zM10 18h4v4h-4zM16 18h4v4h-4zM22 18h4v4h-4zM4 18h4v4h-4zM26 0v2h-4v-2h-14v2h-4v-2h-4v32h30v-32h-4zM28 30h-26v-22h26v22z\"\/>\n<\/svg>\n        \n        \n        \n            <\/div>\n    \n\n<div class=\"ee-iconbox-content\">\n      <p class=\"ee-iconbox-title bde-h3\" >Date<\/p>\n        <div class=\"ee-iconbox-text\" >13.-15. November 2026<\/div>\n    <\/div>\n\n<\/div><div class=\"bde-icon-box-753-129 bde-icon-box bde-preset-8278108d-a4c5-4ac3-b7ac-f05c8c66a4b6\">\n\n    \n            <div class=\"ee-iconbox-icon breakdance-icon-atom\" >\n    \n                    <svg xmlns=\"http:\/\/www.w3.org\/2000\/svg\" viewbox=\"0 0 384 512\"><!--! Font Awesome Free 6.5.1 by @fontawesome - https:\/\/fontawesome.com License - https:\/\/fontawesome.com\/license\/free (Icons: CC BY 4.0, Fonts: SIL OFL 1.1, Code: MIT License) Copyright 2023 Fonticons, Inc. --><path d=\"M215.7 499.2C267 435 384 279.4 384 192C384 86 298 0 192 0S0 86 0 192c0 87.4 117 243 168.3 307.2c12.3 15.3 35.1 15.3 47.4 0zM192 128a64 64 0 1 1 0 128 64 64 0 1 1 0-128z\"\/><\/svg>\n        \n        \n        \n            <\/div>\n    \n\n<div class=\"ee-iconbox-content\">\n      <p class=\"ee-iconbox-title bde-h3\" >Location<\/p>\n        <div class=\"ee-iconbox-text\" >Hund360 <br>Vipper\u00f8dvej 43, hal 3 <br>4390 Vipper\u00f8d<\/div>\n    <\/div>\n\n<\/div>\n<\/div><\/div><\/div>\n<\/section><section class=\"bde-section-753-143 bde-section\">\n  \n  \n\t\n\n\n\n<div class=\"section-container\"><h1 class=\"bde-heading-753-144 bde-heading\">\nFrost & Fury Open\n<\/h1><h1 class=\"bde-heading-753-145 bde-heading\">\nJudges' Playground, Handlers' Paradise\n<\/h1><div class=\"bde-text-753-146 bde-text\">\nWelcome to <b>Frost & Fury Open<\/b> \u2013 an agility competition that sets new standards for excitement and challenge. Over three intense days, we invite you to experience some of the world's best judges and course designers bringing their creativity to life on the field.<br><br>Here, it's all about <b>precision<\/b>, <b>speed<\/b> and <b>cooperation<\/b> world-class.<br>\n<\/div><h1 class=\"bde-heading-753-147 bde-heading\">\nJudges' Playground\n<\/h1><div class=\"bde-text-753-148 bde-text\">\n<b>Frost & Fury Open<\/b> is the judges' playground, where their expertise and creativity come to life. Course design is the focal point, and you will witness how the world's best judges combine technically demanding sections with flowing lines that test both the handler's overview and the dog's teamwork.<br><br> Despite the creative challenges, <b>quality<\/b> and <b>safety<\/b> remain paramount. The courses are built on top-quality surfaces and with state-of-the-art obstacles to ensure that the competition is both exciting and safe.\n<\/div><h1 class=\"bde-heading-753-149 bde-heading\">\nHandlers' Paradise\n<\/h1><div class=\"bde-text-753-150 bde-text\">\n<b>Frost & Fury Open<\/b> is more than just a competition \u2013 it is a dream for every handler. With some of the world's most respected judges behind the course design, participants get a unique opportunity to take on challenges that push them to their limits and provide the feeling of competing at the highest level. <br><br>Here, you will find the perfect combination of <b>world-class course design<\/b> and an atmosphere where both the joy of competition and respect for the sport are central.<br>\n<\/div><h1 class=\"bde-heading-753-151 bde-heading\">\nWhat to Expect?\n<\/h1><ul class=\"bde-basic-list-753-152 bde-basic-list\">\n  <li  >    \n          <b>Open runs with a final<\/b><br>Saturday evening culminates in a nerve-wracking final, where only the sharpest teams will stand on top.\n      <\/li>\n  <li  >    \n          <b>Klassel\u00f8b<\/b><br>Fredag, l\u00f8rdag og s\u00f8ndag er der ogs\u00e5 klasse 2 og 3. i de FCI godkendte st\u00f8rrelser.\n      <\/li>\n  <li  >    \n          <b>Unique level<\/b><br>Frost &amp; Fury Open is not for the faint-hearted. The courses are designed to test you at the highest level \u2013 and only the very best will triumph.\n      <\/li>\n  <li  >    \n          <b>Indoor Arena \u2013 The Winter Challenge<\/b><br>Although we compete indoors, it will be cold. So, dress warmly and be ready to give it your all when it's your turn. On the course, you will definitely warm up as the adrenaline kicks in!\n      <\/li>\n<\/ul><h1 class=\"bde-heading-753-157 bde-heading\">\nWhich runs?\n<\/h1><ul class=\"bde-basic-list-753-158 bde-basic-list\">\n  <li  >    \n          <b>Friday and Saturday:<\/b><br>1 agility \u00e5ben- og 1 spring \u00e5ben pr. dag. Konkurrencen afsluttes l\u00f8rdag med en sp\u00e6ndende finale for de kvalificerede via de \u00e5bne klasser.<br>1 x Agility klasse 2 og 3. 1 x Spring klasse 2 og 3.\n      <\/li>\n  <li  >    \n          <b>Sunday:<\/b><br>2 x Agility klasse 2 og 3. 2 x Spring klasse 2 og 3.\n      <\/li>\n<\/ul><h1 class=\"bde-heading-753-159 bde-heading\">\nSizes\n<\/h1><ul class=\"bde-basic-list-753-160 bde-basic-list\">\n  <li  >    \n          X-Small (kun muligt i de \u00e5bne klasser)\n      <\/li>\n  <li  >    \n          Small\n      <\/li>\n  <li  >    \n          Medium\n      <\/li>\n  <li  >    \n          Intermediate\n      <\/li>\n  <li  >    \n          Large\n      <\/li>\n<\/ul><h1 class=\"bde-heading-753-161 bde-heading\">\nQuality and Safety\n<\/h1><div class=\"bde-text-753-162 bde-text\">\nAt <b>Frost & Fury Open<\/b> we do not compromise on quality:\n<\/div><ul class=\"bde-basic-list-753-163 bde-basic-list\">\n  <li  >    \n          <b>JUTA Artificial Turf<\/b> \u2013 for optimal surface control.\n      <\/li>\n  <li  >    \n          <b>Galican Soft Contacts<\/b> \u2013 for safety and comfort.\n      <\/li>\n  <li  >    \n          <b>Bing Jumps<\/b> \u2013 ensuring precision and reliability.\n      <\/li>\n  <li  >    \n          <b>DLDogs Tunnels<\/b> \u2013 high quality and durability, even under intense runs.\n      <\/li>\n<\/ul><h1 class=\"bde-heading-753-164 bde-heading\">\nAre You Ready for the Challenge?\n<\/h1><div class=\"bde-text-753-165 bde-text\">\n<b>Frost & Fury Open<\/b> is for those who want to test themselves on the world stage of agility. The bar is set high \u2013 do you dare to take the leap? We look forward to seeing you in the arena!\n<\/div><\/div>\n<\/section><section class=\"bde-section-753-174 bde-section\">\n  \n  \n\t\n\n\n\n<div class=\"section-container\"><h1 class=\"bde-heading-753-175 bde-heading\">\nRegler og info\n<\/h1><h1 class=\"bde-heading-753-176 bde-heading\">\nRequirements for participation\n<\/h1><ul class=\"bde-basic-list-753-177 bde-basic-list\">\n  <li  >    \n          The dog must be 18 months old.\n      <\/li>\n  <li  >    \n          The dog must be microchipped or have a tattoo and a valid rabies vaccine.\n      <\/li>\n<\/ul><h1 class=\"bde-heading-753-178 bde-heading\">\nThe competition\n<\/h1><div class=\"bde-icon-list-753-179 bde-icon-list\">\n<ul>\n  \n              \n    <li>\n              <div class='bde-icon-list__item-wrapper'>\n      \n      <span class='bde-icon-list__icon' aria-hidden='true'>\n        <svg xmlns=\"http:\/\/www.w3.org\/2000\/svg\" id=\"icon-pencil\" viewbox=\"0 0 32 32\">\n<path d=\"M27 0c2.761 0 5 2.239 5 5 0 1.126-0.372 2.164-1 3l-2 2-7-7 2-2c0.836-0.628 1.874-1 3-1zM2 23l-2 9 9-2 18.5-18.5-7-7-18.5 18.5zM22.362 11.362l-14 14-1.724-1.724 14-14 1.724 1.724z\"\/>\n<\/svg>\n      <\/span>\n      <span class='bde-icon-list__text' >\n      Registration will be done on the <a href=\"https:\/\/agilityevents.dk\/event\/c155aea5-ec34-4527-07cd-08dd372d9aa4\">agilityevents.dk<\/a>.\n      <\/span>\n              <\/div>\n      \n    <\/li>\n\n  \n              \n    <li>\n              <div class='bde-icon-list__item-wrapper'>\n      \n      <span class='bde-icon-list__icon' aria-hidden='true'>\n        <svg xmlns=\"http:\/\/www.w3.org\/2000\/svg\" viewbox=\"0 0 512 512\"><!--! Font Awesome Free 6.5.1 by @fontawesome - https:\/\/fontawesome.com License - https:\/\/fontawesome.com\/license\/free (Icons: CC BY 4.0, Fonts: SIL OFL 1.1, Code: MIT License) Copyright 2023 Fonticons, Inc. --><path d=\"M256 0a256 256 0 1 1 0 512A256 256 0 1 1 256 0zM232 120V256c0 8 4 15.5 10.7 20l96 64c11 7.4 25.9 4.4 33.3-6.7s4.4-25.9-6.7-33.3L280 243.2V120c0-13.3-10.7-24-24-24s-24 10.7-24 24z\"\/><\/svg>\n      <\/span>\n      <span class='bde-icon-list__text' >\n      The schedule will be posted on the website one week before the event. If you are unable to attend, please let us know as soon as possible.\n      <\/span>\n              <\/div>\n      \n    <\/li>\n\n  \n              \n    <li>\n              <div class='bde-icon-list__item-wrapper'>\n      \n      <span class='bde-icon-list__icon' aria-hidden='true'>\n        <svg xmlns=\"http:\/\/www.w3.org\/2000\/svg\" viewbox=\"0 0 576 512\"><!--! Font Awesome Free 6.5.1 by @fontawesome - https:\/\/fontawesome.com License - https:\/\/fontawesome.com\/license\/free (Icons: CC BY 4.0, Fonts: SIL OFL 1.1, Code: MIT License) Copyright 2023 Fonticons, Inc. --><path d=\"M309.6 158.5L332.7 19.8C334.6 8.4 344.5 0 356.1 0c7.5 0 14.5 3.5 19 9.5L392 32h52.1c12.7 0 24.9 5.1 33.9 14.1L496 64h56c13.3 0 24 10.7 24 24v24c0 44.2-35.8 80-80 80H464 448 426.7l-5.1 30.5-112-64zM416 256.1L416 480c0 17.7-14.3 32-32 32H352c-17.7 0-32-14.3-32-32V364.8c-24 12.3-51.2 19.2-80 19.2s-56-6.9-80-19.2V480c0 17.7-14.3 32-32 32H96c-17.7 0-32-14.3-32-32V249.8c-28.8-10.9-51.4-35.3-59.2-66.5L1 167.8c-4.3-17.1 6.1-34.5 23.3-38.8s34.5 6.1 38.8 23.3l3.9 15.5C70.5 182 83.3 192 98 192h30 16H303.8L416 256.1zM464 80a16 16 0 1 0 -32 0 16 16 0 1 0 32 0z\"\/><\/svg>\n      <\/span>\n      <span class='bde-icon-list__text' >\n      Bitches in heat will keep their starting order. In general, please consider male dogs to the extent possible.\n      <\/span>\n              <\/div>\n      \n    <\/li>\n\n  \n              \n    <li>\n              <div class='bde-icon-list__item-wrapper'>\n      \n      <span class='bde-icon-list__icon' aria-hidden='true'>\n        <svg xmlns=\"http:\/\/www.w3.org\/2000\/svg\" viewbox=\"0 0 512 512\"><!--! Font Awesome Free 6.5.1 by @fontawesome - https:\/\/fontawesome.com License - https:\/\/fontawesome.com\/license\/free (Icons: CC BY 4.0, Fonts: SIL OFL 1.1, Code: MIT License) Copyright 2023 Fonticons, Inc. --><path d=\"M159.7 237.4C108.4 308.3 43.1 348.2 14 326.6-15.2 304.9 2.8 230 54.2 159.1c51.3-70.9 116.6-110.8 145.7-89.2 29.1 21.6 11.1 96.6-40.2 167.5zm351.2-57.3C437.1 303.5 319 367.8 246.4 323.7c-25-15.2-41.3-41.2-49-73.8-33.6 64.8-92.8 113.8-164.1 133.2 49.8 59.3 124.1 96.9 207 96.9 150 0 271.6-123.1 271.6-274.9.1-8.5-.3-16.8-1-25z\"\/><\/svg>\n      <\/span>\n      <span class='bde-icon-list__text' >\n      Upon presentation of a veterinary certificate, it is permitted to run with bandages on wolf and wild boar claws.\n      <\/span>\n              <\/div>\n      \n    <\/li>\n\n  \n              \n    <li>\n              <div class='bde-icon-list__item-wrapper'>\n      \n      <span class='bde-icon-list__icon' aria-hidden='true'>\n        <svg xmlns=\"http:\/\/www.w3.org\/2000\/svg\" viewbox=\"0 0 448 512\"><!--! Font Awesome Free 6.5.1 by @fontawesome - https:\/\/fontawesome.com License - https:\/\/fontawesome.com\/license\/free (Icons: CC BY 4.0, Fonts: SIL OFL 1.1, Code: MIT License) Copyright 2023 Fonticons, Inc. --><path d=\"M256 80c0-17.7-14.3-32-32-32s-32 14.3-32 32V224H48c-17.7 0-32 14.3-32 32s14.3 32 32 32H192V432c0 17.7 14.3 32 32 32s32-14.3 32-32V288H400c17.7 0 32-14.3 32-32s-14.3-32-32-32H256V80z\"\/><\/svg>\n      <\/span>\n      <span class='bde-icon-list__text' >\n      If you have to run with two dogs at the same time in separate rings, you must contact the sender yourself to be moved.\n      <\/span>\n              <\/div>\n      \n    <\/li>\n\n  \n              \n    <li>\n              <div class='bde-icon-list__item-wrapper'>\n      \n      <span class='bde-icon-list__icon' aria-hidden='true'>\n        <svg xmlns=\"http:\/\/www.w3.org\/2000\/svg\" viewbox=\"0 0 512 512\"><!--! Font Awesome Free 6.5.1 by @fontawesome - https:\/\/fontawesome.com License - https:\/\/fontawesome.com\/license\/free (Icons: CC BY 4.0, Fonts: SIL OFL 1.1, Code: MIT License) Copyright 2023 Fonticons, Inc. --><path d=\"M4.1 38.2C1.4 34.2 0 29.4 0 24.6C0 11 11 0 24.6 0H133.9c11.2 0 21.7 5.9 27.4 15.5l68.5 114.1c-48.2 6.1-91.3 28.6-123.4 61.9L4.1 38.2zm503.7 0L405.6 191.5c-32.1-33.3-75.2-55.8-123.4-61.9L350.7 15.5C356.5 5.9 366.9 0 378.1 0H487.4C501 0 512 11 512 24.6c0 4.8-1.4 9.6-4.1 13.6zM80 336a176 176 0 1 1 352 0A176 176 0 1 1 80 336zm184.4-94.9c-3.4-7-13.3-7-16.8 0l-22.4 45.4c-1.4 2.8-4 4.7-7 5.1L168 298.9c-7.7 1.1-10.7 10.5-5.2 16l36.3 35.4c2.2 2.2 3.2 5.2 2.7 8.3l-8.6 49.9c-1.3 7.6 6.7 13.5 13.6 9.9l44.8-23.6c2.7-1.4 6-1.4 8.7 0l44.8 23.6c6.9 3.6 14.9-2.2 13.6-9.9l-8.6-49.9c-.5-3 .5-6.1 2.7-8.3l36.3-35.4c5.6-5.4 2.5-14.8-5.2-16l-50.1-7.3c-3-.4-5.7-2.4-7-5.1l-22.4-45.4z\"\/><\/svg>\n      <\/span>\n      <span class='bde-icon-list__text' >\n      I de fire individuelle l\u00f8b pr\u00e6mieres de tre bedste i hver st\u00f8rrelse. I finalen pr\u00e6meries de tre bedste i hver st\u00f8rrelse.<br>\n      <\/span>\n              <\/div>\n      \n    <\/li>\n\n  <\/ul>\n\n<\/div><h1 class=\"bde-heading-753-180 bde-heading\">\nThe Arena\n<\/h1><div class=\"bde-text-753-181 bde-text\">\nThe arena is unheated.<br>The arena is locked at night, so you can leave your things if you wish.<br>Due to space constraints, dogs are only allowed in the arena when they need to run.<br><br>Only clean indoor shoes are used on the artificial turf.<br>There will be a small warm-up area, which is only allowed to be used by dogs participating in the competition.<br>It will be possible to purchase a light, hot lunch.<br>\n<\/div><h1 class=\"bde-heading-753-182 bde-heading\">\nAccommodation\n<\/h1><div class=\"bde-rich-text-753-183 bde-rich-text breakdance-rich-text-styles\">\n<p><a href=\"https:\/\/firstcamp.dk\/destinationer\/tempelkrogen-holbaek\">Tempelkrogen Camping<\/a> - 5 minutes by car from the arena. Also offers cabins.<\/p>\n<p><a href=\"https:\/\/firstcamp.dk\/destinationer\/holbaek-fjord-sjaelland\">Holb\u00e6k Fjord Camping<\/a> - 15 minutes by car from the arena. Also offers cabins.<\/p>\n<p><a href=\"https:\/\/www.scandichotels.dk\/hoteller\/danmark\/roskilde\/scandic-roskilde-park\">Hotel Scandic Roskilde Park<\/a> - 20 minutes by car from the arena.<\/p>\n<\/div><h1 class=\"bde-heading-753-172 bde-heading\">\nfinal\n<\/h1><div class=\"bde-rich-text-753-173 bde-rich-text breakdance-rich-text-styles\">\n<ul data-spread=\"false\">\n<li>\n<p><strong>Kvalifikation til finalen<\/strong> sker i de normale klassel\u00f8b fredag og l\u00f8rdag.<\/p>\n<\/li>\n<li>\n<p><strong>Klasse 3:\u00a0<\/strong>Top 4 kvalificerer sig til finalen.<\/p>\n<\/li>\n<li><strong>Klasse 1-2:<\/strong> Top 1 kvalificerer sig til finalen.<\/li>\n<\/ul>\n<\/div><h1 class=\"bde-heading-753-184 bde-heading\">\nThe fine print... written a little bigger\n<\/h1><div class=\"bde-text-753-185 bde-text\">\nIn the event of cancellation due to an injured dog, the registration fee will only be refunded upon presentation of a veterinary certificate. For foreign participants, this must be in English.<br><br>In the event of injury to the driver, the registration fee will not be refunded.<br><br>If you do not wish to use your registration, you must arrange to reserve the spot yourself. Notification must be given no later than 14 days before the start of the event.\n<\/div><\/div>\n<\/section>","protected":false},"excerpt":{"rendered":"<p>Judges&#8217; Playground, Handlers&#8217; Paradise Frost &#038; Fury Open Alt du skal vide Dommere Ana Beltan BustamanteKine EimhjellenGert BruusAnne Linn Johannessen Moen Niveau Klasse 1-2-3 Dato 13.-15. November 2026 Sted Hund360 Vipper\u00f8dvej 43, hal 3 4390 Vipper\u00f8d Frost &#038; Fury Open Judges&#8217; Playground, Handlers&#8217; Paradise Velkommen til Frost &#038; Fury Open \u2013 en agilitykonkurrence, der s\u00e6tter [&hellip;]<\/p>\n","protected":false},"author":3,"featured_media":0,"parent":0,"menu_order":0,"comment_status":"closed","ping_status":"closed","template":"","meta":{"nf_dc_page":"","_breakdance_hide_in_design_set":false,"_breakdance_tags":"","footnotes":""},"class_list":["post-753","page","type-page","status-publish","hentry"],"_links":{"self":[{"href":"https:\/\/agilicon.dk\/en\/wp-json\/wp\/v2\/pages\/753","targetHints":{"allow":["GET"]}}],"collection":[{"href":"https:\/\/agilicon.dk\/en\/wp-json\/wp\/v2\/pages"}],"about":[{"href":"https:\/\/agilicon.dk\/en\/wp-json\/wp\/v2\/types\/page"}],"author":[{"embeddable":true,"href":"https:\/\/agilicon.dk\/en\/wp-json\/wp\/v2\/users\/3"}],"replies":[{"embeddable":true,"href":"https:\/\/agilicon.dk\/en\/wp-json\/wp\/v2\/comments?post=753"}],"version-history":[{"count":20,"href":"https:\/\/agilicon.dk\/en\/wp-json\/wp\/v2\/pages\/753\/revisions"}],"predecessor-version":[{"id":1050,"href":"https:\/\/agilicon.dk\/en\/wp-json\/wp\/v2\/pages\/753\/revisions\/1050"}],"wp:attachment":[{"href":"https:\/\/agilicon.dk\/en\/wp-json\/wp\/v2\/media?parent=753"}],"curies":[{"name":"wp","href":"https:\/\/api.w.org\/{rel}","templated":true}]}}