{"id":806,"date":"2025-09-14T09:06:06","date_gmt":"2025-09-14T07:06:06","guid":{"rendered":"https:\/\/agilicon.dk\/?page_id=806"},"modified":"2026-04-30T08:34:26","modified_gmt":"2026-04-30T06:34:26","slug":"fds-timing-solutions","status":"publish","type":"page","link":"https:\/\/agilicon.dk\/en\/fds-timing-solutions\/","title":{"rendered":"FDS Timing Solutions"},"content":{"rendered":"<section class=\"bde-section-806-100 bde-section bde-preset-26b77052-fea6-4b05-9401-d7d5f166f5dc\" data-bde-lazy-bg=\"waiting\">\n  \n        \n    \n\t\n\n\n\n<div class=\"section-container\"><img decoding=\"async\" class=\"bde-image2-806-101 bde-image2\" src=\"https:\/\/agilicon.dk\/wp-content\/uploads\/2025\/09\/FDS-White-300x115.png\" loading=\"lazy\" srcset=\"https:\/\/agilicon.dk\/wp-content\/uploads\/2025\/09\/FDS-White-300x115.png 300w, https:\/\/agilicon.dk\/wp-content\/uploads\/2025\/09\/FDS-White-1024x392.png 1024w, https:\/\/agilicon.dk\/wp-content\/uploads\/2025\/09\/FDS-White-768x294.png 768w, https:\/\/agilicon.dk\/wp-content\/uploads\/2025\/09\/FDS-White-1536x588.png 1536w, https:\/\/agilicon.dk\/wp-content\/uploads\/2025\/09\/FDS-White-18x7.png 18w, https:\/\/agilicon.dk\/wp-content\/uploads\/2025\/09\/FDS-White-1320x505.png 1320w\" sizes=\"(max-width: 300px) 100vw, 300px\"><div class=\"bde-text-806-103 bde-text\">\nAgilicon er blevet officiel forhandler af FDS Timing Solution\n<\/div><div class=\"bde-text-806-102 bde-text\">\nFDS-TIMING er en schweizisk virksomhed grundlagt i 2017 med missionen at designe, udvikle og s\u00e6lge h\u00f8jtydende og brugervenlige timingl\u00f8sninger til konkurrencedygtige priser.<br><br>Vi er stolte af at pr\u00e6sentere at vi nu er officiel forhandler af FDS Timing Solution`s l\u00f8sninger. Det betyder at vi kan levere alle de produkter som FDS udvikler. Snart vil du kunne l\u00e6se mere om produkterne her p\u00e5 siden. Hvis du \u00f8nsker at bestille et produkt, er du velkommen til at kontakte os for mere info og priser p\u00e5 l\u00f8sningerne.\n<\/div><h1 class=\"bde-heading-806-104 bde-heading\">\nSystemet\n<\/h1><div class=\"bde-text-806-105 bde-text\">\nFDS-TIMING`s l\u00f8sninger kan tilpasses efter behov. <br>De enkelte produkter s\u00e6ttes sammen til en pakke, der passer netop det behov man har brug for. <br><br>T-box er det centrale i l\u00f8sningen og den der binder l\u00f8sningen sammen. Denne kan kombineres med et have af forskellige sensorer, der leverer start, stop, mellemtid til T-box og hvis du vil, kan du pr\u00e6centere det hele p\u00e5 et af de display`s der ogs\u00e5 kan tilk\u00f8bes til l\u00f8sningen. <br><br>Du bestemmer alts\u00e5 selv om du vil have den forkromede flotte l\u00f8sning eller bare en l\u00f8sning der kan det basale. Dette betyder at l\u00f8sningen prism\u00e6ssigt starter hvor alle kan v\u00e6re med. \n<\/div><h1 class=\"bde-heading-806-106 bde-heading\">\nAgility pakke\n<\/h1><div class=\"bde-text-806-125 bde-text\">\nVi har sammensat en pakke specielt til Agility. Denne d\u00e6kker de mest basale behov hvis kun det bedste er godt nok.\u00a0<br><br>T-BOX, er selve \"hjernen\" i systemet. Det er denne der samler enhederne til et samlet tidsanl\u00e6g. Sensorerne kobler sig tr\u00e5dl\u00f8st op mod boxen og i princippet kan man n\u00f8jes med denne og 2 s\u00e6t porte til start\/slut.\u00a0<br><br>Hvis man gerne vil kunne vise l\u00f8bstider og meget mere til publikum findes der en lang r\u00e6kke forskellige displays man kan v\u00e6lge til dette. Displayet p\u00e5 billedet herunder har b\u00e5de mulighed for tr\u00e5dl\u00f8s og opkobling via serielt kabel.\u00a0<br><br>Systemet kan med det store udvalg af sensorer og udstyr generelt bruges til masser af andre sportsgrene og bliver idag brugt verden over til b\u00e5de agility \/ ridning \/ Rally \/ Skill\u00f8b og meget mere.\u00a0<br><br>Er du interesseret i at h\u00f8re mere, er du velkommen til at sende os en mail for priser \/ yderligere. Skriv til jens@agilicon.dk\n<\/div><div class=\"bde-columns-806-117 bde-columns\"><div class=\"bde-column-806-122 bde-column\">\n  \n  \n\t\n\n\n\n<h1 class=\"bde-heading-806-116 bde-heading\">\nT-Box \/ D-Box\n<\/h1><img decoding=\"async\" class=\"bde-image2-806-112 bde-image2\" src=\"https:\/\/agilicon.dk\/wp-content\/uploads\/2025\/09\/T10019-TBox_V41-3.png\" loading=\"lazy\" srcset=\"https:\/\/agilicon.dk\/wp-content\/uploads\/2025\/09\/T10019-TBox_V41-3.png 500w, https:\/\/agilicon.dk\/wp-content\/uploads\/2025\/09\/T10019-TBox_V41-3-300x300.png 300w, https:\/\/agilicon.dk\/wp-content\/uploads\/2025\/09\/T10019-TBox_V41-3-150x150.png 150w, https:\/\/agilicon.dk\/wp-content\/uploads\/2025\/09\/T10019-TBox_V41-3-12x12.png 12w\" sizes=\"(max-width: 500px) 100vw, 500px\">\n<\/div><div class=\"bde-column-806-123 bde-column\">\n  \n  \n\t\n\n\n\n<h1 class=\"bde-heading-806-115 bde-heading\">\nSensorer\n<\/h1><img decoding=\"async\" class=\"bde-image2-806-114 bde-image2\" src=\"https:\/\/agilicon.dk\/wp-content\/uploads\/2025\/09\/WIRM00-scaled.jpg\" loading=\"lazy\" srcset=\"https:\/\/agilicon.dk\/wp-content\/uploads\/2025\/09\/WIRM00-scaled.jpg 1920w, https:\/\/agilicon.dk\/wp-content\/uploads\/2025\/09\/WIRM00-225x300.jpg 225w, https:\/\/agilicon.dk\/wp-content\/uploads\/2025\/09\/WIRM00-768x1024.jpg 768w, https:\/\/agilicon.dk\/wp-content\/uploads\/2025\/09\/WIRM00-1152x1536.jpg 1152w, https:\/\/agilicon.dk\/wp-content\/uploads\/2025\/09\/WIRM00-1536x2048.jpg 1536w, https:\/\/agilicon.dk\/wp-content\/uploads\/2025\/09\/WIRM00-9x12.jpg 9w\" sizes=\"(max-width: 1920px) 100vw, 1920px\">\n<\/div><div class=\"bde-column-806-124 bde-column\">\n  \n  \n\t\n\n\n\n<h1 class=\"bde-heading-806-121 bde-heading\">\nDisplay\n<\/h1><img decoding=\"async\" class=\"bde-image2-806-113 bde-image2\" src=\"https:\/\/agilicon.dk\/wp-content\/uploads\/2025\/09\/D10257-MLED-3R-01.png\" loading=\"lazy\" srcset=\"https:\/\/agilicon.dk\/wp-content\/uploads\/2025\/09\/D10257-MLED-3R-01.png 500w, https:\/\/agilicon.dk\/wp-content\/uploads\/2025\/09\/D10257-MLED-3R-01-300x300.png 300w, https:\/\/agilicon.dk\/wp-content\/uploads\/2025\/09\/D10257-MLED-3R-01-150x150.png 150w, https:\/\/agilicon.dk\/wp-content\/uploads\/2025\/09\/D10257-MLED-3R-01-12x12.png 12w\" sizes=\"(max-width: 500px) 100vw, 500px\">\n<\/div><\/div><\/div>\n<\/section>","protected":false},"excerpt":{"rendered":"<p>Agilicon er blevet officiel forhandler af FDS Timing Solution FDS-TIMING er en schweizisk virksomhed grundlagt i 2017 med missionen at designe, udvikle og s\u00e6lge h\u00f8jtydende og brugervenlige timingl\u00f8sninger til konkurrencedygtige priser.Vi er stolte af at pr\u00e6sentere at vi nu er officiel forhandler af FDS Timing Solution`s l\u00f8sninger. Det betyder at vi kan levere alle de [&hellip;]<\/p>\n","protected":false},"author":2,"featured_media":0,"parent":0,"menu_order":0,"comment_status":"closed","ping_status":"closed","template":"","meta":{"nf_dc_page":"","_breakdance_hide_in_design_set":false,"_breakdance_tags":"","footnotes":""},"class_list":["post-806","page","type-page","status-publish","hentry"],"_links":{"self":[{"href":"https:\/\/agilicon.dk\/en\/wp-json\/wp\/v2\/pages\/806","targetHints":{"allow":["GET"]}}],"collection":[{"href":"https:\/\/agilicon.dk\/en\/wp-json\/wp\/v2\/pages"}],"about":[{"href":"https:\/\/agilicon.dk\/en\/wp-json\/wp\/v2\/types\/page"}],"author":[{"embeddable":true,"href":"https:\/\/agilicon.dk\/en\/wp-json\/wp\/v2\/users\/2"}],"replies":[{"embeddable":true,"href":"https:\/\/agilicon.dk\/en\/wp-json\/wp\/v2\/comments?post=806"}],"version-history":[{"count":11,"href":"https:\/\/agilicon.dk\/en\/wp-json\/wp\/v2\/pages\/806\/revisions"}],"predecessor-version":[{"id":1282,"href":"https:\/\/agilicon.dk\/en\/wp-json\/wp\/v2\/pages\/806\/revisions\/1282"}],"wp:attachment":[{"href":"https:\/\/agilicon.dk\/en\/wp-json\/wp\/v2\/media?parent=806"}],"curies":[{"name":"wp","href":"https:\/\/api.w.org\/{rel}","templated":true}]}}